{"id":23156,"date":"2025-06-03T17:28:24","date_gmt":"2025-06-03T15:28:24","guid":{"rendered":"https:\/\/www.notermite.net\/products\/termite-treatment\/"},"modified":"2026-03-01T17:38:42","modified_gmt":"2026-03-01T16:38:42","slug":"termite-treatment","status":"publish","type":"product","link":"https:\/\/www.notermite.net\/cz\/products\/termite-treatment\/","title":{"rendered":"O\u0161et\u0159en\u00ed proti termit\u016fm"},"content":{"rendered":"<p><strong><img decoding=\"async\" style=\"margin-right: 12px;\" src=\"https:\/\/www.notermite.net\/wp-content\/uploads\/2026\/02\/Check.svg\" alt=\"\" width=\"18\" height=\"15\" \/>Jedin\u00fdm \u00fa\u010dinn\u00fdm roztokem odstra\u0148uje termiti\u0161t\u011b a p\u0159edch\u00e1z\u00ed jejich napaden\u00ed.<\/strong> Na\u0161e o\u0161et\u0159en\u00ed proti termit\u016fm je speci\u00e1ln\u011b vyvinuto tak, aby zabr\u00e1nilo budouc\u00edmu napaden\u00ed a zlikvidovalo st\u00e1vaj\u00edc\u00ed kolonie termit\u016f. P\u016fsob\u00ed rychle p\u0159i kontaktu a pokra\u010duje v p\u016fsoben\u00ed po ur\u010ditou dobu, p\u0159i\u010dem\u017e vytv\u00e1\u0159\u00ed ochrannou bari\u00e9ru, kter\u00e1 br\u00e1n\u00ed termit\u016fm v po\u0161kozov\u00e1n\u00ed d\u0159eva, konstrukc\u00ed a z\u00e1klad\u016f.<\/p>\n<p><strong><img decoding=\"async\" style=\"margin-right: 12px;\" src=\"https:\/\/www.notermite.net\/wp-content\/uploads\/2026\/02\/Check.svg\" alt=\"\" width=\"18\" height=\"15\" \/>Nej\u00fa\u010dinn\u011bj\u0161\u00ed p\u0159\u00edpravek proti termit\u016fm na trhu.<\/strong> D\u00edky vysoce \u00fa\u010dinn\u00fdm \u00fa\u010dinn\u00fdm l\u00e1tk\u00e1m pronik\u00e1 tento p\u0159\u00edpravek hluboko do d\u0159eva a p\u016fdy a p\u016fsob\u00ed na termity p\u0159\u00edmo u jejich zdroje. Nezab\u00edj\u00ed pouze viditeln\u00e9 termity, ale kontaktem se \u0161\u00ed\u0159\u00ed i uvnit\u0159 kolonie, \u010d\u00edm\u017e zaji\u0161\u0165uje jej\u00ed \u00faplnou likvidaci.<\/p>\n<p><strong><img decoding=\"async\" style=\"margin-right: 12px;\" src=\"https:\/\/www.notermite.net\/wp-content\/uploads\/2026\/02\/Check.svg\" alt=\"\" width=\"18\" height=\"15\" \/>Nejlevn\u011bj\u0161\u00ed dostupn\u00e9 profesion\u00e1ln\u00ed o\u0161et\u0159en\u00ed proti termit\u016fm.<\/strong> Nab\u00edz\u00edme nejv\u00fdhodn\u011bj\u0161\u00ed cenu bez kompromis\u016f v oblasti pevnosti a spolehlivosti. Z\u00edsk\u00e1te v\u00fdsledky huben\u00ed \u0161k\u016fdc\u016f na profesion\u00e1ln\u00ed \u00farovni za zlomek n\u00e1klad\u016f na pron\u00e1jem specializovan\u00fdch deratiza\u010dn\u00edch slu\u017eeb.<\/p>\n<p><strong><img decoding=\"async\" style=\"margin-right: 12px;\" src=\"https:\/\/www.notermite.net\/wp-content\/uploads\/2026\/02\/Check.svg\" alt=\"\" width=\"18\" height=\"15\" \/>Dod\u00e1vka 24 hodin denn\u011b pro nal\u00e9hav\u00e9 p\u0159\u00edpady napaden\u00ed.<\/strong> Zaru\u010dujeme dod\u00e1n\u00ed do 24 hodin, abyste mohli okam\u017eit\u011b reagovat na aktivitu termit\u016f. Rychl\u00e1 akce je nezbytn\u00e1 pro omezen\u00ed \u0161kod na konstrukci a na\u0161e rychl\u00e1 doprava v\u00e1m zajist\u00ed, \u017ee m\u016f\u017eete neprodlen\u011b zah\u00e1jit o\u0161et\u0159en\u00ed.<\/p>\n<p><strong><img decoding=\"async\" style=\"margin-right: 12px;\" src=\"https:\/\/www.notermite.net\/wp-content\/uploads\/2026\/02\/Check.svg\" alt=\"\" width=\"18\" height=\"15\" \/>Z\u00e1ruka vr\u00e1cen\u00ed pen\u011bz pro naprost\u00fd klid.<\/strong> Nab\u00edz\u00edme plnou z\u00e1ruku vr\u00e1cen\u00ed pen\u011bz. Pokud nebudete zcela spokojeni s v\u00fdkonem na\u0161eho o\u0161et\u0159en\u00ed proti termit\u016fm, vr\u00e1t\u00edme v\u00e1m pen\u00edze za n\u00e1kup. Va\u0161e investice je zcela bez rizika.<\/p>\n<p><strong><img decoding=\"async\" style=\"margin-right: 12px;\" src=\"https:\/\/www.notermite.net\/wp-content\/uploads\/2026\/02\/Check.svg\" alt=\"\" width=\"18\" height=\"15\" \/>Dvoj\u00ed \u00fa\u010dinek pro prevenci a eradikaci.<\/strong> A\u0165 u\u017e chr\u00e1n\u00edte nov\u00fd stavebn\u00ed projekt nebo likvidujete aktivn\u00ed zamo\u0159en\u00ed, tento produkt se p\u0159izp\u016fsob\u00ed va\u0161im pot\u0159eb\u00e1m d\u00edky specifick\u00fdm pom\u011br\u016fm \u0159ed\u011bn\u00ed pro preventivn\u00ed nebo l\u00e9\u010debn\u00e9 o\u0161et\u0159en\u00ed.<\/p>\n<p><strong><img decoding=\"async\" style=\"margin-right: 12px;\" src=\"https:\/\/www.notermite.net\/wp-content\/uploads\/2026\/02\/Check.svg\" alt=\"\" width=\"18\" height=\"15\" \/>Dlouhotrvaj\u00edc\u00ed ochrann\u00e1 bari\u00e9ra v p\u016fd\u011b a d\u0159ev\u011b.<\/strong> Po aplikaci vytvo\u0159\u00ed p\u0159\u00edpravek v zemi a uvnit\u0159 d\u0159ev\u011bn\u00fdch konstrukc\u00ed odolnou chemickou bari\u00e9ru, kter\u00e1 zabr\u00e1n\u00ed vniknut\u00ed nebo n\u00e1vratu termit\u016f.<\/p>\n<p><strong><img decoding=\"async\" style=\"margin-right: 12px;\" src=\"https:\/\/www.notermite.net\/wp-content\/uploads\/2026\/02\/Check.svg\" alt=\"\" width=\"18\" height=\"15\" \/>Flexibiln\u00ed zp\u016fsoby aplikace pro ka\u017edou situaci.<\/strong> P\u0159\u00edpravek je vhodn\u00fd k o\u0161et\u0159en\u00ed v\u00fdkop\u016f, hojn\u00e9mu zal\u00e9v\u00e1n\u00ed, post\u0159iku a injekt\u00e1\u017ei do vyvrtan\u00fdch otvor\u016f, lze jej aplikovat na p\u0159\u00edrodn\u00ed p\u016fdu, betonov\u00e9 desky, d\u0159ev\u011bn\u00e9 konstrukce, podlahy z otlu\u010den\u00e9 zeminy a z\u00e1klady.<\/p>\n<p><strong><img decoding=\"async\" style=\"margin-right: 12px;\" src=\"https:\/\/www.notermite.net\/wp-content\/uploads\/2026\/02\/Check.svg\" alt=\"\" width=\"18\" height=\"15\" \/>Vysok\u00e9 pokryt\u00ed s p\u0159esnou kontrolou d\u00e1vkov\u00e1n\u00ed.<\/strong> D\u00edky jasn\u011b definovan\u00fdm pom\u011br\u016fm \u0159ed\u011bn\u00ed a pokyn\u016fm pro o\u0161et\u0159ovan\u00fd povrch m\u016f\u017eete p\u0159esn\u011b vypo\u010d\u00edtat mno\u017estv\u00ed pot\u0159ebn\u00e9 pro v\u00fdkopy, zavla\u017eov\u00e1n\u00ed nebo injek\u010dn\u00ed linky, co\u017e zaji\u0161\u0165uje optim\u00e1ln\u00ed \u00fa\u010dinnost a kontrolu n\u00e1klad\u016f.<\/p>\n<p><strong><img decoding=\"async\" style=\"margin-right: 12px;\" src=\"https:\/\/www.notermite.net\/wp-content\/uploads\/2026\/02\/Check.svg\" alt=\"\" width=\"18\" height=\"15\" \/>Chr\u00e1n\u00ed konstruk\u010dn\u00ed celistvost budov.<\/strong> T\u00edm, \u017ee likviduje termity a zabra\u0148uje jejich op\u011btovn\u00e9mu napaden\u00ed, chr\u00e1n\u00ed d\u0159evo, r\u00e1my, z\u00e1klady a nosn\u00e9 konstrukce a pom\u00e1h\u00e1 prodlou\u017eit \u017eivotnost va\u0161eho majetku.<\/p>\n<h2><strong>Pokyny<\/strong><\/h2>\n<ul>\n<li>Pro preventivn\u00ed pou\u017eit\u00ed z\u0159e\u010fte 1 litr koncentrovan\u00e9ho roztoku ve 49 litrech vody, abyste z\u00edskali 50 litr\u016f p\u0159\u00edpravku p\u0159ipraven\u00e9ho k pou\u017eit\u00ed.<\/li>\n<li>T\u00edmto preventivn\u00edm \u0159ed\u011bn\u00edm m\u016f\u017eete vyplnit 20metrov\u00fd liniov\u00fd p\u0159\u00edkop nebo vydatn\u011b zal\u00edt 10 metr\u016f \u010dtvere\u010dn\u00edch.<\/li>\n<li>Pro likvidaci st\u00e1vaj\u00edc\u00edch termit\u016f z\u0159e\u010fte 1 litr koncentrovan\u00e9ho roztoku v 9 litrech vody, abyste z\u00edskali 10 litr\u016f p\u0159\u00edpravku p\u0159ipraven\u00e9ho k pou\u017eit\u00ed.<\/li>\n<li>T\u00edmto l\u00e9\u010debn\u00fdm \u0159ed\u011bn\u00edm m\u016f\u017eete vyplnit 4metrov\u00fd liniov\u00fd p\u0159\u00edkop nebo vydatn\u011b zal\u00edt 2 metry \u010dtvere\u010dn\u00ed.<\/li>\n<li>Pro aplikaci post\u0159ikem na povrchy nebo p\u0159\u00edmo na termity aplikujte \u010dist\u00fd koncentrovan\u00fd roztok, kter\u00fd pokryje a\u017e 20 metr\u016f \u010dtvere\u010dn\u00edch na litr.<\/li>\n<li>Pro o\u0161et\u0159en\u00ed p\u0159ed stavbou rozet\u0159ete 4 a\u017e 5 litr\u016f z\u0159ed\u011bn\u00e9ho roztoku pomoc\u00ed konve na cel\u00fd povrch budouc\u00ed stavebn\u00ed plochy, v\u010detn\u011b z\u00e1klad\u016f a v\u00fdkop\u016f.<\/li>\n<li>Pro o\u0161et\u0159en\u00ed d\u0159eva a r\u00e1m\u016f po v\u00fdstavb\u011b nast\u0159\u00edkejte z\u0159ed\u011bn\u00fd roztok nebo \u010dist\u00fd roztok po cel\u00e9m povrchu a p\u0159\u00edmo na termity. Termiti si p\u0159\u00edpravek roznesou mezi sebou, \u010d\u00edm\u017e se zajist\u00ed likvidace jedinc\u016f, kte\u0159\u00ed nebyli p\u0159\u00edmo post\u0159\u00edk\u00e1ni, a zamez\u00ed se zbyte\u010dn\u00e9 perforaci oslaben\u00e9ho d\u0159eva.<\/li>\n<li>Pro venkovn\u00ed o\u0161et\u0159en\u00ed p\u016fdy na p\u0159\u00edrodn\u00edm povrchu vykopejte kolem domu u paty zd\u00ed p\u0159\u00edkop o rozm\u011brech 40 x 40 cm a napl\u0148te jej z\u0159ed\u011bn\u00fdm roztokem.<\/li>\n<li>U venkovn\u00edch um\u011bl\u00fdch povrch\u016f vyvrtejte ka\u017ed\u00fdch 15 a\u017e 20 cm svisl\u00e9 otvory, abyste vytvo\u0159ili injek\u010dn\u00ed potrub\u00ed, a do ka\u017ed\u00e9ho otvoru vst\u0159\u00edkn\u011bte 1 litr z\u0159ed\u011bn\u00e9ho roztoku.<\/li>\n<li>U vnit\u0159n\u00edch um\u011bl\u00fdch povrch\u016f vyvrtejte ka\u017ed\u00fdch 15 a\u017e 20 cm svisl\u00e9 otvory, abyste vytvo\u0159ili injek\u010dn\u00ed potrub\u00ed, a do ka\u017ed\u00e9ho otvoru vst\u0159\u00edkn\u011bte 1 litr z\u0159ed\u011bn\u00e9ho roztoku.<\/li>\n<li>U podlah s vytlu\u010denou zeminou rozet\u0159ete pomoc\u00ed konve 4 a\u017e 5 litr\u016f z\u0159ed\u011bn\u00e9ho roztoku rovnom\u011brn\u011b po cel\u00e9 plo\u0161e.<\/li>\n<\/ul>","protected":false},"excerpt":{"rendered":"<p>Eliminates and prevents termite infestations with a single powerful solution. Our termite treatment is specially formulated to both prevent future infestations and eradicate existing termite colonies. It acts quickly on contact and continues working over time, creating a protective barrier that stops termites from damaging wood, structures, and foundations. The most effective termite control formula [&hellip;]<\/p>\n","protected":false},"featured_media":23266,"comment_status":"open","ping_status":"closed","template":"","meta":{"_uag_custom_page_level_css":"","site-sidebar-layout":"default","site-content-layout":"","ast-site-content-layout":"default","site-content-style":"default","site-sidebar-style":"default","ast-global-header-display":"","ast-banner-title-visibility":"","ast-main-header-display":"","ast-hfb-above-header-display":"","ast-hfb-below-header-display":"","ast-hfb-mobile-header-display":"","site-post-title":"","ast-breadcrumbs-content":"","ast-featured-img":"","footer-sml-layout":"","ast-disable-related-posts":"","theme-transparent-header-meta":"default","adv-header-id-meta":"","stick-header-meta":"","header-above-stick-meta":"","header-main-stick-meta":"","header-below-stick-meta":"","astra-migrate-meta-layouts":"set","ast-page-background-enabled":"default","ast-page-background-meta":{"desktop":{"background-color":"var(--ast-global-color-4)","background-image":"","background-repeat":"repeat","background-position":"center center","background-size":"auto","background-attachment":"scroll","background-type":"","background-media":"","overlay-type":"","overlay-color":"","overlay-opacity":"","overlay-gradient":""},"tablet":{"background-color":"","background-image":"","background-repeat":"repeat","background-position":"center center","background-size":"auto","background-attachment":"scroll","background-type":"","background-media":"","overlay-type":"","overlay-color":"","overlay-opacity":"","overlay-gradient":""},"mobile":{"background-color":"","background-image":"","background-repeat":"repeat","background-position":"center center","background-size":"auto","background-attachment":"scroll","background-type":"","background-media":"","overlay-type":"","overlay-color":"","overlay-opacity":"","overlay-gradient":""}},"ast-content-background-meta":{"desktop":{"background-color":"var(--ast-global-color-5)","background-image":"","background-repeat":"repeat","background-position":"center center","background-size":"auto","background-attachment":"scroll","background-type":"","background-media":"","overlay-type":"","overlay-color":"","overlay-opacity":"","overlay-gradient":""},"tablet":{"background-color":"var(--ast-global-color-5)","background-image":"","background-repeat":"repeat","background-position":"center center","background-size":"auto","background-attachment":"scroll","background-type":"","background-media":"","overlay-type":"","overlay-color":"","overlay-opacity":"","overlay-gradient":""},"mobile":{"background-color":"var(--ast-global-color-5)","background-image":"","background-repeat":"repeat","background-position":"center center","background-size":"auto","background-attachment":"scroll","background-type":"","background-media":"","overlay-type":"","overlay-color":"","overlay-opacity":"","overlay-gradient":""}}},"product_brand":[],"product_cat":[15],"product_tag":[],"class_list":{"0":"post-23156","1":"product","2":"type-product","3":"status-publish","4":"has-post-thumbnail","6":"product_cat-shop","7":"desktop-align-left","8":"tablet-align-left","9":"mobile-align-left","11":"first","12":"instock","13":"sale","14":"taxable","15":"shipping-taxable","16":"purchasable","17":"product-type-variable","18":"has-default-attributes"},"spectra_custom_meta":{"_visibility":["visible"],"_shopify_product_id":["3769888473181"],"_s2w_shopify_domain":["notermite.myshopify.com"],"_shopify_variant_id":["29161271984221"],"_manage_stock":["no"],"total_sales":["336"],"_tax_status":["taxable"],"_tax_class":[""],"_backorders":["no"],"_sold_individually":["no"],"_virtual":["no"],"_downloadable":["no"],"_download_limit":["-1"],"_download_expiry":["-1"],"_stock":[null],"_stock_status":["instock"],"_wc_average_rating":["4.79"],"_wc_review_count":["136"],"_product_attributes":["a:1:{s:6:\"volume\";a:6:{s:4:\"name\";s:6:\"Volume\";s:5:\"value\";s:30:\"1 liter | 5 liters | 25 liters\";s:8:\"position\";i:1;s:10:\"is_visible\";i:0;s:12:\"is_variation\";i:1;s:11:\"is_taxonomy\";i:0;}}"],"_product_version":["10.5.2"],"_thumbnail_id":["23266"],"_product_image_gallery":["23267,23269"],"_edit_lock":["1772383788:1"],"merchant-center-availability":["yes"],"merchant-center-category":["512"],"merchant-center-id":["AT"],"_edit_last":["1"],"_wp_page_template":["default"],"site-sidebar-layout":["default"],"ast-site-content-layout":["default"],"site-content-style":["default"],"site-sidebar-style":["default"],"theme-transparent-header-meta":["default"],"_default_attributes":["a:1:{s:6:\"volume\";s:7:\"1 liter\";}"],"_price":["29.90","129.90","499.90"],"_wc_rating_count":["a:3:{i:3;i:5;i:4;i:19;i:5;i:112;}"],"astra-migrate-meta-layouts":["set"],"_uag_css_file_name":["uag-css-23156.css"],"_elementor_page_assets":["a:0:{}"],"_uag_page_assets":["a:9:{s:3:\"css\";s:7133:\".uag-blocks-common-selector{z-index:var(--z-index-desktop) !important}@media(max-width: 976px){.uag-blocks-common-selector{z-index:var(--z-index-tablet) !important}}@media(max-width: 767px){.uag-blocks-common-selector{z-index:var(--z-index-mobile) !important}}.wp-block-uagb-image{display:flex}.wp-block-uagb-image__figure{position:relative;display:flex;flex-direction:column;max-width:100%;height:auto;margin:0}.wp-block-uagb-image__figure img{height:auto;display:flex;max-width:100%;transition:box-shadow .2s ease}.wp-block-uagb-image__figure>a{display:inline-block}.wp-block-uagb-image__figure figcaption{text-align:center;margin-top:.5em;margin-bottom:1em}.wp-block-uagb-image .components-placeholder.block-editor-media-placeholder .components-placeholder__instructions{align-self:center}.wp-block-uagb-image--align-left{text-align:left}.wp-block-uagb-image--align-right{text-align:right}.wp-block-uagb-image--align-center{text-align:center}.wp-block-uagb-image--align-full .wp-block-uagb-image__figure{margin-left:calc(50% - 50vw);margin-right:calc(50% - 50vw);max-width:100vw;width:100vw;height:auto}.wp-block-uagb-image--align-full .wp-block-uagb-image__figure img{height:auto;width:100% !important}.wp-block-uagb-image--align-wide .wp-block-uagb-image__figure img{height:auto;width:100%}.wp-block-uagb-image--layout-overlay__color-wrapper{position:absolute;left:0;top:0;right:0;bottom:0;opacity:.2;background:rgba(0,0,0,.5);transition:opacity .35s ease-in-out}.wp-block-uagb-image--layout-overlay-link{position:absolute;left:0;right:0;bottom:0;top:0}.wp-block-uagb-image--layout-overlay .wp-block-uagb-image__figure:hover .wp-block-uagb-image--layout-overlay__color-wrapper{opacity:1}.wp-block-uagb-image--layout-overlay__inner{position:absolute;left:15px;right:15px;bottom:15px;top:15px;display:flex;align-items:center;justify-content:center;flex-direction:column;border-color:#fff;transition:.35s ease-in-out}.wp-block-uagb-image--layout-overlay__inner.top-left,.wp-block-uagb-image--layout-overlay__inner.top-center,.wp-block-uagb-image--layout-overlay__inner.top-right{justify-content:flex-start}.wp-block-uagb-image--layout-overlay__inner.bottom-left,.wp-block-uagb-image--layout-overlay__inner.bottom-center,.wp-block-uagb-image--layout-overlay__inner.bottom-right{justify-content:flex-end}.wp-block-uagb-image--layout-overlay__inner.top-left,.wp-block-uagb-image--layout-overlay__inner.center-left,.wp-block-uagb-image--layout-overlay__inner.bottom-left{align-items:flex-start}.wp-block-uagb-image--layout-overlay__inner.top-right,.wp-block-uagb-image--layout-overlay__inner.center-right,.wp-block-uagb-image--layout-overlay__inner.bottom-right{align-items:flex-end}.wp-block-uagb-image--layout-overlay__inner .uagb-image-heading{color:#fff;transition:transform .35s,opacity .35s ease-in-out;transform:translate3d(0, 24px, 0);margin:0;line-height:1em}.wp-block-uagb-image--layout-overlay__inner .uagb-image-separator{width:30%;border-top-width:2px;border-top-color:#fff;border-top-style:solid;margin-bottom:10px;opacity:0;transition:transform .4s,opacity .4s ease-in-out;transform:translate3d(0, 30px, 0)}.wp-block-uagb-image--layout-overlay__inner .uagb-image-caption{opacity:0;overflow:visible;color:#fff;transition:transform .45s,opacity .45s ease-in-out;transform:translate3d(0, 35px, 0)}.wp-block-uagb-image--layout-overlay__inner:hover .uagb-image-heading,.wp-block-uagb-image--layout-overlay__inner:hover .uagb-image-separator,.wp-block-uagb-image--layout-overlay__inner:hover .uagb-image-caption{opacity:1;transform:translate3d(0, 0, 0)}.wp-block-uagb-image--effect-zoomin .wp-block-uagb-image__figure img,.wp-block-uagb-image--effect-zoomin .wp-block-uagb-image__figure .wp-block-uagb-image--layout-overlay__color-wrapper{transform:scale(1);transition:transform .35s ease-in-out}.wp-block-uagb-image--effect-zoomin .wp-block-uagb-image__figure:hover img,.wp-block-uagb-image--effect-zoomin .wp-block-uagb-image__figure:hover .wp-block-uagb-image--layout-overlay__color-wrapper{transform:scale(1.05)}.wp-block-uagb-image--effect-slide .wp-block-uagb-image__figure img,.wp-block-uagb-image--effect-slide .wp-block-uagb-image__figure .wp-block-uagb-image--layout-overlay__color-wrapper{width:calc(100% + 40px) !important;max-width:none !important;transform:translate3d(-40px, 0, 0);transition:transform .35s ease-in-out}.wp-block-uagb-image--effect-slide .wp-block-uagb-image__figure:hover img,.wp-block-uagb-image--effect-slide .wp-block-uagb-image__figure:hover .wp-block-uagb-image--layout-overlay__color-wrapper{transform:translate3d(0, 0, 0)}.wp-block-uagb-image--effect-grayscale img{filter:grayscale(0%);transition:.35s ease-in-out}.wp-block-uagb-image--effect-grayscale:hover img{filter:grayscale(100%)}.wp-block-uagb-image--effect-blur img{filter:blur(0);transition:.35s ease-in-out}.wp-block-uagb-image--effect-blur:hover img{filter:blur(3px)}.uagb-block-e6f939b3.wp-block-uagb-image--layout-default figure img{box-shadow: 0px 0px 0 #00000070;}.uagb-block-e6f939b3.wp-block-uagb-image .wp-block-uagb-image__figure figcaption{font-style: normal;align-self: center;}.uagb-block-e6f939b3.wp-block-uagb-image--layout-overlay figure img{box-shadow: 0px 0px 0 #00000070;}.uagb-block-e6f939b3.wp-block-uagb-image--layout-overlay .wp-block-uagb-image--layout-overlay__color-wrapper{opacity: 0.2;}.uagb-block-e6f939b3.wp-block-uagb-image--layout-overlay .wp-block-uagb-image--layout-overlay__inner{left: 15px;right: 15px;top: 15px;bottom: 15px;}.uagb-block-e6f939b3.wp-block-uagb-image--layout-overlay .wp-block-uagb-image--layout-overlay__inner .uagb-image-heading{font-style: normal;color: #fff;opacity: 1;}.uagb-block-e6f939b3.wp-block-uagb-image--layout-overlay .wp-block-uagb-image--layout-overlay__inner .uagb-image-heading a{color: #fff;}.uagb-block-e6f939b3.wp-block-uagb-image--layout-overlay .wp-block-uagb-image--layout-overlay__inner .uagb-image-caption{opacity: 0;}.uagb-block-e6f939b3.wp-block-uagb-image--layout-overlay .wp-block-uagb-image__figure:hover .wp-block-uagb-image--layout-overlay__color-wrapper{opacity: 1;}.uagb-block-e6f939b3.wp-block-uagb-image .wp-block-uagb-image--layout-overlay__inner .uagb-image-separator{width: 30%;border-top-width: 2px;border-top-color: #fff;opacity: 0;}.uagb-block-e6f939b3.wp-block-uagb-image .wp-block-uagb-image__figure img{width: px;height: auto;}.uagb-block-e6f939b3.wp-block-uagb-image .wp-block-uagb-image__figure:hover .wp-block-uagb-image--layout-overlay__inner .uagb-image-caption{opacity: 1;}.uagb-block-e6f939b3.wp-block-uagb-image .wp-block-uagb-image__figure:hover .wp-block-uagb-image--layout-overlay__inner .uagb-image-separator{opacity: 1;}.uagb-block-e6f939b3.wp-block-uagb-image--layout-default figure:hover img{box-shadow: 0px 0px 0 #00000070;}.uagb-block-e6f939b3.wp-block-uagb-image--layout-overlay figure:hover img{box-shadow: 0px 0px 0 #00000070;}@media only screen and (max-width: 976px) {.uagb-block-e6f939b3.wp-block-uagb-image .wp-block-uagb-image__figure img{width: px;height: auto;}}@media only screen and (max-width: 767px) {.uagb-block-e6f939b3.wp-block-uagb-image .wp-block-uagb-image__figure img{width: px;height: auto;}}\";s:2:\"js\";s:0:\"\";s:18:\"current_block_list\";a:13:{i:0;s:11:\"core\/search\";i:1;s:10:\"core\/group\";i:2;s:12:\"core\/heading\";i:3;s:17:\"core\/latest-posts\";i:4;s:20:\"core\/latest-comments\";i:5;s:13:\"core\/archives\";i:6;s:15:\"core\/categories\";i:7;s:14:\"core\/paragraph\";i:8;s:10:\"uagb\/image\";i:9;s:11:\"core\/spacer\";i:10;s:30:\"woocommerce\/product-categories\";i:11;s:10:\"core\/image\";i:12;s:14:\"core\/shortcode\";}s:8:\"uag_flag\";b:1;s:11:\"uag_version\";s:10:\"1777504827\";s:6:\"gfonts\";a:0:{}s:10:\"gfonts_url\";s:0:\"\";s:12:\"gfonts_files\";a:0:{}s:14:\"uag_faq_layout\";b:0;}"]},"uagb_featured_image_src":{"full":["https:\/\/www.notermite.net\/wp-content\/uploads\/2025\/06\/TermiteTreatement1L.jpg",2560,2560,false],"thumbnail":["https:\/\/www.notermite.net\/wp-content\/uploads\/2025\/06\/TermiteTreatement1L-150x150.jpg",150,150,true],"medium":["https:\/\/www.notermite.net\/wp-content\/uploads\/2025\/06\/TermiteTreatement1L-300x300.jpg",300,300,true],"medium_large":["https:\/\/www.notermite.net\/wp-content\/uploads\/2025\/06\/TermiteTreatement1L-768x768.jpg",768,768,true],"large":["https:\/\/www.notermite.net\/wp-content\/uploads\/2025\/06\/TermiteTreatement1L-1024x1024.jpg",1024,1024,true],"1536x1536":["https:\/\/www.notermite.net\/wp-content\/uploads\/2025\/06\/TermiteTreatement1L-1536x1536.jpg",1536,1536,true],"2048x2048":["https:\/\/www.notermite.net\/wp-content\/uploads\/2025\/06\/TermiteTreatement1L-2048x2048.jpg",2048,2048,true],"trp-custom-language-flag":["https:\/\/www.notermite.net\/wp-content\/uploads\/2025\/06\/TermiteTreatement1L-12x12.jpg",12,12,true],"woocommerce_thumbnail":["https:\/\/www.notermite.net\/wp-content\/uploads\/2025\/06\/TermiteTreatement1L-300x300.jpg",300,300,true],"woocommerce_single":["https:\/\/www.notermite.net\/wp-content\/uploads\/2025\/06\/TermiteTreatement1L-600x600.jpg",600,600,true],"woocommerce_gallery_thumbnail":["https:\/\/www.notermite.net\/wp-content\/uploads\/2025\/06\/TermiteTreatement1L-100x100.jpg",100,100,true]},"uagb_author_info":{"display_name":"admin","author_link":"https:\/\/www.notermite.net\/cz\/author\/"},"uagb_comment_info":136,"uagb_excerpt":"Eliminates and prevents termite infestations with a single powerful solution. Our termite treatment is specially formulated to both prevent future infestations and eradicate existing termite colonies. It acts quickly on contact and continues working over time, creating a protective barrier that stops termites from damaging wood, structures, and foundations. The most effective termite control formula&hellip;","_links":{"self":[{"href":"https:\/\/www.notermite.net\/cz\/wp-json\/wp\/v2\/product\/23156","targetHints":{"allow":["GET"]}}],"collection":[{"href":"https:\/\/www.notermite.net\/cz\/wp-json\/wp\/v2\/product"}],"about":[{"href":"https:\/\/www.notermite.net\/cz\/wp-json\/wp\/v2\/types\/product"}],"replies":[{"embeddable":true,"href":"https:\/\/www.notermite.net\/cz\/wp-json\/wp\/v2\/comments?post=23156"}],"version-history":[{"count":6,"href":"https:\/\/www.notermite.net\/cz\/wp-json\/wp\/v2\/product\/23156\/revisions"}],"predecessor-version":[{"id":24105,"href":"https:\/\/www.notermite.net\/cz\/wp-json\/wp\/v2\/product\/23156\/revisions\/24105"}],"wp:featuredmedia":[{"embeddable":true,"href":"https:\/\/www.notermite.net\/cz\/wp-json\/wp\/v2\/media\/23266"}],"wp:attachment":[{"href":"https:\/\/www.notermite.net\/cz\/wp-json\/wp\/v2\/media?parent=23156"}],"wp:term":[{"taxonomy":"product_brand","embeddable":true,"href":"https:\/\/www.notermite.net\/cz\/wp-json\/wp\/v2\/product_brand?post=23156"},{"taxonomy":"product_cat","embeddable":true,"href":"https:\/\/www.notermite.net\/cz\/wp-json\/wp\/v2\/product_cat?post=23156"},{"taxonomy":"product_tag","embeddable":true,"href":"https:\/\/www.notermite.net\/cz\/wp-json\/wp\/v2\/product_tag?post=23156"}],"curies":[{"name":"wp","href":"https:\/\/api.w.org\/{rel}","templated":true}]}}