{"id":23156,"date":"2025-06-03T17:28:24","date_gmt":"2025-06-03T15:28:24","guid":{"rendered":"https:\/\/www.notermite.net\/products\/termite-treatment\/"},"modified":"2026-03-01T17:38:42","modified_gmt":"2026-03-01T16:38:42","slug":"termite-treatment","status":"publish","type":"product","link":"https:\/\/www.notermite.net\/de\/products\/termite-treatment\/","title":{"rendered":"Termitenbehandlung"},"content":{"rendered":"<p><strong><img decoding=\"async\" style=\"margin-right: 12px;\" src=\"https:\/\/www.notermite.net\/wp-content\/uploads\/2026\/02\/Check.svg\" alt=\"\" width=\"18\" height=\"15\" \/>Beseitigt und verhindert Termitenbefall mit einer einzigen wirksamen L\u00f6sung.<\/strong> Unsere Termitenbehandlung wurde speziell entwickelt, um sowohl zuk\u00fcnftigen Befall zu verhindern als auch bestehende Termitenkolonien zu vernichten. Es wirkt schnell bei Kontakt und setzt seine Wirkung im Laufe der Zeit fort, indem es eine Schutzbarriere schafft, die verhindert, dass Termiten Holz, Strukturen und Fundamente besch\u00e4digen.<\/p>\n<p><strong><img decoding=\"async\" style=\"margin-right: 12px;\" src=\"https:\/\/www.notermite.net\/wp-content\/uploads\/2026\/02\/Check.svg\" alt=\"\" width=\"18\" height=\"15\" \/>Das wirksamste Mittel zur Termitenbek\u00e4mpfung auf dem Markt.<\/strong> Dank seiner hochwirksamen Wirkstoffe dringt dieses Mittel tief in Holz und Boden ein und bek\u00e4mpft die Termiten an ihrem Ursprung. Es t\u00f6tet nicht nur sichtbare Termiten ab, sondern verbreitet sich durch Kontakt auch innerhalb der Kolonie und sorgt so f\u00fcr eine vollst\u00e4ndige Ausrottung.<\/p>\n<p><strong><img decoding=\"async\" style=\"margin-right: 12px;\" src=\"https:\/\/www.notermite.net\/wp-content\/uploads\/2026\/02\/Check.svg\" alt=\"\" width=\"18\" height=\"15\" \/>Die billigste professionelle Termitenbehandlung auf dem Markt.<\/strong> Wir bieten den g\u00fcnstigsten Preis, ohne Kompromisse bei St\u00e4rke und Zuverl\u00e4ssigkeit einzugehen. Sie erhalten professionelle Sch\u00e4dlingsbek\u00e4mpfungsergebnisse zu einem Bruchteil der Kosten, die bei der Beauftragung spezialisierter Sch\u00e4dlingsbek\u00e4mpfungsdienste anfallen.<\/p>\n<p><strong><img decoding=\"async\" style=\"margin-right: 12px;\" src=\"https:\/\/www.notermite.net\/wp-content\/uploads\/2026\/02\/Check.svg\" alt=\"\" width=\"18\" height=\"15\" \/>24-Stunden-Lieferung f\u00fcr dringende Befallsf\u00e4lle.<\/strong> Wir garantieren eine 24-Stunden-Lieferung, damit Sie sofort auf Termitenbefall reagieren k\u00f6nnen. Schnelles Handeln ist wichtig, um strukturelle Sch\u00e4den zu begrenzen, und unser schneller Versand stellt sicher, dass Sie ohne Verz\u00f6gerung mit der Behandlung beginnen k\u00f6nnen.<\/p>\n<p><strong><img decoding=\"async\" style=\"margin-right: 12px;\" src=\"https:\/\/www.notermite.net\/wp-content\/uploads\/2026\/02\/Check.svg\" alt=\"\" width=\"18\" height=\"15\" \/>Geld-zur\u00fcck-Garantie f\u00fcr absoluten Seelenfrieden.<\/strong> Wir bieten eine vollst\u00e4ndige Geld-zur\u00fcck-Garantie. Wenn Sie mit der Leistung unserer Termitenbehandlung nicht vollst\u00e4ndig zufrieden sind, erstatten wir Ihnen den Kaufpreis zur\u00fcck. Ihre Investition ist v\u00f6llig risikofrei.<\/p>\n<p><strong><img decoding=\"async\" style=\"margin-right: 12px;\" src=\"https:\/\/www.notermite.net\/wp-content\/uploads\/2026\/02\/Check.svg\" alt=\"\" width=\"18\" height=\"15\" \/>Doppelt wirkende Formel zur Vorbeugung und Tilgung.<\/strong> Ganz gleich, ob Sie ein neues Bauprojekt sch\u00fctzen oder einen aktiven Befall beseitigen wollen, dieses Produkt passt sich Ihren Bed\u00fcrfnissen mit spezifischen Verd\u00fcnnungsverh\u00e4ltnissen f\u00fcr eine pr\u00e4ventive oder kurative Behandlung an.<\/p>\n<p><strong><img decoding=\"async\" style=\"margin-right: 12px;\" src=\"https:\/\/www.notermite.net\/wp-content\/uploads\/2026\/02\/Check.svg\" alt=\"\" width=\"18\" height=\"15\" \/>Lang anhaltende Schutzbarriere in Boden und Holz.<\/strong> Nach der Anwendung bildet die Behandlung eine dauerhafte chemische Barriere im Boden und in Holzkonstruktionen, die verhindert, dass Termiten eindringen oder zur\u00fcckkehren.<\/p>\n<p><strong><img decoding=\"async\" style=\"margin-right: 12px;\" src=\"https:\/\/www.notermite.net\/wp-content\/uploads\/2026\/02\/Check.svg\" alt=\"\" width=\"18\" height=\"15\" \/>Flexible Anwendungsmethoden f\u00fcr jede Situation.<\/strong> Das Produkt eignet sich f\u00fcr die Behandlung von Gr\u00e4ben, die Bew\u00e4sserung, das Bespr\u00fchen und die Injektion in Bohrl\u00f6cher und kann auf nat\u00fcrlichen B\u00f6den, Betonplatten, Holzrahmen, geklopften B\u00f6den und Fundamenten angewendet werden.<\/p>\n<p><strong><img decoding=\"async\" style=\"margin-right: 12px;\" src=\"https:\/\/www.notermite.net\/wp-content\/uploads\/2026\/02\/Check.svg\" alt=\"\" width=\"18\" height=\"15\" \/>Hohe Ergiebigkeit mit pr\u00e4ziser Dosierungskontrolle.<\/strong> Mit klar definierten Verd\u00fcnnungsverh\u00e4ltnissen und Richtlinien f\u00fcr behandelte Fl\u00e4chen k\u00f6nnen Sie die f\u00fcr Gr\u00e4ben, Bew\u00e4sserung oder Injektionsleitungen ben\u00f6tigte Menge genau berechnen und so optimale Effizienz und Kostenkontrolle gew\u00e4hrleisten.<\/p>\n<p><strong><img decoding=\"async\" style=\"margin-right: 12px;\" src=\"https:\/\/www.notermite.net\/wp-content\/uploads\/2026\/02\/Check.svg\" alt=\"\" width=\"18\" height=\"15\" \/>Sch\u00fctzt die strukturelle Integrit\u00e4t von Geb\u00e4uden.<\/strong> Durch die Beseitigung von Termiten und die Verhinderung eines erneuten Befalls sch\u00fctzt diese Behandlung Holz, Rahmen, Fundamente und tragende Strukturen und tr\u00e4gt so zur Verl\u00e4ngerung der Lebensdauer Ihrer Immobilie bei.<\/p>\n<h2><strong>Anweisungen<\/strong><\/h2>\n<ul>\n<li>Zur vorbeugenden Anwendung verd\u00fcnnen Sie 1 Liter der konzentrierten L\u00f6sung in 49 Liter Wasser, um 50 Liter gebrauchsfertige L\u00f6sung zu erhalten.<\/li>\n<li>Mit dieser vorbeugenden Verd\u00fcnnung k\u00f6nnen Sie einen 20 Meter langen Graben f\u00fcllen oder 10 Quadratmeter reichlich bew\u00e4ssern.<\/li>\n<li>Um vorhandene Termiten zu vernichten, verd\u00fcnnen Sie 1 Liter der konzentrierten L\u00f6sung in 9 Litern Wasser, um 10 Liter der gebrauchsfertigen L\u00f6sung zu erhalten.<\/li>\n<li>Mit dieser heilenden Verd\u00fcnnung k\u00f6nnen Sie einen 4 Meter langen Graben f\u00fcllen oder 2 Quadratmeter reichlich bew\u00e4ssern.<\/li>\n<li>F\u00fcr die Spr\u00fchanwendung auf Oberfl\u00e4chen oder direkt auf Termiten, die konzentrierte L\u00f6sung pur auftragen und bis zu 20 Quadratmeter pro Liter abdecken.<\/li>\n<li>F\u00fcr die Behandlung vor dem Bau werden 4 bis 5 Liter der verd\u00fcnnten L\u00f6sung mit einer Gie\u00dfkanne auf der gesamten Oberfl\u00e4che des zuk\u00fcnftigen Baugebiets, einschlie\u00dflich Fundamenten und Gr\u00e4ben, verteilt.<\/li>\n<li>Bei der Nachbehandlung von Holz und Rahmen wird die verd\u00fcnnte L\u00f6sung oder die reine L\u00f6sung auf die gesamte Oberfl\u00e4che und direkt auf die Termiten gespr\u00fcht. Die Termiten verteilen das Produkt unter sich, wodurch die Beseitigung der nicht direkt bespr\u00fchten Individuen gew\u00e4hrleistet ist und eine unn\u00f6tige Perforation des geschw\u00e4chten Holzes vermieden wird.<\/li>\n<li>F\u00fcr die Bodenbehandlung im Freien auf nat\u00fcrlichen Oberfl\u00e4chen heben Sie einen 40 x 40 cm gro\u00dfen Graben um das Haus herum am Fu\u00df der Mauern aus und f\u00fcllen ihn mit der verd\u00fcnnten L\u00f6sung.<\/li>\n<li>Bei k\u00fcnstlichen Oberfl\u00e4chen im Freien bohren Sie alle 15 bis 20 Zentimeter vertikale L\u00f6cher, um eine Injektionsleitung zu schaffen, und injizieren 1 Liter verd\u00fcnnte L\u00f6sung pro Loch.<\/li>\n<li>Bei k\u00fcnstlichen Innenfl\u00e4chen bohren Sie alle 15 bis 20 Zentimeter vertikale L\u00f6cher, um eine Injektionsleitung zu schaffen, und injizieren 1 Liter verd\u00fcnnte L\u00f6sung pro Loch.<\/li>\n<li>Bei B\u00f6den aus geschlagener Erde verteilen Sie 4 bis 5 Liter der verd\u00fcnnten L\u00f6sung mit einer Gie\u00dfkanne gleichm\u00e4\u00dfig auf der gesamten Fl\u00e4che.<\/li>\n<\/ul>","protected":false},"excerpt":{"rendered":"<p>Eliminates and prevents termite infestations with a single powerful solution. Our termite treatment is specially formulated to both prevent future infestations and eradicate existing termite colonies. It acts quickly on contact and continues working over time, creating a protective barrier that stops termites from damaging wood, structures, and foundations. The most effective termite control formula [&hellip;]<\/p>\n","protected":false},"featured_media":23266,"comment_status":"open","ping_status":"closed","template":"","meta":{"_uag_custom_page_level_css":"","site-sidebar-layout":"default","site-content-layout":"","ast-site-content-layout":"default","site-content-style":"default","site-sidebar-style":"default","ast-global-header-display":"","ast-banner-title-visibility":"","ast-main-header-display":"","ast-hfb-above-header-display":"","ast-hfb-below-header-display":"","ast-hfb-mobile-header-display":"","site-post-title":"","ast-breadcrumbs-content":"","ast-featured-img":"","footer-sml-layout":"","ast-disable-related-posts":"","theme-transparent-header-meta":"default","adv-header-id-meta":"","stick-header-meta":"","header-above-stick-meta":"","header-main-stick-meta":"","header-below-stick-meta":"","astra-migrate-meta-layouts":"set","ast-page-background-enabled":"default","ast-page-background-meta":{"desktop":{"background-color":"var(--ast-global-color-4)","background-image":"","background-repeat":"repeat","background-position":"center center","background-size":"auto","background-attachment":"scroll","background-type":"","background-media":"","overlay-type":"","overlay-color":"","overlay-opacity":"","overlay-gradient":""},"tablet":{"background-color":"","background-image":"","background-repeat":"repeat","background-position":"center center","background-size":"auto","background-attachment":"scroll","background-type":"","background-media":"","overlay-type":"","overlay-color":"","overlay-opacity":"","overlay-gradient":""},"mobile":{"background-color":"","background-image":"","background-repeat":"repeat","background-position":"center center","background-size":"auto","background-attachment":"scroll","background-type":"","background-media":"","overlay-type":"","overlay-color":"","overlay-opacity":"","overlay-gradient":""}},"ast-content-background-meta":{"desktop":{"background-color":"var(--ast-global-color-5)","background-image":"","background-repeat":"repeat","background-position":"center center","background-size":"auto","background-attachment":"scroll","background-type":"","background-media":"","overlay-type":"","overlay-color":"","overlay-opacity":"","overlay-gradient":""},"tablet":{"background-color":"var(--ast-global-color-5)","background-image":"","background-repeat":"repeat","background-position":"center center","background-size":"auto","background-attachment":"scroll","background-type":"","background-media":"","overlay-type":"","overlay-color":"","overlay-opacity":"","overlay-gradient":""},"mobile":{"background-color":"var(--ast-global-color-5)","background-image":"","background-repeat":"repeat","background-position":"center center","background-size":"auto","background-attachment":"scroll","background-type":"","background-media":"","overlay-type":"","overlay-color":"","overlay-opacity":"","overlay-gradient":""}}},"product_brand":[],"product_cat":[15],"product_tag":[],"class_list":{"0":"post-23156","1":"product","2":"type-product","3":"status-publish","4":"has-post-thumbnail","6":"product_cat-shop","7":"desktop-align-left","8":"tablet-align-left","9":"mobile-align-left","11":"first","12":"instock","13":"sale","14":"taxable","15":"shipping-taxable","16":"purchasable","17":"product-type-variable","18":"has-default-attributes"},"spectra_custom_meta":{"_visibility":["visible"],"_shopify_product_id":["3769888473181"],"_s2w_shopify_domain":["notermite.myshopify.com"],"_shopify_variant_id":["29161271984221"],"_manage_stock":["no"],"total_sales":["336"],"_tax_status":["taxable"],"_tax_class":[""],"_backorders":["no"],"_sold_individually":["no"],"_virtual":["no"],"_downloadable":["no"],"_download_limit":["-1"],"_download_expiry":["-1"],"_stock":[null],"_stock_status":["instock"],"_wc_average_rating":["4.79"],"_wc_review_count":["136"],"_product_attributes":["a:1:{s:6:\"volume\";a:6:{s:4:\"name\";s:6:\"Volume\";s:5:\"value\";s:30:\"1 liter | 5 liters | 25 liters\";s:8:\"position\";i:1;s:10:\"is_visible\";i:0;s:12:\"is_variation\";i:1;s:11:\"is_taxonomy\";i:0;}}"],"_product_version":["10.5.2"],"_thumbnail_id":["23266"],"_product_image_gallery":["23267,23269"],"_edit_lock":["1772383788:1"],"merchant-center-availability":["yes"],"merchant-center-category":["512"],"merchant-center-id":["AT"],"_edit_last":["1"],"_wp_page_template":["default"],"site-sidebar-layout":["default"],"ast-site-content-layout":["default"],"site-content-style":["default"],"site-sidebar-style":["default"],"theme-transparent-header-meta":["default"],"_default_attributes":["a:1:{s:6:\"volume\";s:7:\"1 liter\";}"],"_price":["29.90","129.90","499.90"],"_wc_rating_count":["a:3:{i:3;i:5;i:4;i:19;i:5;i:112;}"],"astra-migrate-meta-layouts":["set"],"_uag_css_file_name":["uag-css-23156.css"],"_elementor_page_assets":["a:0:{}"]},"uagb_featured_image_src":{"full":["https:\/\/www.notermite.net\/wp-content\/uploads\/2025\/06\/TermiteTreatement1L.jpg",2560,2560,false],"thumbnail":["https:\/\/www.notermite.net\/wp-content\/uploads\/2025\/06\/TermiteTreatement1L-150x150.jpg",150,150,true],"medium":["https:\/\/www.notermite.net\/wp-content\/uploads\/2025\/06\/TermiteTreatement1L-300x300.jpg",300,300,true],"medium_large":["https:\/\/www.notermite.net\/wp-content\/uploads\/2025\/06\/TermiteTreatement1L-768x768.jpg",768,768,true],"large":["https:\/\/www.notermite.net\/wp-content\/uploads\/2025\/06\/TermiteTreatement1L-1024x1024.jpg",1024,1024,true],"1536x1536":["https:\/\/www.notermite.net\/wp-content\/uploads\/2025\/06\/TermiteTreatement1L-1536x1536.jpg",1536,1536,true],"2048x2048":["https:\/\/www.notermite.net\/wp-content\/uploads\/2025\/06\/TermiteTreatement1L-2048x2048.jpg",2048,2048,true],"trp-custom-language-flag":["https:\/\/www.notermite.net\/wp-content\/uploads\/2025\/06\/TermiteTreatement1L-12x12.jpg",12,12,true],"woocommerce_thumbnail":["https:\/\/www.notermite.net\/wp-content\/uploads\/2025\/06\/TermiteTreatement1L-300x300.jpg",300,300,true],"woocommerce_single":["https:\/\/www.notermite.net\/wp-content\/uploads\/2025\/06\/TermiteTreatement1L-600x600.jpg",600,600,true],"woocommerce_gallery_thumbnail":["https:\/\/www.notermite.net\/wp-content\/uploads\/2025\/06\/TermiteTreatement1L-100x100.jpg",100,100,true]},"uagb_author_info":{"display_name":"admin","author_link":"https:\/\/www.notermite.net\/de\/author\/"},"uagb_comment_info":136,"uagb_excerpt":"Eliminates and prevents termite infestations with a single powerful solution. Our termite treatment is specially formulated to both prevent future infestations and eradicate existing termite colonies. It acts quickly on contact and continues working over time, creating a protective barrier that stops termites from damaging wood, structures, and foundations. The most effective termite control formula&hellip;","_links":{"self":[{"href":"https:\/\/www.notermite.net\/de\/wp-json\/wp\/v2\/product\/23156","targetHints":{"allow":["GET"]}}],"collection":[{"href":"https:\/\/www.notermite.net\/de\/wp-json\/wp\/v2\/product"}],"about":[{"href":"https:\/\/www.notermite.net\/de\/wp-json\/wp\/v2\/types\/product"}],"replies":[{"embeddable":true,"href":"https:\/\/www.notermite.net\/de\/wp-json\/wp\/v2\/comments?post=23156"}],"version-history":[{"count":6,"href":"https:\/\/www.notermite.net\/de\/wp-json\/wp\/v2\/product\/23156\/revisions"}],"predecessor-version":[{"id":24105,"href":"https:\/\/www.notermite.net\/de\/wp-json\/wp\/v2\/product\/23156\/revisions\/24105"}],"wp:featuredmedia":[{"embeddable":true,"href":"https:\/\/www.notermite.net\/de\/wp-json\/wp\/v2\/media\/23266"}],"wp:attachment":[{"href":"https:\/\/www.notermite.net\/de\/wp-json\/wp\/v2\/media?parent=23156"}],"wp:term":[{"taxonomy":"product_brand","embeddable":true,"href":"https:\/\/www.notermite.net\/de\/wp-json\/wp\/v2\/product_brand?post=23156"},{"taxonomy":"product_cat","embeddable":true,"href":"https:\/\/www.notermite.net\/de\/wp-json\/wp\/v2\/product_cat?post=23156"},{"taxonomy":"product_tag","embeddable":true,"href":"https:\/\/www.notermite.net\/de\/wp-json\/wp\/v2\/product_tag?post=23156"}],"curies":[{"name":"wp","href":"https:\/\/api.w.org\/{rel}","templated":true}]}}