{"id":23156,"date":"2025-06-03T17:28:24","date_gmt":"2025-06-03T15:28:24","guid":{"rendered":"https:\/\/www.notermite.net\/products\/termite-treatment\/"},"modified":"2026-03-01T17:38:42","modified_gmt":"2026-03-01T16:38:42","slug":"termite-treatment","status":"publish","type":"product","link":"https:\/\/www.notermite.net\/dk\/products\/termite-treatment\/","title":{"rendered":"Behandling af termit"},"content":{"rendered":"<p><strong><img decoding=\"async\" style=\"margin-right: 12px;\" src=\"https:\/\/www.notermite.net\/wp-content\/uploads\/2026\/02\/Check.svg\" alt=\"\" width=\"18\" height=\"15\" \/>Eliminerer og forebygger termitangreb med en enkelt kraftfuld l\u00f8sning.<\/strong> Vores termitbehandling er specielt sammensat til b\u00e5de at forebygge fremtidige angreb og udrydde eksisterende termitkolonier. Det virker hurtigt ved kontakt og forts\u00e6tter med at virke over tid og skaber en beskyttende barriere, der forhindrer termitter i at beskadige tr\u00e6, strukturer og fundamenter.<\/p>\n<p><strong><img decoding=\"async\" style=\"margin-right: 12px;\" src=\"https:\/\/www.notermite.net\/wp-content\/uploads\/2026\/02\/Check.svg\" alt=\"\" width=\"18\" height=\"15\" \/>Den mest effektive termitbek\u00e6mpelsesformel p\u00e5 markedet.<\/strong> Takket v\u00e6re de h\u00f8jtydende aktive ingredienser tr\u00e6nger denne behandling dybt ind i tr\u00e6 og jord og angriber termitterne ved kilden. Det dr\u00e6ber ikke kun synlige termitter, men spreder sig ogs\u00e5 i kolonien gennem kontakt, hvilket sikrer fuldst\u00e6ndig udryddelse.<\/p>\n<p><strong><img decoding=\"async\" style=\"margin-right: 12px;\" src=\"https:\/\/www.notermite.net\/wp-content\/uploads\/2026\/02\/Check.svg\" alt=\"\" width=\"18\" height=\"15\" \/>Den billigste professionelle termitbehandling p\u00e5 markedet.<\/strong> Vi tilbyder den mest konkurrencedygtige pris uden at g\u00e5 p\u00e5 kompromis med styrke eller p\u00e5lidelighed. Du f\u00e5r resultater af skadedyrsbek\u00e6mpelse p\u00e5 professionelt niveau til en br\u00f8kdel af omkostningerne ved at hyre specialiserede udryddelsestjenester.<\/p>\n<p><strong><img decoding=\"async\" style=\"margin-right: 12px;\" src=\"https:\/\/www.notermite.net\/wp-content\/uploads\/2026\/02\/Check.svg\" alt=\"\" width=\"18\" height=\"15\" \/>24-timers levering ved akutte angreb.<\/strong> Vi garanterer 24-timers levering, s\u00e5 du kan reagere med det samme p\u00e5 termitaktivitet. Hurtig handling er afg\u00f8rende for at begr\u00e6nse strukturelle skader, og vores hurtige levering sikrer, at du kan begynde behandlingen uden forsinkelse.<\/p>\n<p><strong><img decoding=\"async\" style=\"margin-right: 12px;\" src=\"https:\/\/www.notermite.net\/wp-content\/uploads\/2026\/02\/Check.svg\" alt=\"\" width=\"18\" height=\"15\" \/>Penge-tilbage-garanti for total ro i sindet.<\/strong> Vi tilbyder en fuld pengene-tilbage-garanti. Hvis du ikke er helt tilfreds med resultatet af vores termitbehandling, refunderer vi dit k\u00f8b. Din investering er helt risikofri.<\/p>\n<p><strong><img decoding=\"async\" style=\"margin-right: 12px;\" src=\"https:\/\/www.notermite.net\/wp-content\/uploads\/2026\/02\/Check.svg\" alt=\"\" width=\"18\" height=\"15\" \/>Dobbeltvirkende formel til forebyggelse og udryddelse.<\/strong> Uanset om du skal beskytte et nyt byggeprojekt eller fjerne et aktivt angreb, tilpasser dette produkt sig dine behov med specifikke fortyndingsforhold til forebyggende eller helbredende behandling.<\/p>\n<p><strong><img decoding=\"async\" style=\"margin-right: 12px;\" src=\"https:\/\/www.notermite.net\/wp-content\/uploads\/2026\/02\/Check.svg\" alt=\"\" width=\"18\" height=\"15\" \/>Langtidsholdbar beskyttelsesbarriere i jord og tr\u00e6.<\/strong> N\u00e5r behandlingen er p\u00e5f\u00f8rt, danner den en holdbar kemisk barriere i jorden og inde i tr\u00e6konstruktioner, som forhindrer termitter i at komme ind eller vende tilbage.<\/p>\n<p><strong><img decoding=\"async\" style=\"margin-right: 12px;\" src=\"https:\/\/www.notermite.net\/wp-content\/uploads\/2026\/02\/Check.svg\" alt=\"\" width=\"18\" height=\"15\" \/>Fleksible p\u00e5f\u00f8ringsmetoder til enhver situation.<\/strong> Produktet er velegnet til gr\u00f8ftebehandling, rigelig vanding, spr\u00f8jtning og indspr\u00f8jtning i borede huller og kan anvendes p\u00e5 naturlig jord, betonplader, tr\u00e6rammer, gulve af banket jord og fundamenter.<\/p>\n<p><strong><img decoding=\"async\" style=\"margin-right: 12px;\" src=\"https:\/\/www.notermite.net\/wp-content\/uploads\/2026\/02\/Check.svg\" alt=\"\" width=\"18\" height=\"15\" \/>H\u00f8j d\u00e6kning med pr\u00e6cis doseringskontrol.<\/strong> Med klart definerede fortyndingsforhold og retningslinjer for behandlede overflader kan du n\u00f8jagtigt beregne den m\u00e6ngde, der skal bruges til gr\u00f8fter, vanding eller injektionsledninger, hvilket sikrer optimal effektivitet og omkostningskontrol.<\/p>\n<p><strong><img decoding=\"async\" style=\"margin-right: 12px;\" src=\"https:\/\/www.notermite.net\/wp-content\/uploads\/2026\/02\/Check.svg\" alt=\"\" width=\"18\" height=\"15\" \/>Beskytter bygningers strukturelle integritet.<\/strong> Ved at eliminere termitter og forhindre nye angreb beskytter denne behandling tr\u00e6, rammer, fundamenter og b\u00e6rende konstruktioner og hj\u00e6lper med at forl\u00e6nge levetiden for din ejendom.<\/p>\n<h2><strong>Instruktioner<\/strong><\/h2>\n<ul>\n<li>Til forebyggende brug fortyndes 1 liter koncentreret opl\u00f8sning i 49 liter vand for at f\u00e5 50 liter behandling, der er klar til brug.<\/li>\n<li>Med denne forebyggende fortynding kan du fylde en 20 meter lang line\u00e6r gr\u00f8ft eller vande 10 kvadratmeter rigeligt.<\/li>\n<li>For at udrydde eksisterende termitter skal du fortynde 1 liter koncentreret opl\u00f8sning i 9 liter vand for at f\u00e5 10 liter behandling, der er klar til brug.<\/li>\n<li>Med denne kurative fortynding kan du fylde en 4 meter lang line\u00e6r gr\u00f8ft eller vande 2 kvadratmeter rigeligt.<\/li>\n<li>Ved spr\u00f8jtning p\u00e5 overflader eller direkte p\u00e5 termitter skal den koncentrerede opl\u00f8sning p\u00e5f\u00f8res rent og d\u00e6kke op til 20 kvadratmeter pr. liter.<\/li>\n<li>Til behandling f\u00f8r byggeriet spredes 4 til 5 liter fortyndet opl\u00f8sning med en vandkande over hele overfladen af det fremtidige byggeomr\u00e5de, inklusive fundamenter og gr\u00f8fter.<\/li>\n<li>Ved behandling af tr\u00e6 og rammer efter opf\u00f8relse spr\u00f8jtes den fortyndede eller rene opl\u00f8sning over hele overfladen og direkte p\u00e5 termitterne. Termitterne vil sprede produktet mellem sig, hvilket sikrer eliminering af individer, der ikke er spr\u00f8jtet direkte, og undg\u00e5 un\u00f8dvendig perforering af sv\u00e6kket tr\u00e6.<\/li>\n<li>Ved udend\u00f8rs jordbehandling p\u00e5 naturlige overflader graves en rende p\u00e5 40 x 40 cm rundt om huset ved foden af v\u00e6ggene, og den fyldes med den fortyndede opl\u00f8sning.<\/li>\n<li>Til udend\u00f8rs menneskeskabte overflader skal du bore lodrette huller for hver 15 til 20 centimeter for at skabe en injektionslinje og injicere 1 liter fortyndet opl\u00f8sning pr. hul.<\/li>\n<li>Til indvendige menneskeskabte overflader skal du bore lodrette huller for hver 15 til 20 centimeter for at skabe en injektionslinje og injicere 1 liter fortyndet opl\u00f8sning pr. hul.<\/li>\n<li>Til jordsl\u00e5ede gulve skal du bruge en vandkande til at sprede 4 til 5 liter fortyndet opl\u00f8sning j\u00e6vnt over hele overfladen.<\/li>\n<\/ul>","protected":false},"excerpt":{"rendered":"<p>Eliminates and prevents termite infestations with a single powerful solution. Our termite treatment is specially formulated to both prevent future infestations and eradicate existing termite colonies. It acts quickly on contact and continues working over time, creating a protective barrier that stops termites from damaging wood, structures, and foundations. The most effective termite control formula [&hellip;]<\/p>\n","protected":false},"featured_media":23266,"comment_status":"open","ping_status":"closed","template":"","meta":{"_uag_custom_page_level_css":"","site-sidebar-layout":"default","site-content-layout":"","ast-site-content-layout":"default","site-content-style":"default","site-sidebar-style":"default","ast-global-header-display":"","ast-banner-title-visibility":"","ast-main-header-display":"","ast-hfb-above-header-display":"","ast-hfb-below-header-display":"","ast-hfb-mobile-header-display":"","site-post-title":"","ast-breadcrumbs-content":"","ast-featured-img":"","footer-sml-layout":"","ast-disable-related-posts":"","theme-transparent-header-meta":"default","adv-header-id-meta":"","stick-header-meta":"","header-above-stick-meta":"","header-main-stick-meta":"","header-below-stick-meta":"","astra-migrate-meta-layouts":"set","ast-page-background-enabled":"default","ast-page-background-meta":{"desktop":{"background-color":"var(--ast-global-color-4)","background-image":"","background-repeat":"repeat","background-position":"center center","background-size":"auto","background-attachment":"scroll","background-type":"","background-media":"","overlay-type":"","overlay-color":"","overlay-opacity":"","overlay-gradient":""},"tablet":{"background-color":"","background-image":"","background-repeat":"repeat","background-position":"center center","background-size":"auto","background-attachment":"scroll","background-type":"","background-media":"","overlay-type":"","overlay-color":"","overlay-opacity":"","overlay-gradient":""},"mobile":{"background-color":"","background-image":"","background-repeat":"repeat","background-position":"center center","background-size":"auto","background-attachment":"scroll","background-type":"","background-media":"","overlay-type":"","overlay-color":"","overlay-opacity":"","overlay-gradient":""}},"ast-content-background-meta":{"desktop":{"background-color":"var(--ast-global-color-5)","background-image":"","background-repeat":"repeat","background-position":"center center","background-size":"auto","background-attachment":"scroll","background-type":"","background-media":"","overlay-type":"","overlay-color":"","overlay-opacity":"","overlay-gradient":""},"tablet":{"background-color":"var(--ast-global-color-5)","background-image":"","background-repeat":"repeat","background-position":"center center","background-size":"auto","background-attachment":"scroll","background-type":"","background-media":"","overlay-type":"","overlay-color":"","overlay-opacity":"","overlay-gradient":""},"mobile":{"background-color":"var(--ast-global-color-5)","background-image":"","background-repeat":"repeat","background-position":"center center","background-size":"auto","background-attachment":"scroll","background-type":"","background-media":"","overlay-type":"","overlay-color":"","overlay-opacity":"","overlay-gradient":""}}},"product_brand":[],"product_cat":[15],"product_tag":[],"class_list":{"0":"post-23156","1":"product","2":"type-product","3":"status-publish","4":"has-post-thumbnail","6":"product_cat-shop","7":"desktop-align-left","8":"tablet-align-left","9":"mobile-align-left","11":"first","12":"instock","13":"sale","14":"taxable","15":"shipping-taxable","16":"purchasable","17":"product-type-variable","18":"has-default-attributes"},"spectra_custom_meta":{"_visibility":["visible"],"_shopify_product_id":["3769888473181"],"_s2w_shopify_domain":["notermite.myshopify.com"],"_shopify_variant_id":["29161271984221"],"_manage_stock":["no"],"total_sales":["336"],"_tax_status":["taxable"],"_tax_class":[""],"_backorders":["no"],"_sold_individually":["no"],"_virtual":["no"],"_downloadable":["no"],"_download_limit":["-1"],"_download_expiry":["-1"],"_stock":[null],"_stock_status":["instock"],"_wc_average_rating":["4.79"],"_wc_review_count":["136"],"_product_attributes":["a:1:{s:6:\"volume\";a:6:{s:4:\"name\";s:6:\"Volume\";s:5:\"value\";s:30:\"1 liter | 5 liters | 25 liters\";s:8:\"position\";i:1;s:10:\"is_visible\";i:0;s:12:\"is_variation\";i:1;s:11:\"is_taxonomy\";i:0;}}"],"_product_version":["10.5.2"],"_thumbnail_id":["23266"],"_product_image_gallery":["23267,23269"],"_edit_lock":["1772383788:1"],"merchant-center-availability":["yes"],"merchant-center-category":["512"],"merchant-center-id":["AT"],"_edit_last":["1"],"_wp_page_template":["default"],"site-sidebar-layout":["default"],"ast-site-content-layout":["default"],"site-content-style":["default"],"site-sidebar-style":["default"],"theme-transparent-header-meta":["default"],"_default_attributes":["a:1:{s:6:\"volume\";s:7:\"1 liter\";}"],"_price":["29.90","129.90","499.90"],"_wc_rating_count":["a:3:{i:3;i:5;i:4;i:19;i:5;i:112;}"],"astra-migrate-meta-layouts":["set"],"_uag_css_file_name":["uag-css-23156.css"],"_elementor_page_assets":["a:0:{}"]},"uagb_featured_image_src":{"full":["https:\/\/www.notermite.net\/wp-content\/uploads\/2025\/06\/TermiteTreatement1L.jpg",2560,2560,false],"thumbnail":["https:\/\/www.notermite.net\/wp-content\/uploads\/2025\/06\/TermiteTreatement1L-150x150.jpg",150,150,true],"medium":["https:\/\/www.notermite.net\/wp-content\/uploads\/2025\/06\/TermiteTreatement1L-300x300.jpg",300,300,true],"medium_large":["https:\/\/www.notermite.net\/wp-content\/uploads\/2025\/06\/TermiteTreatement1L-768x768.jpg",768,768,true],"large":["https:\/\/www.notermite.net\/wp-content\/uploads\/2025\/06\/TermiteTreatement1L-1024x1024.jpg",1024,1024,true],"1536x1536":["https:\/\/www.notermite.net\/wp-content\/uploads\/2025\/06\/TermiteTreatement1L-1536x1536.jpg",1536,1536,true],"2048x2048":["https:\/\/www.notermite.net\/wp-content\/uploads\/2025\/06\/TermiteTreatement1L-2048x2048.jpg",2048,2048,true],"trp-custom-language-flag":["https:\/\/www.notermite.net\/wp-content\/uploads\/2025\/06\/TermiteTreatement1L-12x12.jpg",12,12,true],"woocommerce_thumbnail":["https:\/\/www.notermite.net\/wp-content\/uploads\/2025\/06\/TermiteTreatement1L-300x300.jpg",300,300,true],"woocommerce_single":["https:\/\/www.notermite.net\/wp-content\/uploads\/2025\/06\/TermiteTreatement1L-600x600.jpg",600,600,true],"woocommerce_gallery_thumbnail":["https:\/\/www.notermite.net\/wp-content\/uploads\/2025\/06\/TermiteTreatement1L-100x100.jpg",100,100,true]},"uagb_author_info":{"display_name":"admin","author_link":"https:\/\/www.notermite.net\/dk\/author\/"},"uagb_comment_info":136,"uagb_excerpt":"Eliminates and prevents termite infestations with a single powerful solution. Our termite treatment is specially formulated to both prevent future infestations and eradicate existing termite colonies. It acts quickly on contact and continues working over time, creating a protective barrier that stops termites from damaging wood, structures, and foundations. The most effective termite control formula&hellip;","_links":{"self":[{"href":"https:\/\/www.notermite.net\/dk\/wp-json\/wp\/v2\/product\/23156","targetHints":{"allow":["GET"]}}],"collection":[{"href":"https:\/\/www.notermite.net\/dk\/wp-json\/wp\/v2\/product"}],"about":[{"href":"https:\/\/www.notermite.net\/dk\/wp-json\/wp\/v2\/types\/product"}],"replies":[{"embeddable":true,"href":"https:\/\/www.notermite.net\/dk\/wp-json\/wp\/v2\/comments?post=23156"}],"version-history":[{"count":6,"href":"https:\/\/www.notermite.net\/dk\/wp-json\/wp\/v2\/product\/23156\/revisions"}],"predecessor-version":[{"id":24105,"href":"https:\/\/www.notermite.net\/dk\/wp-json\/wp\/v2\/product\/23156\/revisions\/24105"}],"wp:featuredmedia":[{"embeddable":true,"href":"https:\/\/www.notermite.net\/dk\/wp-json\/wp\/v2\/media\/23266"}],"wp:attachment":[{"href":"https:\/\/www.notermite.net\/dk\/wp-json\/wp\/v2\/media?parent=23156"}],"wp:term":[{"taxonomy":"product_brand","embeddable":true,"href":"https:\/\/www.notermite.net\/dk\/wp-json\/wp\/v2\/product_brand?post=23156"},{"taxonomy":"product_cat","embeddable":true,"href":"https:\/\/www.notermite.net\/dk\/wp-json\/wp\/v2\/product_cat?post=23156"},{"taxonomy":"product_tag","embeddable":true,"href":"https:\/\/www.notermite.net\/dk\/wp-json\/wp\/v2\/product_tag?post=23156"}],"curies":[{"name":"wp","href":"https:\/\/api.w.org\/{rel}","templated":true}]}}