{"id":23156,"date":"2025-06-03T17:28:24","date_gmt":"2025-06-03T15:28:24","guid":{"rendered":"https:\/\/www.notermite.net\/products\/termite-treatment\/"},"modified":"2026-03-01T17:38:42","modified_gmt":"2026-03-01T16:38:42","slug":"termite-treatment","status":"publish","type":"product","link":"https:\/\/www.notermite.net\/fi\/products\/termite-treatment\/","title":{"rendered":"Termiitin hoito"},"content":{"rendered":"<p><strong><img decoding=\"async\" style=\"margin-right: 12px;\" src=\"https:\/\/www.notermite.net\/wp-content\/uploads\/2026\/02\/Check.svg\" alt=\"\" width=\"18\" height=\"15\" \/>Poistaa ja ehk\u00e4isee termiittituhoja yhdell\u00e4 tehokkaalla ratkaisulla.<\/strong> Termiittik\u00e4sittelymme on suunniteltu erityisesti est\u00e4m\u00e4\u00e4n tulevia tartuntoja ja h\u00e4vitt\u00e4m\u00e4\u00e4n olemassa olevia termiittipes\u00e4kkeit\u00e4. Se vaikuttaa nopeasti kosketuksesta ja jatkaa toimintaansa ajan my\u00f6t\u00e4 luoden suojaavan esteen, joka est\u00e4\u00e4 termiittej\u00e4 vahingoittamasta puuta, rakenteita ja perustuksia.<\/p>\n<p><strong><img decoding=\"async\" style=\"margin-right: 12px;\" src=\"https:\/\/www.notermite.net\/wp-content\/uploads\/2026\/02\/Check.svg\" alt=\"\" width=\"18\" height=\"15\" \/>Markkinoiden tehokkain termiittien torjuntakaava.<\/strong> Tehokkaiden aktiivisten ainesosiensa ansiosta t\u00e4m\u00e4 k\u00e4sittelyaine tunkeutuu syv\u00e4lle puuhun ja maaper\u00e4\u00e4n ja torjuu termiitit niiden alkul\u00e4hteill\u00e4. Se ei ainoastaan tapa n\u00e4kyvi\u00e4 termiittej\u00e4, vaan levi\u00e4\u00e4 my\u00f6s pes\u00e4kkeeseen kosketuksen kautta, mik\u00e4 takaa t\u00e4ydellisen h\u00e4vitt\u00e4misen.<\/p>\n<p><strong><img decoding=\"async\" style=\"margin-right: 12px;\" src=\"https:\/\/www.notermite.net\/wp-content\/uploads\/2026\/02\/Check.svg\" alt=\"\" width=\"18\" height=\"15\" \/>Halvin saatavilla oleva ammattik\u00e4ytt\u00f6\u00f6n tarkoitettu termiittik\u00e4sittely.<\/strong> Tarjoamme kilpailukykyisimm\u00e4n hinnan tinkim\u00e4tt\u00e4 lujuudesta tai luotettavuudesta. Saat ammattitason tuholaistorjuntatuloksia murto-osalla kustannuksista, jotka aiheutuvat erikoistuneiden tuholaistorjuntapalvelujen palkkaamisesta.<\/p>\n<p><strong><img decoding=\"async\" style=\"margin-right: 12px;\" src=\"https:\/\/www.notermite.net\/wp-content\/uploads\/2026\/02\/Check.svg\" alt=\"\" width=\"18\" height=\"15\" \/>24 tunnin toimitus kiireellisi\u00e4 tartuntoja varten.<\/strong> Takaamme 24 tunnin toimituksen, jotta voit reagoida v\u00e4litt\u00f6m\u00e4sti termiittitoimintaan. Nopea toiminta on v\u00e4ltt\u00e4m\u00e4t\u00f6nt\u00e4 rakenteellisten vahinkojen rajoittamiseksi, ja nopea toimituksemme takaa, ett\u00e4 voit aloittaa hoidon viipym\u00e4tt\u00e4.<\/p>\n<p><strong><img decoding=\"async\" style=\"margin-right: 12px;\" src=\"https:\/\/www.notermite.net\/wp-content\/uploads\/2026\/02\/Check.svg\" alt=\"\" width=\"18\" height=\"15\" \/>Rahat takaisin -takuu takaa t\u00e4ydellisen mielenrauhan.<\/strong> Tarjoamme t\u00e4yden rahat takaisin -takuun. Jos et ole t\u00e4ysin tyytyv\u00e4inen termiittik\u00e4sittelymme suorituskykyyn, palautamme ostoksesi. Investointisi on t\u00e4ysin riskit\u00f6n.<\/p>\n<p><strong><img decoding=\"async\" style=\"margin-right: 12px;\" src=\"https:\/\/www.notermite.net\/wp-content\/uploads\/2026\/02\/Check.svg\" alt=\"\" width=\"18\" height=\"15\" \/>Kaksitoiminen kaava ennaltaehk\u00e4isyyn ja h\u00e4vitt\u00e4miseen.<\/strong> Olipa kyseess\u00e4 uuden rakennushankkeen suojaaminen tai aktiivisen tartunnan poistaminen, t\u00e4m\u00e4 tuote mukautuu tarpeisiisi ennaltaehk\u00e4isev\u00e4\u00e4 tai parantavaa k\u00e4sittely\u00e4 varten erityisten laimennussuhteiden avulla.<\/p>\n<p><strong><img decoding=\"async\" style=\"margin-right: 12px;\" src=\"https:\/\/www.notermite.net\/wp-content\/uploads\/2026\/02\/Check.svg\" alt=\"\" width=\"18\" height=\"15\" \/>Pitk\u00e4kestoinen suojaava este maaper\u00e4ss\u00e4 ja puussa.<\/strong> K\u00e4sittelyn j\u00e4lkeen k\u00e4sittely muodostaa kest\u00e4v\u00e4n kemiallisen esteen maahan ja puurakenteiden sis\u00e4lle, joka est\u00e4\u00e4 termiittej\u00e4 p\u00e4\u00e4sem\u00e4st\u00e4 maahan tai palaamasta sinne.<\/p>\n<p><strong><img decoding=\"async\" style=\"margin-right: 12px;\" src=\"https:\/\/www.notermite.net\/wp-content\/uploads\/2026\/02\/Check.svg\" alt=\"\" width=\"18\" height=\"15\" \/>Joustavat levitysmenetelm\u00e4t jokaiseen tilanteeseen.<\/strong> Tuote soveltuu kaivantok\u00e4sittelyyn, runsaaseen kasteluun, ruiskutukseen ja porattuihin reikiin ruiskuttamiseen, ja sit\u00e4 voidaan k\u00e4ytt\u00e4\u00e4 luonnonmaahan, betonilaatoihin, puurunkoihin, hakattuihin maalattioihin ja perustuksiin.<\/p>\n<p><strong><img decoding=\"async\" style=\"margin-right: 12px;\" src=\"https:\/\/www.notermite.net\/wp-content\/uploads\/2026\/02\/Check.svg\" alt=\"\" width=\"18\" height=\"15\" \/>Suuri kattavuus ja tarkka annostuksen s\u00e4\u00e4t\u00f6.<\/strong> Selke\u00e4sti m\u00e4\u00e4riteltyjen laimennussuhteiden ja k\u00e4sitellyn pinnan ohjeiden avulla voit laskea tarkasti kaivantoja, kastelua tai injektointilinjoja varten tarvittavan m\u00e4\u00e4r\u00e4n, mik\u00e4 takaa optimaalisen tehokkuuden ja kustannusten hallinnan.<\/p>\n<p><strong><img decoding=\"async\" style=\"margin-right: 12px;\" src=\"https:\/\/www.notermite.net\/wp-content\/uploads\/2026\/02\/Check.svg\" alt=\"\" width=\"18\" height=\"15\" \/>Suojaa rakennusten rakenteellista eheytt\u00e4.<\/strong> Poistamalla termiitit ja est\u00e4m\u00e4ll\u00e4 uudelleen esiintymisen t\u00e4m\u00e4 k\u00e4sittely suojaa puuta, runkoja, perustuksia ja kantavia rakenteita ja auttaa pident\u00e4m\u00e4\u00e4n kiinteist\u00f6si elinik\u00e4\u00e4.<\/p>\n<h2><strong>Ohjeet<\/strong><\/h2>\n<ul>\n<li>Ennaltaehk\u00e4isev\u00e4\u00e4 k\u00e4ytt\u00f6\u00e4 varten laimenna 1 litra v\u00e4kev\u00e4\u00e4 liuosta 49 litraan vett\u00e4, jolloin saat 50 litraa k\u00e4ytt\u00f6valmista k\u00e4sittely\u00e4.<\/li>\n<li>T\u00e4ll\u00e4 ennaltaehk\u00e4isev\u00e4ll\u00e4 laimennoksella voit t\u00e4ytt\u00e4\u00e4 20 metrin suoraviivaisen kaivannon tai kastella runsaasti 10 neli\u00f6metri\u00e4.<\/li>\n<li>Nykyisten termiittien h\u00e4vitt\u00e4miseksi laimenna 1 litra v\u00e4kev\u00e4\u00e4 liuosta 9 litraan vett\u00e4, jotta saat 10 litraa k\u00e4ytt\u00f6valmista k\u00e4sittely\u00e4.<\/li>\n<li>T\u00e4ll\u00e4 parantavalla laimennoksella voit t\u00e4ytt\u00e4\u00e4 4 metrin lineaarisen kaivannon tai kastella runsaasti 2 neli\u00f6metri\u00e4.<\/li>\n<li>Ruiskutettaessa pinnoille tai suoraan termiiteille, levit\u00e4 v\u00e4kev\u00f6ity liuos puhtaana, enint\u00e4\u00e4n 20 neli\u00f6metri\u00e4 litraa kohti.<\/li>\n<li>Rakentamista edelt\u00e4v\u00e4ss\u00e4 k\u00e4sittelyss\u00e4 levitet\u00e4\u00e4n 4 - 5 litraa laimennettua liuosta kastelukannulla tulevan rakennusalueen koko pinnalle, mukaan lukien perustukset ja kaivannot.<\/li>\n<li>Puun ja runkojen j\u00e4lkik\u00e4sittelyss\u00e4 ruiskuta laimennettua liuosta tai puhdasta liuosta koko pinnalle ja suoraan termiitteihin. Termiitit levitt\u00e4v\u00e4t tuotetta kesken\u00e4\u00e4n, jolloin varmistetaan sellaisten yksil\u00f6iden h\u00e4vitt\u00e4minen, joita ei ole ruiskutettu suoraan, ja v\u00e4ltet\u00e4\u00e4n heikentyneen puun tarpeeton l\u00e4vist\u00e4minen.<\/li>\n<li>Ulkona luonnonpinnoilla teht\u00e4v\u00e4ss\u00e4 maank\u00e4sittelyss\u00e4 kaiva 40 x 40 cm:n kokoinen kaivanto talon ymp\u00e4rille seinien juurelle ja t\u00e4yt\u00e4 se laimennetulla liuoksella.<\/li>\n<li>Ulkona oleville keinotekoisille pinnoille poraa pystysuorat rei\u00e4t 15-20 senttimetrin v\u00e4lein ruiskutuslinjan luomiseksi ja ruiskuta 1 litra laimennettua liuosta reik\u00e4\u00e4 kohti.<\/li>\n<li>Sis\u00e4tilojen keinotekoisille pinnoille porataan pystysuoria reiki\u00e4 15-20 senttimetrin v\u00e4lein ruiskutuslinjan luomiseksi ja ruiskutetaan 1 litra laimennettua liuosta reik\u00e4\u00e4 kohti.<\/li>\n<li>Hakatun maan lattioille levitet\u00e4\u00e4n kastelukannulla 4 - 5 litraa laimennettua liuosta tasaisesti koko pinnalle.<\/li>\n<\/ul>","protected":false},"excerpt":{"rendered":"<p>Eliminates and prevents termite infestations with a single powerful solution. Our termite treatment is specially formulated to both prevent future infestations and eradicate existing termite colonies. It acts quickly on contact and continues working over time, creating a protective barrier that stops termites from damaging wood, structures, and foundations. The most effective termite control formula [&hellip;]<\/p>\n","protected":false},"featured_media":23266,"comment_status":"open","ping_status":"closed","template":"","meta":{"_uag_custom_page_level_css":"","site-sidebar-layout":"default","site-content-layout":"","ast-site-content-layout":"default","site-content-style":"default","site-sidebar-style":"default","ast-global-header-display":"","ast-banner-title-visibility":"","ast-main-header-display":"","ast-hfb-above-header-display":"","ast-hfb-below-header-display":"","ast-hfb-mobile-header-display":"","site-post-title":"","ast-breadcrumbs-content":"","ast-featured-img":"","footer-sml-layout":"","ast-disable-related-posts":"","theme-transparent-header-meta":"default","adv-header-id-meta":"","stick-header-meta":"","header-above-stick-meta":"","header-main-stick-meta":"","header-below-stick-meta":"","astra-migrate-meta-layouts":"set","ast-page-background-enabled":"default","ast-page-background-meta":{"desktop":{"background-color":"var(--ast-global-color-4)","background-image":"","background-repeat":"repeat","background-position":"center center","background-size":"auto","background-attachment":"scroll","background-type":"","background-media":"","overlay-type":"","overlay-color":"","overlay-opacity":"","overlay-gradient":""},"tablet":{"background-color":"","background-image":"","background-repeat":"repeat","background-position":"center center","background-size":"auto","background-attachment":"scroll","background-type":"","background-media":"","overlay-type":"","overlay-color":"","overlay-opacity":"","overlay-gradient":""},"mobile":{"background-color":"","background-image":"","background-repeat":"repeat","background-position":"center center","background-size":"auto","background-attachment":"scroll","background-type":"","background-media":"","overlay-type":"","overlay-color":"","overlay-opacity":"","overlay-gradient":""}},"ast-content-background-meta":{"desktop":{"background-color":"var(--ast-global-color-5)","background-image":"","background-repeat":"repeat","background-position":"center center","background-size":"auto","background-attachment":"scroll","background-type":"","background-media":"","overlay-type":"","overlay-color":"","overlay-opacity":"","overlay-gradient":""},"tablet":{"background-color":"var(--ast-global-color-5)","background-image":"","background-repeat":"repeat","background-position":"center center","background-size":"auto","background-attachment":"scroll","background-type":"","background-media":"","overlay-type":"","overlay-color":"","overlay-opacity":"","overlay-gradient":""},"mobile":{"background-color":"var(--ast-global-color-5)","background-image":"","background-repeat":"repeat","background-position":"center center","background-size":"auto","background-attachment":"scroll","background-type":"","background-media":"","overlay-type":"","overlay-color":"","overlay-opacity":"","overlay-gradient":""}}},"product_brand":[],"product_cat":[15],"product_tag":[],"class_list":{"0":"post-23156","1":"product","2":"type-product","3":"status-publish","4":"has-post-thumbnail","6":"product_cat-shop","7":"desktop-align-left","8":"tablet-align-left","9":"mobile-align-left","11":"first","12":"instock","13":"sale","14":"taxable","15":"shipping-taxable","16":"purchasable","17":"product-type-variable","18":"has-default-attributes"},"spectra_custom_meta":{"_visibility":["visible"],"_shopify_product_id":["3769888473181"],"_s2w_shopify_domain":["notermite.myshopify.com"],"_shopify_variant_id":["29161271984221"],"_manage_stock":["no"],"total_sales":["336"],"_tax_status":["taxable"],"_tax_class":[""],"_backorders":["no"],"_sold_individually":["no"],"_virtual":["no"],"_downloadable":["no"],"_download_limit":["-1"],"_download_expiry":["-1"],"_stock":[null],"_stock_status":["instock"],"_wc_average_rating":["4.79"],"_wc_review_count":["136"],"_product_attributes":["a:1:{s:6:\"volume\";a:6:{s:4:\"name\";s:6:\"Volume\";s:5:\"value\";s:30:\"1 liter | 5 liters | 25 liters\";s:8:\"position\";i:1;s:10:\"is_visible\";i:0;s:12:\"is_variation\";i:1;s:11:\"is_taxonomy\";i:0;}}"],"_product_version":["10.5.2"],"_thumbnail_id":["23266"],"_product_image_gallery":["23267,23269"],"_edit_lock":["1772383788:1"],"merchant-center-availability":["yes"],"merchant-center-category":["512"],"merchant-center-id":["AT"],"_edit_last":["1"],"_wp_page_template":["default"],"site-sidebar-layout":["default"],"ast-site-content-layout":["default"],"site-content-style":["default"],"site-sidebar-style":["default"],"theme-transparent-header-meta":["default"],"_default_attributes":["a:1:{s:6:\"volume\";s:7:\"1 liter\";}"],"_price":["29.90","129.90","499.90"],"_wc_rating_count":["a:3:{i:3;i:5;i:4;i:19;i:5;i:112;}"],"astra-migrate-meta-layouts":["set"],"_uag_css_file_name":["uag-css-23156.css"],"_elementor_page_assets":["a:0:{}"]},"uagb_featured_image_src":{"full":["https:\/\/www.notermite.net\/wp-content\/uploads\/2025\/06\/TermiteTreatement1L.jpg",2560,2560,false],"thumbnail":["https:\/\/www.notermite.net\/wp-content\/uploads\/2025\/06\/TermiteTreatement1L-150x150.jpg",150,150,true],"medium":["https:\/\/www.notermite.net\/wp-content\/uploads\/2025\/06\/TermiteTreatement1L-300x300.jpg",300,300,true],"medium_large":["https:\/\/www.notermite.net\/wp-content\/uploads\/2025\/06\/TermiteTreatement1L-768x768.jpg",768,768,true],"large":["https:\/\/www.notermite.net\/wp-content\/uploads\/2025\/06\/TermiteTreatement1L-1024x1024.jpg",1024,1024,true],"1536x1536":["https:\/\/www.notermite.net\/wp-content\/uploads\/2025\/06\/TermiteTreatement1L-1536x1536.jpg",1536,1536,true],"2048x2048":["https:\/\/www.notermite.net\/wp-content\/uploads\/2025\/06\/TermiteTreatement1L-2048x2048.jpg",2048,2048,true],"trp-custom-language-flag":["https:\/\/www.notermite.net\/wp-content\/uploads\/2025\/06\/TermiteTreatement1L-12x12.jpg",12,12,true],"woocommerce_thumbnail":["https:\/\/www.notermite.net\/wp-content\/uploads\/2025\/06\/TermiteTreatement1L-300x300.jpg",300,300,true],"woocommerce_single":["https:\/\/www.notermite.net\/wp-content\/uploads\/2025\/06\/TermiteTreatement1L-600x600.jpg",600,600,true],"woocommerce_gallery_thumbnail":["https:\/\/www.notermite.net\/wp-content\/uploads\/2025\/06\/TermiteTreatement1L-100x100.jpg",100,100,true]},"uagb_author_info":{"display_name":"admin","author_link":"https:\/\/www.notermite.net\/fi\/author\/"},"uagb_comment_info":136,"uagb_excerpt":"Eliminates and prevents termite infestations with a single powerful solution. Our termite treatment is specially formulated to both prevent future infestations and eradicate existing termite colonies. It acts quickly on contact and continues working over time, creating a protective barrier that stops termites from damaging wood, structures, and foundations. The most effective termite control formula&hellip;","_links":{"self":[{"href":"https:\/\/www.notermite.net\/fi\/wp-json\/wp\/v2\/product\/23156","targetHints":{"allow":["GET"]}}],"collection":[{"href":"https:\/\/www.notermite.net\/fi\/wp-json\/wp\/v2\/product"}],"about":[{"href":"https:\/\/www.notermite.net\/fi\/wp-json\/wp\/v2\/types\/product"}],"replies":[{"embeddable":true,"href":"https:\/\/www.notermite.net\/fi\/wp-json\/wp\/v2\/comments?post=23156"}],"version-history":[{"count":6,"href":"https:\/\/www.notermite.net\/fi\/wp-json\/wp\/v2\/product\/23156\/revisions"}],"predecessor-version":[{"id":24105,"href":"https:\/\/www.notermite.net\/fi\/wp-json\/wp\/v2\/product\/23156\/revisions\/24105"}],"wp:featuredmedia":[{"embeddable":true,"href":"https:\/\/www.notermite.net\/fi\/wp-json\/wp\/v2\/media\/23266"}],"wp:attachment":[{"href":"https:\/\/www.notermite.net\/fi\/wp-json\/wp\/v2\/media?parent=23156"}],"wp:term":[{"taxonomy":"product_brand","embeddable":true,"href":"https:\/\/www.notermite.net\/fi\/wp-json\/wp\/v2\/product_brand?post=23156"},{"taxonomy":"product_cat","embeddable":true,"href":"https:\/\/www.notermite.net\/fi\/wp-json\/wp\/v2\/product_cat?post=23156"},{"taxonomy":"product_tag","embeddable":true,"href":"https:\/\/www.notermite.net\/fi\/wp-json\/wp\/v2\/product_tag?post=23156"}],"curies":[{"name":"wp","href":"https:\/\/api.w.org\/{rel}","templated":true}]}}