{"id":23156,"date":"2025-06-03T17:28:24","date_gmt":"2025-06-03T15:28:24","guid":{"rendered":"https:\/\/www.notermite.net\/products\/termite-treatment\/"},"modified":"2026-03-01T17:38:42","modified_gmt":"2026-03-01T16:38:42","slug":"termite-treatment","status":"publish","type":"product","link":"https:\/\/www.notermite.net\/hr\/products\/termite-treatment\/","title":{"rendered":"Tretman protiv termita"},"content":{"rendered":"<p><strong><img decoding=\"async\" style=\"margin-right: 12px;\" src=\"https:\/\/www.notermite.net\/wp-content\/uploads\/2026\/02\/Check.svg\" alt=\"\" width=\"18\" height=\"15\" \/>Eliminira i sprje\u010dava najezdu termita jednim mo\u0107nim rje\u0161enjem.<\/strong> Na\u0161a obrada protiv termita posebno je formulirana kako bi sprije\u010dila budu\u0107e najezde i iskorijenila postoje\u0107e kolonije termita. Djeluje brzo pri kontaktu i nastavlja djelovati tijekom vremena, stvaraju\u0107i za\u0161titni sloj koji sprje\u010dava o\u0161te\u0107enje drva, konstrukcija i temelja.<\/p>\n<p><strong><img decoding=\"async\" style=\"margin-right: 12px;\" src=\"https:\/\/www.notermite.net\/wp-content\/uploads\/2026\/02\/Check.svg\" alt=\"\" width=\"18\" height=\"15\" \/>Naju\u010dinkovitija formula za kontrolu termita na tr\u017ei\u0161tu.<\/strong> Zahvaljuju\u0107i svojim visokou\u010dinkovitim aktivnim sastojcima, ova se tretman duboko prodire u drvo i tlo, ciljaju\u0107i termite u njihovom izvoru. Ne samo da ubija vidljive termite, ve\u0107 se i \u0161iri unutar kolonije putem kontakta, osiguravaju\u0107i potpunu eradikaciju.<\/p>\n<p><strong><img decoding=\"async\" style=\"margin-right: 12px;\" src=\"https:\/\/www.notermite.net\/wp-content\/uploads\/2026\/02\/Check.svg\" alt=\"\" width=\"18\" height=\"15\" \/>Najjeftiniji profesionalni tretman protiv termita dostupan.<\/strong> Nudimo najkonkurentniju cijenu bez kompromisa u snazi ili pouzdanosti. Dobivate rezultate profesionalne kontrole \u0161teto\u010dina po djeli\u0107u tro\u0161ka anga\u017eiranja specijaliziranih usluga istrebljenja.<\/p>\n<p><strong><img decoding=\"async\" style=\"margin-right: 12px;\" src=\"https:\/\/www.notermite.net\/wp-content\/uploads\/2026\/02\/Check.svg\" alt=\"\" width=\"18\" height=\"15\" \/>24-satna dostava za hitne najezde.<\/strong> Jam\u010dimo 24-satnu dostavu kako biste mogli odmah reagirati na aktivnost termita. Brza akcija klju\u010dna je za ograni\u010davanje strukturnih o\u0161te\u0107enja, a na\u0161a brza dostava osigurava da mo\u017eete zapo\u010deti tretman bez odgode.<\/p>\n<p><strong><img decoding=\"async\" style=\"margin-right: 12px;\" src=\"https:\/\/www.notermite.net\/wp-content\/uploads\/2026\/02\/Check.svg\" alt=\"\" width=\"18\" height=\"15\" \/>Jamstvo povrata novca za potpuni mir.<\/strong> Nudimo punu garanciju povrata novca. Ako niste u potpunosti zadovoljni u\u010dinkom na\u0161e obrade protiv termita, vratit \u0107emo vam novac. Va\u0161a je investicija potpuno bez rizika.<\/p>\n<p><strong><img decoding=\"async\" style=\"margin-right: 12px;\" src=\"https:\/\/www.notermite.net\/wp-content\/uploads\/2026\/02\/Check.svg\" alt=\"\" width=\"18\" height=\"15\" \/>Formula dvostrukog djelovanja za prevenciju i iskorjenjivanje.<\/strong> Bilo da \u0161titite novi gra\u0111evinski projekt ili uklanjate aktivnu infestaciju, ovaj se proizvod prilago\u0111ava va\u0161im potrebama pomo\u0107u specifi\u010dnih omjera razrje\u0111ivanja za preventivno ili kurativno tretiranje.<\/p>\n<p><strong><img decoding=\"async\" style=\"margin-right: 12px;\" src=\"https:\/\/www.notermite.net\/wp-content\/uploads\/2026\/02\/Check.svg\" alt=\"\" width=\"18\" height=\"15\" \/>Dugotrajna za\u0161titna barijera u tlu i drvu.<\/strong> Nakon nano\u0161enja, tretman stvara trajnu kemijsku barijeru u tlu i unutar drvenih konstrukcija, sprje\u010davaju\u0107i termite da u\u0111u ili se vrate.<\/p>\n<p><strong><img decoding=\"async\" style=\"margin-right: 12px;\" src=\"https:\/\/www.notermite.net\/wp-content\/uploads\/2026\/02\/Check.svg\" alt=\"\" width=\"18\" height=\"15\" \/>Fleksibilne metode primjene za svaku situaciju.<\/strong> Pogodan za tretman rovova, obilno zalijevanje, prskanje i injektiranje u bu\u0161otine, proizvod se mo\u017ee primijeniti na prirodno tlo, betonske plo\u010de, drvene okvire, tla\u010dene zemljane podove i temelje.<\/p>\n<p><strong><img decoding=\"async\" style=\"margin-right: 12px;\" src=\"https:\/\/www.notermite.net\/wp-content\/uploads\/2026\/02\/Check.svg\" alt=\"\" width=\"18\" height=\"15\" \/>Visoka pokrivenost s preciznom kontrolom doziranja.<\/strong> Uz jasno definirane omjere razrje\u0111enja i smjernice za tretirane povr\u0161ine, mo\u017eete to\u010dno izra\u010dunati potrebnu koli\u010dinu za rovove, zalijevanje ili injekcijske linije, osiguravaju\u0107i optimalnu u\u010dinkovitost i kontrolu tro\u0161kova.<\/p>\n<p><strong><img decoding=\"async\" style=\"margin-right: 12px;\" src=\"https:\/\/www.notermite.net\/wp-content\/uploads\/2026\/02\/Check.svg\" alt=\"\" width=\"18\" height=\"15\" \/>\u0160titi strukturni integritet zgrada.<\/strong> Eliminiranjem termita i sprje\u010davanjem ponovne zaraze, ova obrada \u0161titi drvo, okvire, temelje i nosive konstrukcije, poma\u017eu\u0107i produ\u017eiti vijek trajanja va\u0161e nekretnine.<\/p>\n<h2><strong>Upute<\/strong><\/h2>\n<ul>\n<li>Za preventivnu upotrebu razrijedite 1 litru koncentrirane otopine u 49 litara vode kako biste dobili 50 litara gotove otopine za upotrebu.<\/li>\n<li>Ovom preventivnom razrje\u0111enjem mo\u017eete napuniti 20-metarski linearni rov ili obilno zaliti 10 \u010detvornih metara.<\/li>\n<li>Za iskorjenjivanje postoje\u0107ih termita razrijedite 1 litru koncentrirane otopine u 9 litara vode kako biste dobili 10 litara gotove otopine za tretman.<\/li>\n<li>Ovom ljekovitim razrje\u0111enjem mo\u017eete napuniti 4-metarski linearni rov ili obilno zaliti 2 \u010detvorne metre.<\/li>\n<li>Za raspr\u0161ivanje na povr\u0161inama ili izravno na termite nanesite koncentrirani otopinu u \u010distom obliku, pokrivaju\u0107i do 20 \u010detvornih metara po litri.<\/li>\n<li>Za tretman prije izgradnje raspr\u0161ite 4 do 5 litara razrije\u0111enog otopina pomo\u0107u zalijeva\u010da po cijeloj povr\u0161ini budu\u0107eg gradili\u0161ta, uklju\u010duju\u0107i temelje i rovove.<\/li>\n<li>Za post-gradnja\u010dku obradu drva i okvira raspr\u0161ite razrije\u0111eni ili \u010distu otopinu po cijeloj povr\u0161ini i izravno na termite. Termiti \u0107e proizvod me\u0111usobno pro\u0161iriti, \u010dime \u0107e se osigurati uklanjanje jedinki koje nisu izravno prskane i izbje\u0107i nepotrebno bu\u0161enje oslabljenog drva.<\/li>\n<li>Za vanjsko tretiranje tla na prirodnim povr\u0161inama iskopajte rov dimenzija 40 x 40 cm oko ku\u0107e u podno\u017eju zidova i napunite ga razrije\u0111enim otopinom.<\/li>\n<li>Za vanjske umjetne povr\u0161ine bu\u0161ite vertikalne rupe svakih 15 do 20 centimetara kako biste stvorili liniju za injektiranje i ubrizgajte po 1 litru razrije\u0111enog otopina u svaku rupu.<\/li>\n<li>Za unutarnje povr\u0161ine od umjetnih materijala bu\u0161ite vertikalne rupe svakih 15 do 20 centimetara kako biste stvorili liniju za injektiranje i u svaku rupu ubrizgajte 1 litru razrije\u0111enog otopina.<\/li>\n<li>Za tla od utabanog zemljanog sloja upotrijebite zalijeva\u010d da ravnomjerno raspr\u0161ite 4 do 5 litara razrije\u0111enog otopina po cijeloj povr\u0161ini.<\/li>\n<\/ul>","protected":false},"excerpt":{"rendered":"<p>Eliminates and prevents termite infestations with a single powerful solution. Our termite treatment is specially formulated to both prevent future infestations and eradicate existing termite colonies. It acts quickly on contact and continues working over time, creating a protective barrier that stops termites from damaging wood, structures, and foundations. The most effective termite control formula [&hellip;]<\/p>\n","protected":false},"featured_media":23266,"comment_status":"open","ping_status":"closed","template":"","meta":{"_uag_custom_page_level_css":"","site-sidebar-layout":"default","site-content-layout":"","ast-site-content-layout":"default","site-content-style":"default","site-sidebar-style":"default","ast-global-header-display":"","ast-banner-title-visibility":"","ast-main-header-display":"","ast-hfb-above-header-display":"","ast-hfb-below-header-display":"","ast-hfb-mobile-header-display":"","site-post-title":"","ast-breadcrumbs-content":"","ast-featured-img":"","footer-sml-layout":"","ast-disable-related-posts":"","theme-transparent-header-meta":"default","adv-header-id-meta":"","stick-header-meta":"","header-above-stick-meta":"","header-main-stick-meta":"","header-below-stick-meta":"","astra-migrate-meta-layouts":"set","ast-page-background-enabled":"default","ast-page-background-meta":{"desktop":{"background-color":"var(--ast-global-color-4)","background-image":"","background-repeat":"repeat","background-position":"center center","background-size":"auto","background-attachment":"scroll","background-type":"","background-media":"","overlay-type":"","overlay-color":"","overlay-opacity":"","overlay-gradient":""},"tablet":{"background-color":"","background-image":"","background-repeat":"repeat","background-position":"center center","background-size":"auto","background-attachment":"scroll","background-type":"","background-media":"","overlay-type":"","overlay-color":"","overlay-opacity":"","overlay-gradient":""},"mobile":{"background-color":"","background-image":"","background-repeat":"repeat","background-position":"center center","background-size":"auto","background-attachment":"scroll","background-type":"","background-media":"","overlay-type":"","overlay-color":"","overlay-opacity":"","overlay-gradient":""}},"ast-content-background-meta":{"desktop":{"background-color":"var(--ast-global-color-5)","background-image":"","background-repeat":"repeat","background-position":"center center","background-size":"auto","background-attachment":"scroll","background-type":"","background-media":"","overlay-type":"","overlay-color":"","overlay-opacity":"","overlay-gradient":""},"tablet":{"background-color":"var(--ast-global-color-5)","background-image":"","background-repeat":"repeat","background-position":"center center","background-size":"auto","background-attachment":"scroll","background-type":"","background-media":"","overlay-type":"","overlay-color":"","overlay-opacity":"","overlay-gradient":""},"mobile":{"background-color":"var(--ast-global-color-5)","background-image":"","background-repeat":"repeat","background-position":"center center","background-size":"auto","background-attachment":"scroll","background-type":"","background-media":"","overlay-type":"","overlay-color":"","overlay-opacity":"","overlay-gradient":""}}},"product_brand":[],"product_cat":[15],"product_tag":[],"class_list":{"0":"post-23156","1":"product","2":"type-product","3":"status-publish","4":"has-post-thumbnail","6":"product_cat-shop","7":"desktop-align-left","8":"tablet-align-left","9":"mobile-align-left","11":"first","12":"instock","13":"sale","14":"taxable","15":"shipping-taxable","16":"purchasable","17":"product-type-variable","18":"has-default-attributes"},"spectra_custom_meta":{"_visibility":["visible"],"_shopify_product_id":["3769888473181"],"_s2w_shopify_domain":["notermite.myshopify.com"],"_shopify_variant_id":["29161271984221"],"_manage_stock":["no"],"total_sales":["336"],"_tax_status":["taxable"],"_tax_class":[""],"_backorders":["no"],"_sold_individually":["no"],"_virtual":["no"],"_downloadable":["no"],"_download_limit":["-1"],"_download_expiry":["-1"],"_stock":[null],"_stock_status":["instock"],"_wc_average_rating":["4.79"],"_wc_review_count":["136"],"_product_attributes":["a:1:{s:6:\"volume\";a:6:{s:4:\"name\";s:6:\"Volume\";s:5:\"value\";s:30:\"1 liter | 5 liters | 25 liters\";s:8:\"position\";i:1;s:10:\"is_visible\";i:0;s:12:\"is_variation\";i:1;s:11:\"is_taxonomy\";i:0;}}"],"_product_version":["10.5.2"],"_thumbnail_id":["23266"],"_product_image_gallery":["23267,23269"],"_edit_lock":["1772383788:1"],"merchant-center-availability":["yes"],"merchant-center-category":["512"],"merchant-center-id":["AT"],"_edit_last":["1"],"_wp_page_template":["default"],"site-sidebar-layout":["default"],"ast-site-content-layout":["default"],"site-content-style":["default"],"site-sidebar-style":["default"],"theme-transparent-header-meta":["default"],"_default_attributes":["a:1:{s:6:\"volume\";s:7:\"1 liter\";}"],"_price":["29.90","129.90","499.90"],"_wc_rating_count":["a:3:{i:3;i:5;i:4;i:19;i:5;i:112;}"],"astra-migrate-meta-layouts":["set"],"_uag_css_file_name":["uag-css-23156.css"],"_elementor_page_assets":["a:0:{}"],"_uag_page_assets":["a:9:{s:3:\"css\";s:7133:\".uag-blocks-common-selector{z-index:var(--z-index-desktop) !important}@media(max-width: 976px){.uag-blocks-common-selector{z-index:var(--z-index-tablet) !important}}@media(max-width: 767px){.uag-blocks-common-selector{z-index:var(--z-index-mobile) !important}}.wp-block-uagb-image{display:flex}.wp-block-uagb-image__figure{position:relative;display:flex;flex-direction:column;max-width:100%;height:auto;margin:0}.wp-block-uagb-image__figure img{height:auto;display:flex;max-width:100%;transition:box-shadow .2s ease}.wp-block-uagb-image__figure>a{display:inline-block}.wp-block-uagb-image__figure figcaption{text-align:center;margin-top:.5em;margin-bottom:1em}.wp-block-uagb-image .components-placeholder.block-editor-media-placeholder .components-placeholder__instructions{align-self:center}.wp-block-uagb-image--align-left{text-align:left}.wp-block-uagb-image--align-right{text-align:right}.wp-block-uagb-image--align-center{text-align:center}.wp-block-uagb-image--align-full .wp-block-uagb-image__figure{margin-left:calc(50% - 50vw);margin-right:calc(50% - 50vw);max-width:100vw;width:100vw;height:auto}.wp-block-uagb-image--align-full .wp-block-uagb-image__figure img{height:auto;width:100% !important}.wp-block-uagb-image--align-wide .wp-block-uagb-image__figure img{height:auto;width:100%}.wp-block-uagb-image--layout-overlay__color-wrapper{position:absolute;left:0;top:0;right:0;bottom:0;opacity:.2;background:rgba(0,0,0,.5);transition:opacity .35s ease-in-out}.wp-block-uagb-image--layout-overlay-link{position:absolute;left:0;right:0;bottom:0;top:0}.wp-block-uagb-image--layout-overlay .wp-block-uagb-image__figure:hover .wp-block-uagb-image--layout-overlay__color-wrapper{opacity:1}.wp-block-uagb-image--layout-overlay__inner{position:absolute;left:15px;right:15px;bottom:15px;top:15px;display:flex;align-items:center;justify-content:center;flex-direction:column;border-color:#fff;transition:.35s ease-in-out}.wp-block-uagb-image--layout-overlay__inner.top-left,.wp-block-uagb-image--layout-overlay__inner.top-center,.wp-block-uagb-image--layout-overlay__inner.top-right{justify-content:flex-start}.wp-block-uagb-image--layout-overlay__inner.bottom-left,.wp-block-uagb-image--layout-overlay__inner.bottom-center,.wp-block-uagb-image--layout-overlay__inner.bottom-right{justify-content:flex-end}.wp-block-uagb-image--layout-overlay__inner.top-left,.wp-block-uagb-image--layout-overlay__inner.center-left,.wp-block-uagb-image--layout-overlay__inner.bottom-left{align-items:flex-start}.wp-block-uagb-image--layout-overlay__inner.top-right,.wp-block-uagb-image--layout-overlay__inner.center-right,.wp-block-uagb-image--layout-overlay__inner.bottom-right{align-items:flex-end}.wp-block-uagb-image--layout-overlay__inner .uagb-image-heading{color:#fff;transition:transform .35s,opacity .35s ease-in-out;transform:translate3d(0, 24px, 0);margin:0;line-height:1em}.wp-block-uagb-image--layout-overlay__inner .uagb-image-separator{width:30%;border-top-width:2px;border-top-color:#fff;border-top-style:solid;margin-bottom:10px;opacity:0;transition:transform .4s,opacity .4s ease-in-out;transform:translate3d(0, 30px, 0)}.wp-block-uagb-image--layout-overlay__inner .uagb-image-caption{opacity:0;overflow:visible;color:#fff;transition:transform .45s,opacity .45s ease-in-out;transform:translate3d(0, 35px, 0)}.wp-block-uagb-image--layout-overlay__inner:hover .uagb-image-heading,.wp-block-uagb-image--layout-overlay__inner:hover .uagb-image-separator,.wp-block-uagb-image--layout-overlay__inner:hover .uagb-image-caption{opacity:1;transform:translate3d(0, 0, 0)}.wp-block-uagb-image--effect-zoomin .wp-block-uagb-image__figure img,.wp-block-uagb-image--effect-zoomin .wp-block-uagb-image__figure .wp-block-uagb-image--layout-overlay__color-wrapper{transform:scale(1);transition:transform .35s ease-in-out}.wp-block-uagb-image--effect-zoomin .wp-block-uagb-image__figure:hover img,.wp-block-uagb-image--effect-zoomin .wp-block-uagb-image__figure:hover .wp-block-uagb-image--layout-overlay__color-wrapper{transform:scale(1.05)}.wp-block-uagb-image--effect-slide .wp-block-uagb-image__figure img,.wp-block-uagb-image--effect-slide .wp-block-uagb-image__figure .wp-block-uagb-image--layout-overlay__color-wrapper{width:calc(100% + 40px) !important;max-width:none !important;transform:translate3d(-40px, 0, 0);transition:transform .35s ease-in-out}.wp-block-uagb-image--effect-slide .wp-block-uagb-image__figure:hover img,.wp-block-uagb-image--effect-slide .wp-block-uagb-image__figure:hover .wp-block-uagb-image--layout-overlay__color-wrapper{transform:translate3d(0, 0, 0)}.wp-block-uagb-image--effect-grayscale img{filter:grayscale(0%);transition:.35s ease-in-out}.wp-block-uagb-image--effect-grayscale:hover img{filter:grayscale(100%)}.wp-block-uagb-image--effect-blur img{filter:blur(0);transition:.35s ease-in-out}.wp-block-uagb-image--effect-blur:hover img{filter:blur(3px)}.uagb-block-e6f939b3.wp-block-uagb-image--layout-default figure img{box-shadow: 0px 0px 0 #00000070;}.uagb-block-e6f939b3.wp-block-uagb-image .wp-block-uagb-image__figure figcaption{font-style: normal;align-self: center;}.uagb-block-e6f939b3.wp-block-uagb-image--layout-overlay figure img{box-shadow: 0px 0px 0 #00000070;}.uagb-block-e6f939b3.wp-block-uagb-image--layout-overlay .wp-block-uagb-image--layout-overlay__color-wrapper{opacity: 0.2;}.uagb-block-e6f939b3.wp-block-uagb-image--layout-overlay .wp-block-uagb-image--layout-overlay__inner{left: 15px;right: 15px;top: 15px;bottom: 15px;}.uagb-block-e6f939b3.wp-block-uagb-image--layout-overlay .wp-block-uagb-image--layout-overlay__inner .uagb-image-heading{font-style: normal;color: #fff;opacity: 1;}.uagb-block-e6f939b3.wp-block-uagb-image--layout-overlay .wp-block-uagb-image--layout-overlay__inner .uagb-image-heading a{color: #fff;}.uagb-block-e6f939b3.wp-block-uagb-image--layout-overlay .wp-block-uagb-image--layout-overlay__inner .uagb-image-caption{opacity: 0;}.uagb-block-e6f939b3.wp-block-uagb-image--layout-overlay .wp-block-uagb-image__figure:hover .wp-block-uagb-image--layout-overlay__color-wrapper{opacity: 1;}.uagb-block-e6f939b3.wp-block-uagb-image .wp-block-uagb-image--layout-overlay__inner .uagb-image-separator{width: 30%;border-top-width: 2px;border-top-color: #fff;opacity: 0;}.uagb-block-e6f939b3.wp-block-uagb-image .wp-block-uagb-image__figure img{width: px;height: auto;}.uagb-block-e6f939b3.wp-block-uagb-image .wp-block-uagb-image__figure:hover .wp-block-uagb-image--layout-overlay__inner .uagb-image-caption{opacity: 1;}.uagb-block-e6f939b3.wp-block-uagb-image .wp-block-uagb-image__figure:hover .wp-block-uagb-image--layout-overlay__inner .uagb-image-separator{opacity: 1;}.uagb-block-e6f939b3.wp-block-uagb-image--layout-default figure:hover img{box-shadow: 0px 0px 0 #00000070;}.uagb-block-e6f939b3.wp-block-uagb-image--layout-overlay figure:hover img{box-shadow: 0px 0px 0 #00000070;}@media only screen and (max-width: 976px) {.uagb-block-e6f939b3.wp-block-uagb-image .wp-block-uagb-image__figure img{width: px;height: auto;}}@media only screen and (max-width: 767px) {.uagb-block-e6f939b3.wp-block-uagb-image .wp-block-uagb-image__figure img{width: px;height: auto;}}\";s:2:\"js\";s:0:\"\";s:18:\"current_block_list\";a:13:{i:0;s:11:\"core\/search\";i:1;s:10:\"core\/group\";i:2;s:12:\"core\/heading\";i:3;s:17:\"core\/latest-posts\";i:4;s:20:\"core\/latest-comments\";i:5;s:13:\"core\/archives\";i:6;s:15:\"core\/categories\";i:7;s:14:\"core\/paragraph\";i:8;s:10:\"uagb\/image\";i:9;s:11:\"core\/spacer\";i:10;s:30:\"woocommerce\/product-categories\";i:11;s:10:\"core\/image\";i:12;s:14:\"core\/shortcode\";}s:8:\"uag_flag\";b:1;s:11:\"uag_version\";s:10:\"1777501718\";s:6:\"gfonts\";a:0:{}s:10:\"gfonts_url\";s:0:\"\";s:12:\"gfonts_files\";a:0:{}s:14:\"uag_faq_layout\";b:0;}"]},"uagb_featured_image_src":{"full":["https:\/\/www.notermite.net\/wp-content\/uploads\/2025\/06\/TermiteTreatement1L.jpg",2560,2560,false],"thumbnail":["https:\/\/www.notermite.net\/wp-content\/uploads\/2025\/06\/TermiteTreatement1L-150x150.jpg",150,150,true],"medium":["https:\/\/www.notermite.net\/wp-content\/uploads\/2025\/06\/TermiteTreatement1L-300x300.jpg",300,300,true],"medium_large":["https:\/\/www.notermite.net\/wp-content\/uploads\/2025\/06\/TermiteTreatement1L-768x768.jpg",768,768,true],"large":["https:\/\/www.notermite.net\/wp-content\/uploads\/2025\/06\/TermiteTreatement1L-1024x1024.jpg",1024,1024,true],"1536x1536":["https:\/\/www.notermite.net\/wp-content\/uploads\/2025\/06\/TermiteTreatement1L-1536x1536.jpg",1536,1536,true],"2048x2048":["https:\/\/www.notermite.net\/wp-content\/uploads\/2025\/06\/TermiteTreatement1L-2048x2048.jpg",2048,2048,true],"trp-custom-language-flag":["https:\/\/www.notermite.net\/wp-content\/uploads\/2025\/06\/TermiteTreatement1L-12x12.jpg",12,12,true],"woocommerce_thumbnail":["https:\/\/www.notermite.net\/wp-content\/uploads\/2025\/06\/TermiteTreatement1L-300x300.jpg",300,300,true],"woocommerce_single":["https:\/\/www.notermite.net\/wp-content\/uploads\/2025\/06\/TermiteTreatement1L-600x600.jpg",600,600,true],"woocommerce_gallery_thumbnail":["https:\/\/www.notermite.net\/wp-content\/uploads\/2025\/06\/TermiteTreatement1L-100x100.jpg",100,100,true]},"uagb_author_info":{"display_name":"admin","author_link":"https:\/\/www.notermite.net\/hr\/author\/"},"uagb_comment_info":136,"uagb_excerpt":"Eliminates and prevents termite infestations with a single powerful solution. Our termite treatment is specially formulated to both prevent future infestations and eradicate existing termite colonies. It acts quickly on contact and continues working over time, creating a protective barrier that stops termites from damaging wood, structures, and foundations. The most effective termite control formula&hellip;","_links":{"self":[{"href":"https:\/\/www.notermite.net\/hr\/wp-json\/wp\/v2\/product\/23156","targetHints":{"allow":["GET"]}}],"collection":[{"href":"https:\/\/www.notermite.net\/hr\/wp-json\/wp\/v2\/product"}],"about":[{"href":"https:\/\/www.notermite.net\/hr\/wp-json\/wp\/v2\/types\/product"}],"replies":[{"embeddable":true,"href":"https:\/\/www.notermite.net\/hr\/wp-json\/wp\/v2\/comments?post=23156"}],"version-history":[{"count":6,"href":"https:\/\/www.notermite.net\/hr\/wp-json\/wp\/v2\/product\/23156\/revisions"}],"predecessor-version":[{"id":24105,"href":"https:\/\/www.notermite.net\/hr\/wp-json\/wp\/v2\/product\/23156\/revisions\/24105"}],"wp:featuredmedia":[{"embeddable":true,"href":"https:\/\/www.notermite.net\/hr\/wp-json\/wp\/v2\/media\/23266"}],"wp:attachment":[{"href":"https:\/\/www.notermite.net\/hr\/wp-json\/wp\/v2\/media?parent=23156"}],"wp:term":[{"taxonomy":"product_brand","embeddable":true,"href":"https:\/\/www.notermite.net\/hr\/wp-json\/wp\/v2\/product_brand?post=23156"},{"taxonomy":"product_cat","embeddable":true,"href":"https:\/\/www.notermite.net\/hr\/wp-json\/wp\/v2\/product_cat?post=23156"},{"taxonomy":"product_tag","embeddable":true,"href":"https:\/\/www.notermite.net\/hr\/wp-json\/wp\/v2\/product_tag?post=23156"}],"curies":[{"name":"radni list","href":"https:\/\/api.w.org\/{rel}","templated":true}]}}