{"id":23156,"date":"2025-06-03T17:28:24","date_gmt":"2025-06-03T15:28:24","guid":{"rendered":"https:\/\/www.notermite.net\/products\/termite-treatment\/"},"modified":"2026-03-01T17:38:42","modified_gmt":"2026-03-01T16:38:42","slug":"termite-treatment","status":"publish","type":"product","link":"https:\/\/www.notermite.net\/hu\/products\/termite-treatment\/","title":{"rendered":"Termesz kezel\u00e9s"},"content":{"rendered":"<p><strong><img decoding=\"async\" style=\"margin-right: 12px;\" src=\"https:\/\/www.notermite.net\/wp-content\/uploads\/2026\/02\/Check.svg\" alt=\"\" width=\"18\" height=\"15\" \/>Megsz\u00fcnteti \u00e9s megel\u0151zi a termeszfert\u0151z\u00e9st egyetlen hat\u00e9kony megold\u00e1ssal.<\/strong> A termeszkezel\u00e9s\u00fcnk speci\u00e1lisan a j\u00f6v\u0151beli fert\u0151z\u00e9sek megel\u0151z\u00e9s\u00e9re \u00e9s a megl\u00e9v\u0151 termeszkol\u00f3ni\u00e1k felsz\u00e1mol\u00e1s\u00e1ra szolg\u00e1l. Gyorsan hat, amint \u00e9rintkez\u00e9sbe ker\u00fcl, \u00e9s id\u0151vel tov\u00e1bb hat, olyan v\u00e9d\u0151g\u00e1tat hozva l\u00e9tre, amely megakad\u00e1lyozza, hogy a termeszek k\u00e1rt tegyenek a f\u00e1ban, a szerkezetekben \u00e9s az alapokban.<\/p>\n<p><strong><img decoding=\"async\" style=\"margin-right: 12px;\" src=\"https:\/\/www.notermite.net\/wp-content\/uploads\/2026\/02\/Check.svg\" alt=\"\" width=\"18\" height=\"15\" \/>A piacon kaphat\u00f3 leghat\u00e9konyabb termeszirt\u00f3 formula.<\/strong> Nagy teljes\u00edtm\u00e9ny\u0171 hat\u00f3anyagainak k\u00f6sz\u00f6nhet\u0151en ez a kezel\u00e9s m\u00e9lyen behatol a f\u00e1ba \u00e9s a talajba, \u00e9s a termeszek ellen a forr\u00e1sukn\u00e1l veszi c\u00e9lba a termeszeket. Nemcsak a l\u00e1that\u00f3 termeszeket puszt\u00edtja el, hanem \u00e9rintkez\u00e9s \u00fatj\u00e1n a kol\u00f3ni\u00e1n bel\u00fcl is terjed, \u00edgy biztos\u00edtva a teljes kiirt\u00e1st.<\/p>\n<p><strong><img decoding=\"async\" style=\"margin-right: 12px;\" src=\"https:\/\/www.notermite.net\/wp-content\/uploads\/2026\/02\/Check.svg\" alt=\"\" width=\"18\" height=\"15\" \/>Az el\u00e9rhet\u0151 legolcs\u00f3bb professzion\u00e1lis termeszkezel\u00e9s.<\/strong> A legversenyk\u00e9pesebb \u00e1rat k\u00edn\u00e1ljuk an\u00e9lk\u00fcl, hogy kompromisszumot k\u00f6tn\u00e9nk az er\u0151ss\u00e9g vagy a megb\u00edzhat\u00f3s\u00e1g ter\u00e9n. Professzion\u00e1lis szint\u0171 k\u00e1rtev\u0151irt\u00e1si eredm\u00e9nyeket kap a szakosodott k\u00e1rtev\u0151irt\u00f3 szolg\u00e1latok felb\u00e9rl\u00e9s\u00e9vel j\u00e1r\u00f3 k\u00f6lts\u00e9gek t\u00f6red\u00e9k\u00e9\u00e9rt.<\/p>\n<p><strong><img decoding=\"async\" style=\"margin-right: 12px;\" src=\"https:\/\/www.notermite.net\/wp-content\/uploads\/2026\/02\/Check.svg\" alt=\"\" width=\"18\" height=\"15\" \/>24 \u00f3r\u00e1s sz\u00e1ll\u00edt\u00e1s s\u00fcrg\u0151s fert\u0151z\u00e9sek eset\u00e9n.<\/strong> Garant\u00e1ljuk a 24 \u00f3r\u00e1s kisz\u00e1ll\u00edt\u00e1st, hogy azonnal reag\u00e1lni tudjon a termesztev\u00e9kenys\u00e9gre. A gyors cselekv\u00e9s elengedhetetlen a szerkezeti k\u00e1rok korl\u00e1toz\u00e1s\u00e1hoz, \u00e9s gyors sz\u00e1ll\u00edt\u00e1sunk biztos\u00edtja, hogy \u00d6n k\u00e9sedelem n\u00e9lk\u00fcl megkezdhesse a kezel\u00e9st.<\/p>\n<p><strong><img decoding=\"async\" style=\"margin-right: 12px;\" src=\"https:\/\/www.notermite.net\/wp-content\/uploads\/2026\/02\/Check.svg\" alt=\"\" width=\"18\" height=\"15\" \/>P\u00e9nzvisszafizet\u00e9si garancia a teljes nyugalom\u00e9rt.<\/strong> Teljes p\u00e9nzvisszafizet\u00e9si garanci\u00e1t k\u00edn\u00e1lunk. Ha nem teljesen el\u00e9gedett a termeszkezel\u00e9s\u00fcnk teljes\u00edtm\u00e9ny\u00e9vel, visszat\u00e9r\u00edtj\u00fck a v\u00e9tel\u00e1rat. Az \u00d6n befektet\u00e9se teljesen kock\u00e1zatmentes.<\/p>\n<p><strong><img decoding=\"async\" style=\"margin-right: 12px;\" src=\"https:\/\/www.notermite.net\/wp-content\/uploads\/2026\/02\/Check.svg\" alt=\"\" width=\"18\" height=\"15\" \/>Kett\u0151s hat\u00e1s\u00fa formula a megel\u0151z\u00e9shez \u00e9s a felsz\u00e1mol\u00e1shoz.<\/strong> Ak\u00e1r egy \u00faj \u00e9p\u00edt\u00e9si projekt v\u00e9delm\u00e9r\u0151l, ak\u00e1r egy akt\u00edv fert\u0151z\u00e9s felsz\u00e1mol\u00e1s\u00e1r\u00f3l van sz\u00f3, ez a term\u00e9k az \u00d6n ig\u00e9nyeihez igazodik a megel\u0151z\u0151 vagy gy\u00f3gy\u00edt\u00f3 kezel\u00e9shez sz\u00fcks\u00e9ges speci\u00e1lis h\u00edg\u00edt\u00e1si ar\u00e1nyokkal.<\/p>\n<p><strong><img decoding=\"async\" style=\"margin-right: 12px;\" src=\"https:\/\/www.notermite.net\/wp-content\/uploads\/2026\/02\/Check.svg\" alt=\"\" width=\"18\" height=\"15\" \/>Hosszan tart\u00f3 v\u00e9d\u0151g\u00e1t a talajban \u00e9s a f\u00e1ban.<\/strong> A kezel\u00e9st k\u00f6vet\u0151en a kezel\u00e9s tart\u00f3s k\u00e9miai g\u00e1tat k\u00e9pez a talajban \u00e9s a faszerkezetek belsej\u00e9ben, megakad\u00e1lyozva a termeszek behatol\u00e1s\u00e1t vagy visszat\u00e9r\u00e9s\u00e9t.<\/p>\n<p><strong><img decoding=\"async\" style=\"margin-right: 12px;\" src=\"https:\/\/www.notermite.net\/wp-content\/uploads\/2026\/02\/Check.svg\" alt=\"\" width=\"18\" height=\"15\" \/>Rugalmas alkalmaz\u00e1si m\u00f3dszerek minden helyzetre.<\/strong> Alkalmas \u00e1rokkezel\u00e9sre, b\u0151s\u00e9ges \u00f6nt\u00f6z\u00e9sre, permetez\u00e9sre \u00e9s f\u00fart lyukakba t\u00f6rt\u00e9n\u0151 befecskendez\u00e9sre, a term\u00e9k alkalmazhat\u00f3 term\u00e9szetes talajon, betonlapokon, fakereteken, vert f\u00f6ldpadl\u00f3kon \u00e9s alapokon.<\/p>\n<p><strong><img decoding=\"async\" style=\"margin-right: 12px;\" src=\"https:\/\/www.notermite.net\/wp-content\/uploads\/2026\/02\/Check.svg\" alt=\"\" width=\"18\" height=\"15\" \/>Nagy fedetts\u00e9g pontos adagol\u00e1sszab\u00e1lyoz\u00e1ssal.<\/strong> Az egy\u00e9rtelm\u0171en meghat\u00e1rozott h\u00edg\u00edt\u00e1si ar\u00e1nyok \u00e9s a kezelt fel\u00fcletre vonatkoz\u00f3 ir\u00e1nymutat\u00e1sok seg\u00edts\u00e9g\u00e9vel pontosan kisz\u00e1m\u00edthatja az \u00e1rkokhoz, \u00f6nt\u00f6z\u00e9shez vagy injekt\u00e1l\u00f3vezet\u00e9kekhez sz\u00fcks\u00e9ges mennyis\u00e9get, \u00edgy biztos\u00edtva az optim\u00e1lis hat\u00e9konys\u00e1got \u00e9s k\u00f6lts\u00e9gkontrollt.<\/p>\n<p><strong><img decoding=\"async\" style=\"margin-right: 12px;\" src=\"https:\/\/www.notermite.net\/wp-content\/uploads\/2026\/02\/Check.svg\" alt=\"\" width=\"18\" height=\"15\" \/>V\u00e9di az \u00e9p\u00fcletek szerkezeti integrit\u00e1s\u00e1t.<\/strong> A termeszek elt\u00e1vol\u00edt\u00e1s\u00e1val \u00e9s az \u00fajrafert\u0151z\u0151d\u00e9s megakad\u00e1lyoz\u00e1s\u00e1val ez a kezel\u00e9s v\u00e9di a f\u00e1t, a v\u00e1zakat, az alapokat \u00e9s a teherhord\u00f3 szerkezeteket, seg\u00edt meghosszabb\u00edtani ingatlana \u00e9lettartam\u00e1t.<\/p>\n<h2><strong>Utas\u00edt\u00e1sok<\/strong><\/h2>\n<ul>\n<li>Megel\u0151z\u0151 haszn\u00e1lathoz h\u00edg\u00edtson fel 1 liter koncentr\u00e1lt oldatot 49 liter v\u00edzben, hogy 50 liter felhaszn\u00e1l\u00e1sra k\u00e9sz kezel\u00e9st kapjon.<\/li>\n<li>Ezzel a megel\u0151z\u0151 h\u00edg\u00edt\u00e1ssal egy 20 m\u00e9teres vonalas \u00e1rkot t\u00f6lthet\u00fcnk meg, vagy 10 n\u00e9gyzetm\u00e9tert b\u0151s\u00e9gesen locsolhatunk.<\/li>\n<li>A megl\u00e9v\u0151 termeszek kiirt\u00e1s\u00e1hoz h\u00edg\u00edtson fel 1 liter koncentr\u00e1lt oldatot 9 liter v\u00edzben, hogy 10 liter k\u00e9sz kezel\u00e9st kapjon.<\/li>\n<li>Ezzel a gy\u00f3gy\u00edt\u00f3 h\u00edg\u00edt\u00e1ssal egy 4 m\u00e9teres vonalas \u00e1rkot t\u00f6lthet\u00fcnk meg, vagy 2 n\u00e9gyzetm\u00e9tert b\u0151s\u00e9gesen meglocsolhatunk.<\/li>\n<li>A fel\u00fcletekre vagy k\u00f6zvetlen\u00fcl a termeszekre t\u00f6rt\u00e9n\u0151 permetez\u00e9shez a koncentr\u00e1lt oldatot tiszt\u00e1n, literenk\u00e9nt legfeljebb 20 n\u00e9gyzetm\u00e9tert lefedve alkalmazza.<\/li>\n<li>Az \u00e9p\u00edtkez\u00e9s el\u0151tti kezel\u00e9shez sz\u00f3rjon ki 4-5 liter h\u00edg\u00edtott oldatot locsol\u00f3kann\u00e1val a leend\u0151 \u00e9p\u00edt\u00e9si ter\u00fclet teljes fel\u00fclet\u00e9re, bele\u00e9rtve az alapokat \u00e9s \u00e1rkokat is.<\/li>\n<li>Faanyagok \u00e9s keretek \u00e9p\u00edt\u00e9s ut\u00e1ni kezel\u00e9s\u00e9hez permetezze a h\u00edg\u00edtott oldatot vagy a tiszta oldatot a teljes fel\u00fcletre \u00e9s k\u00f6zvetlen\u00fcl a termeszekre. A termeszek maguk k\u00f6z\u00f6tt terjesztik a term\u00e9ket, \u00edgy biztos\u00edtva a nem k\u00f6zvetlen\u00fcl permetezett egyedek elpuszt\u00edt\u00e1s\u00e1t \u00e9s elker\u00fclve a meggyeng\u00fclt fa felesleges perfor\u00e1l\u00e1s\u00e1t.<\/li>\n<li>Term\u00e9szetes fel\u00fcleteken v\u00e9gzett k\u00fclt\u00e9ri talajkezel\u00e9shez \u00e1sson egy 40 x 40 cm-es \u00e1rkot a h\u00e1z k\u00f6r\u00fcl a falak t\u00f6v\u00e9ben, \u00e9s t\u00f6ltse fel a h\u00edg\u00edtott oldattal.<\/li>\n<li>K\u00fclt\u00e9ri mesters\u00e9ges fel\u00fcletek eset\u00e9n 15-20 centim\u00e9terenk\u00e9nt f\u00farjon f\u00fcgg\u0151leges lyukakat, hogy injekt\u00e1l\u00f3vezet\u00e9ket hozzon l\u00e9tre, \u00e9s lyukank\u00e9nt 1 liter h\u00edg\u00edtott oldatot injekt\u00e1ljon.<\/li>\n<li>Bels\u0151, mesters\u00e9ges fel\u00fcletek eset\u00e9n 15-20 centim\u00e9terenk\u00e9nt f\u00farjon f\u00fcgg\u0151leges lyukakat, hogy injekt\u00e1l\u00f3vezet\u00e9ket hozzon l\u00e9tre, \u00e9s lyukank\u00e9nt 1 liter h\u00edg\u00edtott oldatot injekt\u00e1ljon.<\/li>\n<li>\u00dct\u00f6tt-f\u00f6ldes padl\u00f3k eset\u00e9ben egy locsol\u00f3kann\u00e1val egyenletesen oszlasson el 4-5 liter h\u00edg\u00edtott oldatot a teljes fel\u00fcleten.<\/li>\n<\/ul>","protected":false},"excerpt":{"rendered":"<p>Eliminates and prevents termite infestations with a single powerful solution. Our termite treatment is specially formulated to both prevent future infestations and eradicate existing termite colonies. It acts quickly on contact and continues working over time, creating a protective barrier that stops termites from damaging wood, structures, and foundations. The most effective termite control formula [&hellip;]<\/p>\n","protected":false},"featured_media":23266,"comment_status":"open","ping_status":"closed","template":"","meta":{"_uag_custom_page_level_css":"","site-sidebar-layout":"default","site-content-layout":"","ast-site-content-layout":"default","site-content-style":"default","site-sidebar-style":"default","ast-global-header-display":"","ast-banner-title-visibility":"","ast-main-header-display":"","ast-hfb-above-header-display":"","ast-hfb-below-header-display":"","ast-hfb-mobile-header-display":"","site-post-title":"","ast-breadcrumbs-content":"","ast-featured-img":"","footer-sml-layout":"","ast-disable-related-posts":"","theme-transparent-header-meta":"default","adv-header-id-meta":"","stick-header-meta":"","header-above-stick-meta":"","header-main-stick-meta":"","header-below-stick-meta":"","astra-migrate-meta-layouts":"set","ast-page-background-enabled":"default","ast-page-background-meta":{"desktop":{"background-color":"var(--ast-global-color-4)","background-image":"","background-repeat":"repeat","background-position":"center center","background-size":"auto","background-attachment":"scroll","background-type":"","background-media":"","overlay-type":"","overlay-color":"","overlay-opacity":"","overlay-gradient":""},"tablet":{"background-color":"","background-image":"","background-repeat":"repeat","background-position":"center center","background-size":"auto","background-attachment":"scroll","background-type":"","background-media":"","overlay-type":"","overlay-color":"","overlay-opacity":"","overlay-gradient":""},"mobile":{"background-color":"","background-image":"","background-repeat":"repeat","background-position":"center center","background-size":"auto","background-attachment":"scroll","background-type":"","background-media":"","overlay-type":"","overlay-color":"","overlay-opacity":"","overlay-gradient":""}},"ast-content-background-meta":{"desktop":{"background-color":"var(--ast-global-color-5)","background-image":"","background-repeat":"repeat","background-position":"center center","background-size":"auto","background-attachment":"scroll","background-type":"","background-media":"","overlay-type":"","overlay-color":"","overlay-opacity":"","overlay-gradient":""},"tablet":{"background-color":"var(--ast-global-color-5)","background-image":"","background-repeat":"repeat","background-position":"center center","background-size":"auto","background-attachment":"scroll","background-type":"","background-media":"","overlay-type":"","overlay-color":"","overlay-opacity":"","overlay-gradient":""},"mobile":{"background-color":"var(--ast-global-color-5)","background-image":"","background-repeat":"repeat","background-position":"center center","background-size":"auto","background-attachment":"scroll","background-type":"","background-media":"","overlay-type":"","overlay-color":"","overlay-opacity":"","overlay-gradient":""}}},"product_brand":[],"product_cat":[15],"product_tag":[],"class_list":{"0":"post-23156","1":"product","2":"type-product","3":"status-publish","4":"has-post-thumbnail","6":"product_cat-shop","7":"desktop-align-left","8":"tablet-align-left","9":"mobile-align-left","11":"first","12":"instock","13":"sale","14":"taxable","15":"shipping-taxable","16":"purchasable","17":"product-type-variable","18":"has-default-attributes"},"spectra_custom_meta":{"_visibility":["visible"],"_shopify_product_id":["3769888473181"],"_s2w_shopify_domain":["notermite.myshopify.com"],"_shopify_variant_id":["29161271984221"],"_manage_stock":["no"],"total_sales":["336"],"_tax_status":["taxable"],"_tax_class":[""],"_backorders":["no"],"_sold_individually":["no"],"_virtual":["no"],"_downloadable":["no"],"_download_limit":["-1"],"_download_expiry":["-1"],"_stock":[null],"_stock_status":["instock"],"_wc_average_rating":["4.79"],"_wc_review_count":["136"],"_product_attributes":["a:1:{s:6:\"volume\";a:6:{s:4:\"name\";s:6:\"Volume\";s:5:\"value\";s:30:\"1 liter | 5 liters | 25 liters\";s:8:\"position\";i:1;s:10:\"is_visible\";i:0;s:12:\"is_variation\";i:1;s:11:\"is_taxonomy\";i:0;}}"],"_product_version":["10.5.2"],"_thumbnail_id":["23266"],"_product_image_gallery":["23267,23269"],"_edit_lock":["1772383788:1"],"merchant-center-availability":["yes"],"merchant-center-category":["512"],"merchant-center-id":["AT"],"_edit_last":["1"],"_wp_page_template":["default"],"site-sidebar-layout":["default"],"ast-site-content-layout":["default"],"site-content-style":["default"],"site-sidebar-style":["default"],"theme-transparent-header-meta":["default"],"_default_attributes":["a:1:{s:6:\"volume\";s:7:\"1 liter\";}"],"_price":["29.90","129.90","499.90"],"_wc_rating_count":["a:3:{i:3;i:5;i:4;i:19;i:5;i:112;}"],"astra-migrate-meta-layouts":["set"],"_uag_css_file_name":["uag-css-23156.css"],"_elementor_page_assets":["a:0:{}"],"_uag_page_assets":["a:9:{s:3:\"css\";s:7133:\".uag-blocks-common-selector{z-index:var(--z-index-desktop) !important}@media(max-width: 976px){.uag-blocks-common-selector{z-index:var(--z-index-tablet) !important}}@media(max-width: 767px){.uag-blocks-common-selector{z-index:var(--z-index-mobile) !important}}.wp-block-uagb-image{display:flex}.wp-block-uagb-image__figure{position:relative;display:flex;flex-direction:column;max-width:100%;height:auto;margin:0}.wp-block-uagb-image__figure img{height:auto;display:flex;max-width:100%;transition:box-shadow .2s ease}.wp-block-uagb-image__figure>a{display:inline-block}.wp-block-uagb-image__figure figcaption{text-align:center;margin-top:.5em;margin-bottom:1em}.wp-block-uagb-image .components-placeholder.block-editor-media-placeholder .components-placeholder__instructions{align-self:center}.wp-block-uagb-image--align-left{text-align:left}.wp-block-uagb-image--align-right{text-align:right}.wp-block-uagb-image--align-center{text-align:center}.wp-block-uagb-image--align-full .wp-block-uagb-image__figure{margin-left:calc(50% - 50vw);margin-right:calc(50% - 50vw);max-width:100vw;width:100vw;height:auto}.wp-block-uagb-image--align-full .wp-block-uagb-image__figure img{height:auto;width:100% !important}.wp-block-uagb-image--align-wide .wp-block-uagb-image__figure img{height:auto;width:100%}.wp-block-uagb-image--layout-overlay__color-wrapper{position:absolute;left:0;top:0;right:0;bottom:0;opacity:.2;background:rgba(0,0,0,.5);transition:opacity .35s ease-in-out}.wp-block-uagb-image--layout-overlay-link{position:absolute;left:0;right:0;bottom:0;top:0}.wp-block-uagb-image--layout-overlay .wp-block-uagb-image__figure:hover .wp-block-uagb-image--layout-overlay__color-wrapper{opacity:1}.wp-block-uagb-image--layout-overlay__inner{position:absolute;left:15px;right:15px;bottom:15px;top:15px;display:flex;align-items:center;justify-content:center;flex-direction:column;border-color:#fff;transition:.35s ease-in-out}.wp-block-uagb-image--layout-overlay__inner.top-left,.wp-block-uagb-image--layout-overlay__inner.top-center,.wp-block-uagb-image--layout-overlay__inner.top-right{justify-content:flex-start}.wp-block-uagb-image--layout-overlay__inner.bottom-left,.wp-block-uagb-image--layout-overlay__inner.bottom-center,.wp-block-uagb-image--layout-overlay__inner.bottom-right{justify-content:flex-end}.wp-block-uagb-image--layout-overlay__inner.top-left,.wp-block-uagb-image--layout-overlay__inner.center-left,.wp-block-uagb-image--layout-overlay__inner.bottom-left{align-items:flex-start}.wp-block-uagb-image--layout-overlay__inner.top-right,.wp-block-uagb-image--layout-overlay__inner.center-right,.wp-block-uagb-image--layout-overlay__inner.bottom-right{align-items:flex-end}.wp-block-uagb-image--layout-overlay__inner .uagb-image-heading{color:#fff;transition:transform .35s,opacity .35s ease-in-out;transform:translate3d(0, 24px, 0);margin:0;line-height:1em}.wp-block-uagb-image--layout-overlay__inner .uagb-image-separator{width:30%;border-top-width:2px;border-top-color:#fff;border-top-style:solid;margin-bottom:10px;opacity:0;transition:transform .4s,opacity .4s ease-in-out;transform:translate3d(0, 30px, 0)}.wp-block-uagb-image--layout-overlay__inner .uagb-image-caption{opacity:0;overflow:visible;color:#fff;transition:transform .45s,opacity .45s ease-in-out;transform:translate3d(0, 35px, 0)}.wp-block-uagb-image--layout-overlay__inner:hover .uagb-image-heading,.wp-block-uagb-image--layout-overlay__inner:hover .uagb-image-separator,.wp-block-uagb-image--layout-overlay__inner:hover .uagb-image-caption{opacity:1;transform:translate3d(0, 0, 0)}.wp-block-uagb-image--effect-zoomin .wp-block-uagb-image__figure img,.wp-block-uagb-image--effect-zoomin .wp-block-uagb-image__figure .wp-block-uagb-image--layout-overlay__color-wrapper{transform:scale(1);transition:transform .35s ease-in-out}.wp-block-uagb-image--effect-zoomin .wp-block-uagb-image__figure:hover img,.wp-block-uagb-image--effect-zoomin .wp-block-uagb-image__figure:hover .wp-block-uagb-image--layout-overlay__color-wrapper{transform:scale(1.05)}.wp-block-uagb-image--effect-slide .wp-block-uagb-image__figure img,.wp-block-uagb-image--effect-slide .wp-block-uagb-image__figure .wp-block-uagb-image--layout-overlay__color-wrapper{width:calc(100% + 40px) !important;max-width:none !important;transform:translate3d(-40px, 0, 0);transition:transform .35s ease-in-out}.wp-block-uagb-image--effect-slide .wp-block-uagb-image__figure:hover img,.wp-block-uagb-image--effect-slide .wp-block-uagb-image__figure:hover .wp-block-uagb-image--layout-overlay__color-wrapper{transform:translate3d(0, 0, 0)}.wp-block-uagb-image--effect-grayscale img{filter:grayscale(0%);transition:.35s ease-in-out}.wp-block-uagb-image--effect-grayscale:hover img{filter:grayscale(100%)}.wp-block-uagb-image--effect-blur img{filter:blur(0);transition:.35s ease-in-out}.wp-block-uagb-image--effect-blur:hover img{filter:blur(3px)}.uagb-block-e6f939b3.wp-block-uagb-image--layout-default figure img{box-shadow: 0px 0px 0 #00000070;}.uagb-block-e6f939b3.wp-block-uagb-image .wp-block-uagb-image__figure figcaption{font-style: normal;align-self: center;}.uagb-block-e6f939b3.wp-block-uagb-image--layout-overlay figure img{box-shadow: 0px 0px 0 #00000070;}.uagb-block-e6f939b3.wp-block-uagb-image--layout-overlay .wp-block-uagb-image--layout-overlay__color-wrapper{opacity: 0.2;}.uagb-block-e6f939b3.wp-block-uagb-image--layout-overlay .wp-block-uagb-image--layout-overlay__inner{left: 15px;right: 15px;top: 15px;bottom: 15px;}.uagb-block-e6f939b3.wp-block-uagb-image--layout-overlay .wp-block-uagb-image--layout-overlay__inner .uagb-image-heading{font-style: normal;color: #fff;opacity: 1;}.uagb-block-e6f939b3.wp-block-uagb-image--layout-overlay .wp-block-uagb-image--layout-overlay__inner .uagb-image-heading a{color: #fff;}.uagb-block-e6f939b3.wp-block-uagb-image--layout-overlay .wp-block-uagb-image--layout-overlay__inner .uagb-image-caption{opacity: 0;}.uagb-block-e6f939b3.wp-block-uagb-image--layout-overlay .wp-block-uagb-image__figure:hover .wp-block-uagb-image--layout-overlay__color-wrapper{opacity: 1;}.uagb-block-e6f939b3.wp-block-uagb-image .wp-block-uagb-image--layout-overlay__inner .uagb-image-separator{width: 30%;border-top-width: 2px;border-top-color: #fff;opacity: 0;}.uagb-block-e6f939b3.wp-block-uagb-image .wp-block-uagb-image__figure img{width: px;height: auto;}.uagb-block-e6f939b3.wp-block-uagb-image .wp-block-uagb-image__figure:hover .wp-block-uagb-image--layout-overlay__inner .uagb-image-caption{opacity: 1;}.uagb-block-e6f939b3.wp-block-uagb-image .wp-block-uagb-image__figure:hover .wp-block-uagb-image--layout-overlay__inner .uagb-image-separator{opacity: 1;}.uagb-block-e6f939b3.wp-block-uagb-image--layout-default figure:hover img{box-shadow: 0px 0px 0 #00000070;}.uagb-block-e6f939b3.wp-block-uagb-image--layout-overlay figure:hover img{box-shadow: 0px 0px 0 #00000070;}@media only screen and (max-width: 976px) {.uagb-block-e6f939b3.wp-block-uagb-image .wp-block-uagb-image__figure img{width: px;height: auto;}}@media only screen and (max-width: 767px) {.uagb-block-e6f939b3.wp-block-uagb-image .wp-block-uagb-image__figure img{width: px;height: auto;}}\";s:2:\"js\";s:0:\"\";s:18:\"current_block_list\";a:13:{i:0;s:11:\"core\/search\";i:1;s:10:\"core\/group\";i:2;s:12:\"core\/heading\";i:3;s:17:\"core\/latest-posts\";i:4;s:20:\"core\/latest-comments\";i:5;s:13:\"core\/archives\";i:6;s:15:\"core\/categories\";i:7;s:14:\"core\/paragraph\";i:8;s:10:\"uagb\/image\";i:9;s:11:\"core\/spacer\";i:10;s:30:\"woocommerce\/product-categories\";i:11;s:10:\"core\/image\";i:12;s:14:\"core\/shortcode\";}s:8:\"uag_flag\";b:1;s:11:\"uag_version\";s:10:\"1777504827\";s:6:\"gfonts\";a:0:{}s:10:\"gfonts_url\";s:0:\"\";s:12:\"gfonts_files\";a:0:{}s:14:\"uag_faq_layout\";b:0;}"]},"uagb_featured_image_src":{"full":["https:\/\/www.notermite.net\/wp-content\/uploads\/2025\/06\/TermiteTreatement1L.jpg",2560,2560,false],"thumbnail":["https:\/\/www.notermite.net\/wp-content\/uploads\/2025\/06\/TermiteTreatement1L-150x150.jpg",150,150,true],"medium":["https:\/\/www.notermite.net\/wp-content\/uploads\/2025\/06\/TermiteTreatement1L-300x300.jpg",300,300,true],"medium_large":["https:\/\/www.notermite.net\/wp-content\/uploads\/2025\/06\/TermiteTreatement1L-768x768.jpg",768,768,true],"large":["https:\/\/www.notermite.net\/wp-content\/uploads\/2025\/06\/TermiteTreatement1L-1024x1024.jpg",1024,1024,true],"1536x1536":["https:\/\/www.notermite.net\/wp-content\/uploads\/2025\/06\/TermiteTreatement1L-1536x1536.jpg",1536,1536,true],"2048x2048":["https:\/\/www.notermite.net\/wp-content\/uploads\/2025\/06\/TermiteTreatement1L-2048x2048.jpg",2048,2048,true],"trp-custom-language-flag":["https:\/\/www.notermite.net\/wp-content\/uploads\/2025\/06\/TermiteTreatement1L-12x12.jpg",12,12,true],"woocommerce_thumbnail":["https:\/\/www.notermite.net\/wp-content\/uploads\/2025\/06\/TermiteTreatement1L-300x300.jpg",300,300,true],"woocommerce_single":["https:\/\/www.notermite.net\/wp-content\/uploads\/2025\/06\/TermiteTreatement1L-600x600.jpg",600,600,true],"woocommerce_gallery_thumbnail":["https:\/\/www.notermite.net\/wp-content\/uploads\/2025\/06\/TermiteTreatement1L-100x100.jpg",100,100,true]},"uagb_author_info":{"display_name":"admin","author_link":"https:\/\/www.notermite.net\/hu\/author\/"},"uagb_comment_info":136,"uagb_excerpt":"Eliminates and prevents termite infestations with a single powerful solution. Our termite treatment is specially formulated to both prevent future infestations and eradicate existing termite colonies. It acts quickly on contact and continues working over time, creating a protective barrier that stops termites from damaging wood, structures, and foundations. The most effective termite control formula&hellip;","_links":{"self":[{"href":"https:\/\/www.notermite.net\/hu\/wp-json\/wp\/v2\/product\/23156","targetHints":{"allow":["GET"]}}],"collection":[{"href":"https:\/\/www.notermite.net\/hu\/wp-json\/wp\/v2\/product"}],"about":[{"href":"https:\/\/www.notermite.net\/hu\/wp-json\/wp\/v2\/types\/product"}],"replies":[{"embeddable":true,"href":"https:\/\/www.notermite.net\/hu\/wp-json\/wp\/v2\/comments?post=23156"}],"version-history":[{"count":6,"href":"https:\/\/www.notermite.net\/hu\/wp-json\/wp\/v2\/product\/23156\/revisions"}],"predecessor-version":[{"id":24105,"href":"https:\/\/www.notermite.net\/hu\/wp-json\/wp\/v2\/product\/23156\/revisions\/24105"}],"wp:featuredmedia":[{"embeddable":true,"href":"https:\/\/www.notermite.net\/hu\/wp-json\/wp\/v2\/media\/23266"}],"wp:attachment":[{"href":"https:\/\/www.notermite.net\/hu\/wp-json\/wp\/v2\/media?parent=23156"}],"wp:term":[{"taxonomy":"product_brand","embeddable":true,"href":"https:\/\/www.notermite.net\/hu\/wp-json\/wp\/v2\/product_brand?post=23156"},{"taxonomy":"product_cat","embeddable":true,"href":"https:\/\/www.notermite.net\/hu\/wp-json\/wp\/v2\/product_cat?post=23156"},{"taxonomy":"product_tag","embeddable":true,"href":"https:\/\/www.notermite.net\/hu\/wp-json\/wp\/v2\/product_tag?post=23156"}],"curies":[{"name":"wp","href":"https:\/\/api.w.org\/{rel}","templated":true}]}}