{"id":23156,"date":"2025-06-03T17:28:24","date_gmt":"2025-06-03T15:28:24","guid":{"rendered":"https:\/\/www.notermite.net\/products\/termite-treatment\/"},"modified":"2026-03-01T17:38:42","modified_gmt":"2026-03-01T16:38:42","slug":"termite-treatment","status":"publish","type":"product","link":"https:\/\/www.notermite.net\/lv\/products\/termite-treatment\/","title":{"rendered":"Term\u012btu apstr\u0101de"},"content":{"rendered":"<p><strong><img decoding=\"async\" style=\"margin-right: 12px;\" src=\"https:\/\/www.notermite.net\/wp-content\/uploads\/2026\/02\/Check.svg\" alt=\"\" width=\"18\" height=\"15\" \/>Nov\u0113r\u0161 termitus un nov\u0113r\u0161 to inv\u0101ziju ar vienu sp\u0113c\u012bgu \u0161\u0137\u012bdumu.<\/strong> M\u016bsu term\u012btu apstr\u0101de ir \u012bpa\u0161i izstr\u0101d\u0101ta, lai nov\u0113rstu turpm\u0101ku invad\u0113\u0161anos un izn\u012bcin\u0101tu eso\u0161\u0101s term\u012btu kolonijas. Tas iedarbojas \u0101tri p\u0113c saskares un turpina darboties laika gait\u0101, radot aizsargbarjeru, kas ne\u013cauj term\u012btiem boj\u0101t koksni, konstrukcijas un pamatus.<\/p>\n<p><strong><img decoding=\"async\" style=\"margin-right: 12px;\" src=\"https:\/\/www.notermite.net\/wp-content\/uploads\/2026\/02\/Check.svg\" alt=\"\" width=\"18\" height=\"15\" \/>Visefekt\u012bv\u0101k\u0101 tirg\u016b pieejam\u0101 termitu apkaro\u0161anas formula.<\/strong> Pateicoties augstas efektivit\u0101tes akt\u012bvaj\u0101m sast\u0101vda\u013c\u0101m, \u0161is l\u012bdzeklis dzi\u013ci ies\u016bcas koksn\u0113 un augsn\u0113, apkarojot term\u012btus to ra\u0161an\u0101s viet\u0101. Tas ne tikai izn\u012bcina redzamos term\u012btus, bet ar\u012b izplat\u0101s kolonijas iek\u0161ien\u0113, nodro\u0161inot piln\u012bgu izn\u012bcin\u0101\u0161anu.<\/p>\n<p><strong><img decoding=\"async\" style=\"margin-right: 12px;\" src=\"https:\/\/www.notermite.net\/wp-content\/uploads\/2026\/02\/Check.svg\" alt=\"\" width=\"18\" height=\"15\" \/>Pieejam\u0101 l\u0113t\u0101k\u0101 profesion\u0101l\u0101 term\u012btu apkaro\u0161ana.<\/strong> M\u0113s pied\u0101v\u0101jam viskonkur\u0113tsp\u0113j\u012bg\u0101ko cenu, neapdraudot iztur\u012bbu vai uzticam\u012bbu. J\u016bs sa\u0146emat profesion\u0101la l\u012bme\u0146a kait\u0113k\u013cu apkaro\u0161anas rezult\u0101tus par da\u013cu no izmaks\u0101m, kas saist\u012btas ar specializ\u0113tu deratiz\u0101cijas dienestu nol\u012bg\u0161anu.<\/p>\n<p><strong><img decoding=\"async\" style=\"margin-right: 12px;\" src=\"https:\/\/www.notermite.net\/wp-content\/uploads\/2026\/02\/Check.svg\" alt=\"\" width=\"18\" height=\"15\" \/>24 stundu pieg\u0101de steidzamu inv\u0101ziju gad\u012bjum\u0101.<\/strong> M\u0113s garant\u0113jam pieg\u0101di 24 stundu laik\u0101, lai j\u016bs var\u0113tu nekav\u0113joties rea\u0123\u0113t uz termitiem. \u0100tra r\u012bc\u012bba ir b\u016btiska, lai ierobe\u017eotu konstrukciju boj\u0101jumus, un m\u016bsu \u0101tr\u0101 pieg\u0101de nodro\u0161ina, ka j\u016bs varat nekav\u0113joties s\u0101kt apstr\u0101di.<\/p>\n<p><strong><img decoding=\"async\" style=\"margin-right: 12px;\" src=\"https:\/\/www.notermite.net\/wp-content\/uploads\/2026\/02\/Check.svg\" alt=\"\" width=\"18\" height=\"15\" \/>Naudas atmaksas garantija piln\u012bgam sirdsmieram.<\/strong> M\u0113s pied\u0101v\u0101jam pilnu naudas atmaksas garantiju. Ja neesat piln\u012bb\u0101 apmierin\u0101ts ar m\u016bsu term\u012btu apstr\u0101des rezult\u0101tiem, m\u0113s atmaks\u0101sim naudu par pirkumu. J\u016bsu ieguld\u012bjums ir piln\u012bgi bez riska.<\/p>\n<p><strong><img decoding=\"async\" style=\"margin-right: 12px;\" src=\"https:\/\/www.notermite.net\/wp-content\/uploads\/2026\/02\/Check.svg\" alt=\"\" width=\"18\" height=\"15\" \/>Div\u0113j\u0101da iedarb\u012bbas formula profilaksei un izskau\u0161anai.<\/strong> Neatkar\u012bgi no t\u0101, vai aizsarg\u0101jat jaunu b\u016bvniec\u012bbas projektu vai likvid\u0113jat akt\u012bvu inv\u0101ziju, \u0161is produkts piel\u0101gojas j\u016bsu vajadz\u012bb\u0101m ar \u012bpa\u0161\u0101m at\u0161\u0137aid\u012bjuma proporcij\u0101m profilaktiskai vai \u0101rstnieciskai apstr\u0101dei.<\/p>\n<p><strong><img decoding=\"async\" style=\"margin-right: 12px;\" src=\"https:\/\/www.notermite.net\/wp-content\/uploads\/2026\/02\/Check.svg\" alt=\"\" width=\"18\" height=\"15\" \/>Ilgnotur\u012bga aizsargbarjera augsn\u0113 un koksn\u0113.<\/strong> P\u0113c uzkl\u0101\u0161anas apstr\u0101d\u0101jums veido notur\u012bgu \u0137\u012bmisku barjeru zem\u0113 un koka konstrukciju iek\u0161pus\u0113, ne\u013caujot term\u012btiem iek\u013c\u016bt vai atgriezties.<\/p>\n<p><strong><img decoding=\"async\" style=\"margin-right: 12px;\" src=\"https:\/\/www.notermite.net\/wp-content\/uploads\/2026\/02\/Check.svg\" alt=\"\" width=\"18\" height=\"15\" \/>Elast\u012bgas lieto\u0161anas metodes jebkurai situ\u0101cijai.<\/strong> Produkts ir piem\u0113rots tran\u0161eju apstr\u0101dei, bag\u0101t\u012bgai laist\u012b\u0161anai, izsmidzin\u0101\u0161anai un ievad\u012b\u0161anai urbumos, to var lietot uz dabisk\u0101s augsnes, betona pl\u0101tn\u0113m, koka karkasiem, sit\u0101m zemes gr\u012bd\u0101m un pamatiem.<\/p>\n<p><strong><img decoding=\"async\" style=\"margin-right: 12px;\" src=\"https:\/\/www.notermite.net\/wp-content\/uploads\/2026\/02\/Check.svg\" alt=\"\" width=\"18\" height=\"15\" \/>Liels p\u0101rkl\u0101jums ar prec\u012bzu doz\u0113\u0161anas kontroli.<\/strong> Ar skaidri noteiktiem at\u0161\u0137aid\u012bjuma koeficientiem un apstr\u0101d\u0101t\u0101s virsmas vadl\u012bnij\u0101m varat prec\u012bzi apr\u0113\u0137in\u0101t tran\u0161ej\u0101m, laist\u012b\u0161anai vai injekcijas l\u012bnij\u0101m nepiecie\u0161amo daudzumu, nodro\u0161inot optim\u0101lu efektivit\u0101ti un izmaksu kontroli.<\/p>\n<p><strong><img decoding=\"async\" style=\"margin-right: 12px;\" src=\"https:\/\/www.notermite.net\/wp-content\/uploads\/2026\/02\/Check.svg\" alt=\"\" width=\"18\" height=\"15\" \/>Aizsarg\u0101 \u0113ku konstrukcijas integrit\u0101ti.<\/strong> Izn\u012bd\u0113jot term\u012btus un nov\u0113r\u0161ot atk\u0101rtotu invad\u0113\u0161anos, \u0161\u012b apstr\u0101de aizsarg\u0101 koksni, karkasus, pamatus un neso\u0161\u0101s konstrukcijas, pal\u012bdzot pagarin\u0101t j\u016bsu \u012bpa\u0161uma kalpo\u0161anas laiku.<\/p>\n<h2><strong>Instrukcijas<\/strong><\/h2>\n<ul>\n<li>Profilaktiskai lieto\u0161anai at\u0161\u0137aidiet 1 litru koncentr\u0113ta \u0161\u0137\u012bduma 49 litros \u016bdens, lai ieg\u016btu 50 litrus lieto\u0161anai gatavas apstr\u0101des.<\/li>\n<li>Ar \u0161o profilaktisko at\u0161\u0137aid\u012bjumu var aizpild\u012bt 20 metrus garu line\u0101ru tran\u0161eju vai bag\u0101t\u012bgi aplaist\u012bt 10 kvadr\u0101tmetrus.<\/li>\n<li>Lai izn\u012bcin\u0101tu eso\u0161os term\u012btus, at\u0161\u0137aidiet 1 litru koncentr\u0113ta \u0161\u0137\u012bduma 9 litros \u016bdens, lai ieg\u016btu 10 litrus lieto\u0161anai gatava prepar\u0101ta.<\/li>\n<li>Ar \u0161o \u0101rstniecisko at\u0161\u0137aid\u012bjumu var aizpild\u012bt 4 metrus garu line\u0101ru tran\u0161eju vai bag\u0101t\u012bgi aplaist\u012bt 2 kvadr\u0101tmetrus.<\/li>\n<li>Izsmidzinot uz virsm\u0101m vai tie\u0161i uz term\u012btiem, uzkl\u0101jiet koncentr\u0113tu \u0161\u0137\u012bdumu t\u012br\u0101 veid\u0101, ar vienu litru p\u0101rkl\u0101jot l\u012bdz 20 kvadr\u0101tmetriem.<\/li>\n<li>Pirms b\u016bvniec\u012bbas apstr\u0101des ar lejkannu izklied\u0113jiet 4 l\u012bdz 5 litrus at\u0161\u0137aid\u012bta \u0161\u0137\u012bduma pa visu topo\u0161\u0101s \u0113kas laukuma virsmu, ieskaitot pamatus un tran\u0161ejas.<\/li>\n<li>Koka un karkasa apstr\u0101dei p\u0113c b\u016bvniec\u012bbas at\u0161\u0137aid\u012btu \u0161\u0137\u012bdumu vai t\u012bru \u0161\u0137\u012bdumu izsmidziniet pa visu virsmu un tie\u0161i uz term\u012btiem. Term\u012bti pa\u0161i izklied\u0113s l\u012bdzekli sav\u0101 starp\u0101, nodro\u0161inot to \u012bpat\u0146u izn\u012bcin\u0101\u0161anu, kas nav tie\u0161i izsmidzin\u0101ti, un nov\u0113r\u0161ot nevajadz\u012bgu v\u0101jin\u0101tas koksnes perfor\u0101ciju.<\/li>\n<li>Lai apstr\u0101d\u0101tu zemi dab\u012bg\u0101s virsm\u0101s \u0101rpus telp\u0101m, ap m\u0101ju pie sienu pamatnes izrakt 40 x 40 cm lielu tran\u0161eju un piepild\u012bt to ar at\u0161\u0137aid\u012btu \u0161\u0137\u012bdumu.<\/li>\n<li>Uz \u0101ra m\u0101ksl\u012bgaj\u0101m virsm\u0101m ik p\u0113c 15-20 cm izurbt vertik\u0101lus caurumus, lai izveidotu ievad\u012b\u0161anas l\u012bniju, un katr\u0101 caurum\u0101 ievad\u012bt 1 litru at\u0161\u0137aid\u012bta \u0161\u0137\u012bduma.<\/li>\n<li>Iek\u0161\u0113j\u0101m m\u0101ksl\u012bgaj\u0101m virsm\u0101m ik p\u0113c 15 l\u012bdz 20 cm izurbt vertik\u0101lus caurumus, lai izveidotu ievad\u012b\u0161anas l\u012bniju, un katr\u0101 caurum\u0101 ievad\u012bt 1 litru at\u0161\u0137aid\u012bta \u0161\u0137\u012bduma.<\/li>\n<li>Gr\u012bd\u0101m, kas ir nokl\u0101tas ar zemi, ar lejkannu vienm\u0113r\u012bgi izklied\u0113jiet 4-5 litrus at\u0161\u0137aid\u012bta \u0161\u0137\u012bduma pa visu virsmu.<\/li>\n<\/ul>","protected":false},"excerpt":{"rendered":"<p>Eliminates and prevents termite infestations with a single powerful solution. Our termite treatment is specially formulated to both prevent future infestations and eradicate existing termite colonies. It acts quickly on contact and continues working over time, creating a protective barrier that stops termites from damaging wood, structures, and foundations. The most effective termite control formula [&hellip;]<\/p>\n","protected":false},"featured_media":23266,"comment_status":"open","ping_status":"closed","template":"","meta":{"_uag_custom_page_level_css":"","site-sidebar-layout":"default","site-content-layout":"","ast-site-content-layout":"default","site-content-style":"default","site-sidebar-style":"default","ast-global-header-display":"","ast-banner-title-visibility":"","ast-main-header-display":"","ast-hfb-above-header-display":"","ast-hfb-below-header-display":"","ast-hfb-mobile-header-display":"","site-post-title":"","ast-breadcrumbs-content":"","ast-featured-img":"","footer-sml-layout":"","ast-disable-related-posts":"","theme-transparent-header-meta":"default","adv-header-id-meta":"","stick-header-meta":"","header-above-stick-meta":"","header-main-stick-meta":"","header-below-stick-meta":"","astra-migrate-meta-layouts":"set","ast-page-background-enabled":"default","ast-page-background-meta":{"desktop":{"background-color":"var(--ast-global-color-4)","background-image":"","background-repeat":"repeat","background-position":"center center","background-size":"auto","background-attachment":"scroll","background-type":"","background-media":"","overlay-type":"","overlay-color":"","overlay-opacity":"","overlay-gradient":""},"tablet":{"background-color":"","background-image":"","background-repeat":"repeat","background-position":"center center","background-size":"auto","background-attachment":"scroll","background-type":"","background-media":"","overlay-type":"","overlay-color":"","overlay-opacity":"","overlay-gradient":""},"mobile":{"background-color":"","background-image":"","background-repeat":"repeat","background-position":"center center","background-size":"auto","background-attachment":"scroll","background-type":"","background-media":"","overlay-type":"","overlay-color":"","overlay-opacity":"","overlay-gradient":""}},"ast-content-background-meta":{"desktop":{"background-color":"var(--ast-global-color-5)","background-image":"","background-repeat":"repeat","background-position":"center center","background-size":"auto","background-attachment":"scroll","background-type":"","background-media":"","overlay-type":"","overlay-color":"","overlay-opacity":"","overlay-gradient":""},"tablet":{"background-color":"var(--ast-global-color-5)","background-image":"","background-repeat":"repeat","background-position":"center center","background-size":"auto","background-attachment":"scroll","background-type":"","background-media":"","overlay-type":"","overlay-color":"","overlay-opacity":"","overlay-gradient":""},"mobile":{"background-color":"var(--ast-global-color-5)","background-image":"","background-repeat":"repeat","background-position":"center center","background-size":"auto","background-attachment":"scroll","background-type":"","background-media":"","overlay-type":"","overlay-color":"","overlay-opacity":"","overlay-gradient":""}}},"product_brand":[],"product_cat":[15],"product_tag":[],"class_list":{"0":"post-23156","1":"product","2":"type-product","3":"status-publish","4":"has-post-thumbnail","6":"product_cat-shop","7":"desktop-align-left","8":"tablet-align-left","9":"mobile-align-left","11":"first","12":"instock","13":"sale","14":"taxable","15":"shipping-taxable","16":"purchasable","17":"product-type-variable","18":"has-default-attributes"},"spectra_custom_meta":{"_visibility":["visible"],"_shopify_product_id":["3769888473181"],"_s2w_shopify_domain":["notermite.myshopify.com"],"_shopify_variant_id":["29161271984221"],"_manage_stock":["no"],"total_sales":["340"],"_tax_status":["taxable"],"_tax_class":[""],"_backorders":["no"],"_sold_individually":["no"],"_virtual":["no"],"_downloadable":["no"],"_download_limit":["-1"],"_download_expiry":["-1"],"_stock":[null],"_stock_status":["instock"],"_wc_average_rating":["4.79"],"_wc_review_count":["136"],"_product_attributes":["a:1:{s:6:\"volume\";a:6:{s:4:\"name\";s:6:\"Volume\";s:5:\"value\";s:30:\"1 liter | 5 liters | 25 liters\";s:8:\"position\";i:1;s:10:\"is_visible\";i:0;s:12:\"is_variation\";i:1;s:11:\"is_taxonomy\";i:0;}}"],"_product_version":["10.5.2"],"_thumbnail_id":["23266"],"_product_image_gallery":["23267,23269"],"_edit_lock":["1772383788:1"],"merchant-center-availability":["yes"],"merchant-center-category":["512"],"merchant-center-id":["AT"],"_edit_last":["1"],"_wp_page_template":["default"],"site-sidebar-layout":["default"],"ast-site-content-layout":["default"],"site-content-style":["default"],"site-sidebar-style":["default"],"theme-transparent-header-meta":["default"],"_default_attributes":["a:1:{s:6:\"volume\";s:7:\"1 liter\";}"],"_price":["29.90","129.90","499.90"],"_wc_rating_count":["a:3:{i:3;i:5;i:4;i:19;i:5;i:112;}"],"astra-migrate-meta-layouts":["set"],"_uag_css_file_name":["uag-css-23156.css"],"_elementor_page_assets":["a:0:{}"]},"uagb_featured_image_src":{"full":["https:\/\/www.notermite.net\/wp-content\/uploads\/2025\/06\/TermiteTreatement1L.jpg",2560,2560,false],"thumbnail":["https:\/\/www.notermite.net\/wp-content\/uploads\/2025\/06\/TermiteTreatement1L-150x150.jpg",150,150,true],"medium":["https:\/\/www.notermite.net\/wp-content\/uploads\/2025\/06\/TermiteTreatement1L-300x300.jpg",300,300,true],"medium_large":["https:\/\/www.notermite.net\/wp-content\/uploads\/2025\/06\/TermiteTreatement1L-768x768.jpg",768,768,true],"large":["https:\/\/www.notermite.net\/wp-content\/uploads\/2025\/06\/TermiteTreatement1L-1024x1024.jpg",1024,1024,true],"1536x1536":["https:\/\/www.notermite.net\/wp-content\/uploads\/2025\/06\/TermiteTreatement1L-1536x1536.jpg",1536,1536,true],"2048x2048":["https:\/\/www.notermite.net\/wp-content\/uploads\/2025\/06\/TermiteTreatement1L-2048x2048.jpg",2048,2048,true],"trp-custom-language-flag":["https:\/\/www.notermite.net\/wp-content\/uploads\/2025\/06\/TermiteTreatement1L-12x12.jpg",12,12,true],"woocommerce_thumbnail":["https:\/\/www.notermite.net\/wp-content\/uploads\/2025\/06\/TermiteTreatement1L-300x300.jpg",300,300,true],"woocommerce_single":["https:\/\/www.notermite.net\/wp-content\/uploads\/2025\/06\/TermiteTreatement1L-600x600.jpg",600,600,true],"woocommerce_gallery_thumbnail":["https:\/\/www.notermite.net\/wp-content\/uploads\/2025\/06\/TermiteTreatement1L-100x100.jpg",100,100,true]},"uagb_author_info":{"display_name":"admin","author_link":"https:\/\/www.notermite.net\/lv\/author\/"},"uagb_comment_info":136,"uagb_excerpt":"Eliminates and prevents termite infestations with a single powerful solution. Our termite treatment is specially formulated to both prevent future infestations and eradicate existing termite colonies. It acts quickly on contact and continues working over time, creating a protective barrier that stops termites from damaging wood, structures, and foundations. The most effective termite control formula&hellip;","_links":{"self":[{"href":"https:\/\/www.notermite.net\/lv\/wp-json\/wp\/v2\/product\/23156","targetHints":{"allow":["GET"]}}],"collection":[{"href":"https:\/\/www.notermite.net\/lv\/wp-json\/wp\/v2\/product"}],"about":[{"href":"https:\/\/www.notermite.net\/lv\/wp-json\/wp\/v2\/types\/product"}],"replies":[{"embeddable":true,"href":"https:\/\/www.notermite.net\/lv\/wp-json\/wp\/v2\/comments?post=23156"}],"version-history":[{"count":6,"href":"https:\/\/www.notermite.net\/lv\/wp-json\/wp\/v2\/product\/23156\/revisions"}],"predecessor-version":[{"id":24105,"href":"https:\/\/www.notermite.net\/lv\/wp-json\/wp\/v2\/product\/23156\/revisions\/24105"}],"wp:featuredmedia":[{"embeddable":true,"href":"https:\/\/www.notermite.net\/lv\/wp-json\/wp\/v2\/media\/23266"}],"wp:attachment":[{"href":"https:\/\/www.notermite.net\/lv\/wp-json\/wp\/v2\/media?parent=23156"}],"wp:term":[{"taxonomy":"product_brand","embeddable":true,"href":"https:\/\/www.notermite.net\/lv\/wp-json\/wp\/v2\/product_brand?post=23156"},{"taxonomy":"product_cat","embeddable":true,"href":"https:\/\/www.notermite.net\/lv\/wp-json\/wp\/v2\/product_cat?post=23156"},{"taxonomy":"product_tag","embeddable":true,"href":"https:\/\/www.notermite.net\/lv\/wp-json\/wp\/v2\/product_tag?post=23156"}],"curies":[{"name":"wp","href":"https:\/\/api.w.org\/{rel}","templated":true}]}}