{"id":23156,"date":"2025-06-03T17:28:24","date_gmt":"2025-06-03T15:28:24","guid":{"rendered":"https:\/\/www.notermite.net\/products\/termite-treatment\/"},"modified":"2026-03-01T17:38:42","modified_gmt":"2026-03-01T16:38:42","slug":"termite-treatment","status":"publish","type":"product","link":"https:\/\/www.notermite.net\/pl\/products\/termite-treatment\/","title":{"rendered":"Leczenie termit\u00f3w"},"content":{"rendered":"<p><strong><img decoding=\"async\" style=\"margin-right: 12px;\" src=\"https:\/\/www.notermite.net\/wp-content\/uploads\/2026\/02\/Check.svg\" alt=\"\" width=\"18\" height=\"15\" \/>Eliminuje i zapobiega inwazjom termit\u00f3w za pomoc\u0105 jednego skutecznego rozwi\u0105zania.<\/strong> Nasz \u015brodek na termity zosta\u0142 specjalnie opracowany, aby zapobiega\u0107 przysz\u0142ym inwazjom i eliminowa\u0107 istniej\u0105ce kolonie termit\u00f3w. Dzia\u0142a szybko w kontakcie i kontynuuje dzia\u0142anie przez d\u0142ugi czas, tworz\u0105c barier\u0119 ochronn\u0105, kt\u00f3ra powstrzymuje termity przed niszczeniem drewna, konstrukcji i fundament\u00f3w.<\/p>\n<p><strong><img decoding=\"async\" style=\"margin-right: 12px;\" src=\"https:\/\/www.notermite.net\/wp-content\/uploads\/2026\/02\/Check.svg\" alt=\"\" width=\"18\" height=\"15\" \/>Najskuteczniejsza formu\u0142a zwalczania termit\u00f3w na rynku.<\/strong> Dzi\u0119ki wysokowydajnym sk\u0142adnikom aktywnym preparat ten wnika g\u0142\u0119boko w drewno i gleb\u0119, atakuj\u0105c termity u \u017ar\u00f3d\u0142a. Nie tylko zabija widoczne termity, ale tak\u017ce rozprzestrzenia si\u0119 w kolonii poprzez kontakt, zapewniaj\u0105c ca\u0142kowit\u0105 eliminacj\u0119.<\/p>\n<p><strong><img decoding=\"async\" style=\"margin-right: 12px;\" src=\"https:\/\/www.notermite.net\/wp-content\/uploads\/2026\/02\/Check.svg\" alt=\"\" width=\"18\" height=\"15\" \/>Najta\u0144szy dost\u0119pny profesjonalny \u015brodek na termity.<\/strong> Oferujemy najbardziej konkurencyjne ceny bez uszczerbku dla wytrzyma\u0142o\u015bci i niezawodno\u015bci. Uzyskasz profesjonalne wyniki zwalczania szkodnik\u00f3w za u\u0142amek koszt\u00f3w wynajmu specjalistycznych us\u0142ug eksterminacyjnych.<\/p>\n<p><strong><img decoding=\"async\" style=\"margin-right: 12px;\" src=\"https:\/\/www.notermite.net\/wp-content\/uploads\/2026\/02\/Check.svg\" alt=\"\" width=\"18\" height=\"15\" \/>24-godzinna dostawa w przypadku pilnych infestacji.<\/strong> Gwarantujemy 24-godzinn\u0105 dostaw\u0119, aby\u015b m\u00f3g\u0142 natychmiast zareagowa\u0107 na aktywno\u015b\u0107 termit\u00f3w. Szybkie dzia\u0142anie ma zasadnicze znaczenie dla ograniczenia uszkodze\u0144 strukturalnych, a nasza szybka wysy\u0142ka umo\u017cliwia bezzw\u0142oczne rozpocz\u0119cie leczenia.<\/p>\n<p><strong><img decoding=\"async\" style=\"margin-right: 12px;\" src=\"https:\/\/www.notermite.net\/wp-content\/uploads\/2026\/02\/Check.svg\" alt=\"\" width=\"18\" height=\"15\" \/>Gwarancja zwrotu pieni\u0119dzy dla ca\u0142kowitego spokoju ducha.<\/strong> Oferujemy pe\u0142n\u0105 gwarancj\u0119 zwrotu pieni\u0119dzy. Je\u015bli nie b\u0119dziesz w pe\u0142ni usatysfakcjonowany skuteczno\u015bci\u0105 naszego leczenia termit\u00f3w, zwr\u00f3cimy Ci pieni\u0105dze za zakup. Twoja inwestycja jest ca\u0142kowicie wolna od ryzyka.<\/p>\n<p><strong><img decoding=\"async\" style=\"margin-right: 12px;\" src=\"https:\/\/www.notermite.net\/wp-content\/uploads\/2026\/02\/Check.svg\" alt=\"\" width=\"18\" height=\"15\" \/>Formu\u0142a o podw\u00f3jnym dzia\u0142aniu do zapobiegania i zwalczania.<\/strong> Niezale\u017cnie od tego, czy chronisz nowy projekt budowlany, czy eliminujesz aktywn\u0105 infestacj\u0119, produkt ten dostosowuje si\u0119 do Twoich potrzeb dzi\u0119ki okre\u015blonym proporcjom rozcie\u0144czenia do leczenia zapobiegawczego lub leczniczego.<\/p>\n<p><strong><img decoding=\"async\" style=\"margin-right: 12px;\" src=\"https:\/\/www.notermite.net\/wp-content\/uploads\/2026\/02\/Check.svg\" alt=\"\" width=\"18\" height=\"15\" \/>D\u0142ugotrwa\u0142a bariera ochronna w glebie i drewnie.<\/strong> Po zastosowaniu preparat tworzy trwa\u0142\u0105 barier\u0119 chemiczn\u0105 w ziemi i wewn\u0105trz drewnianych konstrukcji, zapobiegaj\u0105c przedostawaniu si\u0119 lub powracaniu termit\u00f3w.<\/p>\n<p><strong><img decoding=\"async\" style=\"margin-right: 12px;\" src=\"https:\/\/www.notermite.net\/wp-content\/uploads\/2026\/02\/Check.svg\" alt=\"\" width=\"18\" height=\"15\" \/>Elastyczne metody aplikacji dla ka\u017cdej sytuacji.<\/strong> Nadaje si\u0119 do oczyszczania wykop\u00f3w, obfitego podlewania, rozpylania i wstrzykiwania do wywierconych otwor\u00f3w, produkt mo\u017ce by\u0107 stosowany na naturalnej glebie, p\u0142ytach betonowych, drewnianych ramach, pod\u0142ogach z ubitej ziemi i fundamentach.<\/p>\n<p><strong><img decoding=\"async\" style=\"margin-right: 12px;\" src=\"https:\/\/www.notermite.net\/wp-content\/uploads\/2026\/02\/Check.svg\" alt=\"\" width=\"18\" height=\"15\" \/>Wysokie pokrycie z precyzyjn\u0105 kontrol\u0105 dozowania.<\/strong> Dzi\u0119ki jasno okre\u015blonym proporcjom rozcie\u0144czania i wytycznym dotycz\u0105cym obrabianej powierzchni mo\u017cna dok\u0142adnie obliczy\u0107 ilo\u015b\u0107 potrzebn\u0105 do wykop\u00f3w, nawadniania lub linii wtryskowych, zapewniaj\u0105c optymaln\u0105 wydajno\u015b\u0107 i kontrol\u0119 koszt\u00f3w.<\/p>\n<p><strong><img decoding=\"async\" style=\"margin-right: 12px;\" src=\"https:\/\/www.notermite.net\/wp-content\/uploads\/2026\/02\/Check.svg\" alt=\"\" width=\"18\" height=\"15\" \/>Chroni integralno\u015b\u0107 strukturaln\u0105 budynk\u00f3w.<\/strong> Eliminuj\u0105c termity i zapobiegaj\u0105c ponownej inwazji, zabieg ten chroni drewno, ramy, fundamenty i konstrukcje no\u015bne, pomagaj\u0105c przed\u0142u\u017cy\u0107 \u017cywotno\u015b\u0107 nieruchomo\u015bci.<\/p>\n<h2><strong>Instrukcje<\/strong><\/h2>\n<ul>\n<li>W przypadku stosowania zapobiegawczego rozcie\u0144czy\u0107 1 litr st\u0119\u017conego roztworu w 49 litrach wody, aby uzyska\u0107 50 litr\u00f3w gotowego do u\u017cycia \u015brodka.<\/li>\n<li>Dzi\u0119ki takiemu rozcie\u0144czeniu zapobiegawczemu mo\u017cna wype\u0142ni\u0107 20-metrowy wykop liniowy lub obficie podla\u0107 10 metr\u00f3w kwadratowych.<\/li>\n<li>Aby zwalczy\u0107 istniej\u0105ce termity, rozcie\u0144czy\u0107 1 litr st\u0119\u017conego roztworu w 9 litrach wody, aby uzyska\u0107 10 litr\u00f3w gotowego do u\u017cycia preparatu.<\/li>\n<li>Dzi\u0119ki temu rozcie\u0144czeniu mo\u017cna wype\u0142ni\u0107 4-metrowy wykop liniowy lub obficie podla\u0107 2 metry kwadratowe.<\/li>\n<li>W przypadku aplikacji natryskowej na powierzchnie lub bezpo\u015brednio na termity, stosowa\u0107 st\u0119\u017cony roztw\u00f3r w czystej postaci, pokrywaj\u0105c do 20 metr\u00f3w kwadratowych na litr.<\/li>\n<li>W przypadku zabieg\u00f3w poprzedzaj\u0105cych budow\u0119 nale\u017cy rozprowadzi\u0107 4 do 5 litr\u00f3w rozcie\u0144czonego roztworu za pomoc\u0105 konewki na ca\u0142ej powierzchni przysz\u0142ego obszaru budowy, w tym na fundamentach i wykopach.<\/li>\n<li>W przypadku impregnacji drewna i ram po zako\u0144czeniu budowy nale\u017cy rozpyli\u0107 rozcie\u0144czony roztw\u00f3r lub czysty roztw\u00f3r na ca\u0142ej powierzchni i bezpo\u015brednio na termity. Termity rozprzestrzeni\u0105 produkt mi\u0119dzy sob\u0105, zapewniaj\u0105c eliminacj\u0119 osobnik\u00f3w, kt\u00f3re nie zosta\u0142y bezpo\u015brednio spryskane i unikaj\u0105c niepotrzebnej perforacji os\u0142abionego drewna.<\/li>\n<li>W przypadku stosowania preparatu na zewn\u0105trz na naturalnych powierzchniach nale\u017cy wykopa\u0107 r\u00f3w o wymiarach 40 x 40 cm wok\u00f3\u0142 domu u podstawy \u015bcian i wype\u0142ni\u0107 go rozcie\u0144czonym roztworem.<\/li>\n<li>W przypadku zewn\u0119trznych powierzchni sztucznych nale\u017cy wywierci\u0107 pionowe otwory co 15 do 20 centymetr\u00f3w, aby utworzy\u0107 lini\u0119 wtryskow\u0105 i wstrzykn\u0105\u0107 1 litr rozcie\u0144czonego roztworu na otw\u00f3r.<\/li>\n<li>W przypadku wewn\u0119trznych powierzchni wykonanych przez cz\u0142owieka nale\u017cy wywierci\u0107 pionowe otwory co 15 do 20 centymetr\u00f3w, aby utworzy\u0107 lini\u0119 wtryskow\u0105 i wstrzykn\u0105\u0107 1 litr rozcie\u0144czonego roztworu na otw\u00f3r.<\/li>\n<li>W przypadku pod\u0142\u00f3g z ubitej ziemi u\u017cyj konewki, aby r\u00f3wnomiernie rozprowadzi\u0107 od 4 do 5 litr\u00f3w rozcie\u0144czonego roztworu na ca\u0142ej powierzchni.<\/li>\n<\/ul>","protected":false},"excerpt":{"rendered":"<p>Eliminates and prevents termite infestations with a single powerful solution. Our termite treatment is specially formulated to both prevent future infestations and eradicate existing termite colonies. It acts quickly on contact and continues working over time, creating a protective barrier that stops termites from damaging wood, structures, and foundations. The most effective termite control formula [&hellip;]<\/p>\n","protected":false},"featured_media":23266,"comment_status":"open","ping_status":"closed","template":"","meta":{"_uag_custom_page_level_css":"","site-sidebar-layout":"default","site-content-layout":"","ast-site-content-layout":"default","site-content-style":"default","site-sidebar-style":"default","ast-global-header-display":"","ast-banner-title-visibility":"","ast-main-header-display":"","ast-hfb-above-header-display":"","ast-hfb-below-header-display":"","ast-hfb-mobile-header-display":"","site-post-title":"","ast-breadcrumbs-content":"","ast-featured-img":"","footer-sml-layout":"","ast-disable-related-posts":"","theme-transparent-header-meta":"default","adv-header-id-meta":"","stick-header-meta":"","header-above-stick-meta":"","header-main-stick-meta":"","header-below-stick-meta":"","astra-migrate-meta-layouts":"set","ast-page-background-enabled":"default","ast-page-background-meta":{"desktop":{"background-color":"var(--ast-global-color-4)","background-image":"","background-repeat":"repeat","background-position":"center center","background-size":"auto","background-attachment":"scroll","background-type":"","background-media":"","overlay-type":"","overlay-color":"","overlay-opacity":"","overlay-gradient":""},"tablet":{"background-color":"","background-image":"","background-repeat":"repeat","background-position":"center center","background-size":"auto","background-attachment":"scroll","background-type":"","background-media":"","overlay-type":"","overlay-color":"","overlay-opacity":"","overlay-gradient":""},"mobile":{"background-color":"","background-image":"","background-repeat":"repeat","background-position":"center center","background-size":"auto","background-attachment":"scroll","background-type":"","background-media":"","overlay-type":"","overlay-color":"","overlay-opacity":"","overlay-gradient":""}},"ast-content-background-meta":{"desktop":{"background-color":"var(--ast-global-color-5)","background-image":"","background-repeat":"repeat","background-position":"center center","background-size":"auto","background-attachment":"scroll","background-type":"","background-media":"","overlay-type":"","overlay-color":"","overlay-opacity":"","overlay-gradient":""},"tablet":{"background-color":"var(--ast-global-color-5)","background-image":"","background-repeat":"repeat","background-position":"center center","background-size":"auto","background-attachment":"scroll","background-type":"","background-media":"","overlay-type":"","overlay-color":"","overlay-opacity":"","overlay-gradient":""},"mobile":{"background-color":"var(--ast-global-color-5)","background-image":"","background-repeat":"repeat","background-position":"center center","background-size":"auto","background-attachment":"scroll","background-type":"","background-media":"","overlay-type":"","overlay-color":"","overlay-opacity":"","overlay-gradient":""}}},"product_brand":[],"product_cat":[15],"product_tag":[],"class_list":{"0":"post-23156","1":"product","2":"type-product","3":"status-publish","4":"has-post-thumbnail","6":"product_cat-shop","7":"desktop-align-left","8":"tablet-align-left","9":"mobile-align-left","11":"first","12":"instock","13":"sale","14":"taxable","15":"shipping-taxable","16":"purchasable","17":"product-type-variable","18":"has-default-attributes"},"spectra_custom_meta":{"_visibility":["visible"],"_shopify_product_id":["3769888473181"],"_s2w_shopify_domain":["notermite.myshopify.com"],"_shopify_variant_id":["29161271984221"],"_manage_stock":["no"],"total_sales":["336"],"_tax_status":["taxable"],"_tax_class":[""],"_backorders":["no"],"_sold_individually":["no"],"_virtual":["no"],"_downloadable":["no"],"_download_limit":["-1"],"_download_expiry":["-1"],"_stock":[null],"_stock_status":["instock"],"_wc_average_rating":["4.79"],"_wc_review_count":["136"],"_product_attributes":["a:1:{s:6:\"volume\";a:6:{s:4:\"name\";s:6:\"Volume\";s:5:\"value\";s:30:\"1 liter | 5 liters | 25 liters\";s:8:\"position\";i:1;s:10:\"is_visible\";i:0;s:12:\"is_variation\";i:1;s:11:\"is_taxonomy\";i:0;}}"],"_product_version":["10.5.2"],"_thumbnail_id":["23266"],"_product_image_gallery":["23267,23269"],"_edit_lock":["1772383788:1"],"merchant-center-availability":["yes"],"merchant-center-category":["512"],"merchant-center-id":["AT"],"_edit_last":["1"],"_wp_page_template":["default"],"site-sidebar-layout":["default"],"ast-site-content-layout":["default"],"site-content-style":["default"],"site-sidebar-style":["default"],"theme-transparent-header-meta":["default"],"_default_attributes":["a:1:{s:6:\"volume\";s:7:\"1 liter\";}"],"_price":["29.90","129.90","499.90"],"_wc_rating_count":["a:3:{i:3;i:5;i:4;i:19;i:5;i:112;}"],"astra-migrate-meta-layouts":["set"],"_uag_css_file_name":["uag-css-23156.css"],"_elementor_page_assets":["a:0:{}"],"_uag_page_assets":["a:9:{s:3:\"css\";s:7133:\".uag-blocks-common-selector{z-index:var(--z-index-desktop) !important}@media(max-width: 976px){.uag-blocks-common-selector{z-index:var(--z-index-tablet) !important}}@media(max-width: 767px){.uag-blocks-common-selector{z-index:var(--z-index-mobile) !important}}.wp-block-uagb-image{display:flex}.wp-block-uagb-image__figure{position:relative;display:flex;flex-direction:column;max-width:100%;height:auto;margin:0}.wp-block-uagb-image__figure img{height:auto;display:flex;max-width:100%;transition:box-shadow .2s ease}.wp-block-uagb-image__figure>a{display:inline-block}.wp-block-uagb-image__figure figcaption{text-align:center;margin-top:.5em;margin-bottom:1em}.wp-block-uagb-image .components-placeholder.block-editor-media-placeholder .components-placeholder__instructions{align-self:center}.wp-block-uagb-image--align-left{text-align:left}.wp-block-uagb-image--align-right{text-align:right}.wp-block-uagb-image--align-center{text-align:center}.wp-block-uagb-image--align-full .wp-block-uagb-image__figure{margin-left:calc(50% - 50vw);margin-right:calc(50% - 50vw);max-width:100vw;width:100vw;height:auto}.wp-block-uagb-image--align-full .wp-block-uagb-image__figure img{height:auto;width:100% !important}.wp-block-uagb-image--align-wide .wp-block-uagb-image__figure img{height:auto;width:100%}.wp-block-uagb-image--layout-overlay__color-wrapper{position:absolute;left:0;top:0;right:0;bottom:0;opacity:.2;background:rgba(0,0,0,.5);transition:opacity .35s ease-in-out}.wp-block-uagb-image--layout-overlay-link{position:absolute;left:0;right:0;bottom:0;top:0}.wp-block-uagb-image--layout-overlay .wp-block-uagb-image__figure:hover .wp-block-uagb-image--layout-overlay__color-wrapper{opacity:1}.wp-block-uagb-image--layout-overlay__inner{position:absolute;left:15px;right:15px;bottom:15px;top:15px;display:flex;align-items:center;justify-content:center;flex-direction:column;border-color:#fff;transition:.35s ease-in-out}.wp-block-uagb-image--layout-overlay__inner.top-left,.wp-block-uagb-image--layout-overlay__inner.top-center,.wp-block-uagb-image--layout-overlay__inner.top-right{justify-content:flex-start}.wp-block-uagb-image--layout-overlay__inner.bottom-left,.wp-block-uagb-image--layout-overlay__inner.bottom-center,.wp-block-uagb-image--layout-overlay__inner.bottom-right{justify-content:flex-end}.wp-block-uagb-image--layout-overlay__inner.top-left,.wp-block-uagb-image--layout-overlay__inner.center-left,.wp-block-uagb-image--layout-overlay__inner.bottom-left{align-items:flex-start}.wp-block-uagb-image--layout-overlay__inner.top-right,.wp-block-uagb-image--layout-overlay__inner.center-right,.wp-block-uagb-image--layout-overlay__inner.bottom-right{align-items:flex-end}.wp-block-uagb-image--layout-overlay__inner .uagb-image-heading{color:#fff;transition:transform .35s,opacity .35s ease-in-out;transform:translate3d(0, 24px, 0);margin:0;line-height:1em}.wp-block-uagb-image--layout-overlay__inner .uagb-image-separator{width:30%;border-top-width:2px;border-top-color:#fff;border-top-style:solid;margin-bottom:10px;opacity:0;transition:transform .4s,opacity .4s ease-in-out;transform:translate3d(0, 30px, 0)}.wp-block-uagb-image--layout-overlay__inner .uagb-image-caption{opacity:0;overflow:visible;color:#fff;transition:transform .45s,opacity .45s ease-in-out;transform:translate3d(0, 35px, 0)}.wp-block-uagb-image--layout-overlay__inner:hover .uagb-image-heading,.wp-block-uagb-image--layout-overlay__inner:hover .uagb-image-separator,.wp-block-uagb-image--layout-overlay__inner:hover .uagb-image-caption{opacity:1;transform:translate3d(0, 0, 0)}.wp-block-uagb-image--effect-zoomin .wp-block-uagb-image__figure img,.wp-block-uagb-image--effect-zoomin .wp-block-uagb-image__figure .wp-block-uagb-image--layout-overlay__color-wrapper{transform:scale(1);transition:transform .35s ease-in-out}.wp-block-uagb-image--effect-zoomin .wp-block-uagb-image__figure:hover img,.wp-block-uagb-image--effect-zoomin .wp-block-uagb-image__figure:hover .wp-block-uagb-image--layout-overlay__color-wrapper{transform:scale(1.05)}.wp-block-uagb-image--effect-slide .wp-block-uagb-image__figure img,.wp-block-uagb-image--effect-slide .wp-block-uagb-image__figure .wp-block-uagb-image--layout-overlay__color-wrapper{width:calc(100% + 40px) !important;max-width:none !important;transform:translate3d(-40px, 0, 0);transition:transform .35s ease-in-out}.wp-block-uagb-image--effect-slide .wp-block-uagb-image__figure:hover img,.wp-block-uagb-image--effect-slide .wp-block-uagb-image__figure:hover .wp-block-uagb-image--layout-overlay__color-wrapper{transform:translate3d(0, 0, 0)}.wp-block-uagb-image--effect-grayscale img{filter:grayscale(0%);transition:.35s ease-in-out}.wp-block-uagb-image--effect-grayscale:hover img{filter:grayscale(100%)}.wp-block-uagb-image--effect-blur img{filter:blur(0);transition:.35s ease-in-out}.wp-block-uagb-image--effect-blur:hover img{filter:blur(3px)}.uagb-block-e6f939b3.wp-block-uagb-image--layout-default figure img{box-shadow: 0px 0px 0 #00000070;}.uagb-block-e6f939b3.wp-block-uagb-image .wp-block-uagb-image__figure figcaption{font-style: normal;align-self: center;}.uagb-block-e6f939b3.wp-block-uagb-image--layout-overlay figure img{box-shadow: 0px 0px 0 #00000070;}.uagb-block-e6f939b3.wp-block-uagb-image--layout-overlay .wp-block-uagb-image--layout-overlay__color-wrapper{opacity: 0.2;}.uagb-block-e6f939b3.wp-block-uagb-image--layout-overlay .wp-block-uagb-image--layout-overlay__inner{left: 15px;right: 15px;top: 15px;bottom: 15px;}.uagb-block-e6f939b3.wp-block-uagb-image--layout-overlay .wp-block-uagb-image--layout-overlay__inner .uagb-image-heading{font-style: normal;color: #fff;opacity: 1;}.uagb-block-e6f939b3.wp-block-uagb-image--layout-overlay .wp-block-uagb-image--layout-overlay__inner .uagb-image-heading a{color: #fff;}.uagb-block-e6f939b3.wp-block-uagb-image--layout-overlay .wp-block-uagb-image--layout-overlay__inner .uagb-image-caption{opacity: 0;}.uagb-block-e6f939b3.wp-block-uagb-image--layout-overlay .wp-block-uagb-image__figure:hover .wp-block-uagb-image--layout-overlay__color-wrapper{opacity: 1;}.uagb-block-e6f939b3.wp-block-uagb-image .wp-block-uagb-image--layout-overlay__inner .uagb-image-separator{width: 30%;border-top-width: 2px;border-top-color: #fff;opacity: 0;}.uagb-block-e6f939b3.wp-block-uagb-image .wp-block-uagb-image__figure img{width: px;height: auto;}.uagb-block-e6f939b3.wp-block-uagb-image .wp-block-uagb-image__figure:hover .wp-block-uagb-image--layout-overlay__inner .uagb-image-caption{opacity: 1;}.uagb-block-e6f939b3.wp-block-uagb-image .wp-block-uagb-image__figure:hover .wp-block-uagb-image--layout-overlay__inner .uagb-image-separator{opacity: 1;}.uagb-block-e6f939b3.wp-block-uagb-image--layout-default figure:hover img{box-shadow: 0px 0px 0 #00000070;}.uagb-block-e6f939b3.wp-block-uagb-image--layout-overlay figure:hover img{box-shadow: 0px 0px 0 #00000070;}@media only screen and (max-width: 976px) {.uagb-block-e6f939b3.wp-block-uagb-image .wp-block-uagb-image__figure img{width: px;height: auto;}}@media only screen and (max-width: 767px) {.uagb-block-e6f939b3.wp-block-uagb-image .wp-block-uagb-image__figure img{width: px;height: auto;}}\";s:2:\"js\";s:0:\"\";s:18:\"current_block_list\";a:13:{i:0;s:11:\"core\/search\";i:1;s:10:\"core\/group\";i:2;s:12:\"core\/heading\";i:3;s:17:\"core\/latest-posts\";i:4;s:20:\"core\/latest-comments\";i:5;s:13:\"core\/archives\";i:6;s:15:\"core\/categories\";i:7;s:14:\"core\/paragraph\";i:8;s:10:\"uagb\/image\";i:9;s:11:\"core\/spacer\";i:10;s:30:\"woocommerce\/product-categories\";i:11;s:10:\"core\/image\";i:12;s:14:\"core\/shortcode\";}s:8:\"uag_flag\";b:1;s:11:\"uag_version\";s:10:\"1777504827\";s:6:\"gfonts\";a:0:{}s:10:\"gfonts_url\";s:0:\"\";s:12:\"gfonts_files\";a:0:{}s:14:\"uag_faq_layout\";b:0;}"]},"uagb_featured_image_src":{"full":["https:\/\/www.notermite.net\/wp-content\/uploads\/2025\/06\/TermiteTreatement1L.jpg",2560,2560,false],"thumbnail":["https:\/\/www.notermite.net\/wp-content\/uploads\/2025\/06\/TermiteTreatement1L-150x150.jpg",150,150,true],"medium":["https:\/\/www.notermite.net\/wp-content\/uploads\/2025\/06\/TermiteTreatement1L-300x300.jpg",300,300,true],"medium_large":["https:\/\/www.notermite.net\/wp-content\/uploads\/2025\/06\/TermiteTreatement1L-768x768.jpg",768,768,true],"large":["https:\/\/www.notermite.net\/wp-content\/uploads\/2025\/06\/TermiteTreatement1L-1024x1024.jpg",1024,1024,true],"1536x1536":["https:\/\/www.notermite.net\/wp-content\/uploads\/2025\/06\/TermiteTreatement1L-1536x1536.jpg",1536,1536,true],"2048x2048":["https:\/\/www.notermite.net\/wp-content\/uploads\/2025\/06\/TermiteTreatement1L-2048x2048.jpg",2048,2048,true],"trp-custom-language-flag":["https:\/\/www.notermite.net\/wp-content\/uploads\/2025\/06\/TermiteTreatement1L-12x12.jpg",12,12,true],"woocommerce_thumbnail":["https:\/\/www.notermite.net\/wp-content\/uploads\/2025\/06\/TermiteTreatement1L-300x300.jpg",300,300,true],"woocommerce_single":["https:\/\/www.notermite.net\/wp-content\/uploads\/2025\/06\/TermiteTreatement1L-600x600.jpg",600,600,true],"woocommerce_gallery_thumbnail":["https:\/\/www.notermite.net\/wp-content\/uploads\/2025\/06\/TermiteTreatement1L-100x100.jpg",100,100,true]},"uagb_author_info":{"display_name":"admin","author_link":"https:\/\/www.notermite.net\/pl\/author\/"},"uagb_comment_info":136,"uagb_excerpt":"Eliminates and prevents termite infestations with a single powerful solution. Our termite treatment is specially formulated to both prevent future infestations and eradicate existing termite colonies. It acts quickly on contact and continues working over time, creating a protective barrier that stops termites from damaging wood, structures, and foundations. The most effective termite control formula&hellip;","_links":{"self":[{"href":"https:\/\/www.notermite.net\/pl\/wp-json\/wp\/v2\/product\/23156","targetHints":{"allow":["GET"]}}],"collection":[{"href":"https:\/\/www.notermite.net\/pl\/wp-json\/wp\/v2\/product"}],"about":[{"href":"https:\/\/www.notermite.net\/pl\/wp-json\/wp\/v2\/types\/product"}],"replies":[{"embeddable":true,"href":"https:\/\/www.notermite.net\/pl\/wp-json\/wp\/v2\/comments?post=23156"}],"version-history":[{"count":6,"href":"https:\/\/www.notermite.net\/pl\/wp-json\/wp\/v2\/product\/23156\/revisions"}],"predecessor-version":[{"id":24105,"href":"https:\/\/www.notermite.net\/pl\/wp-json\/wp\/v2\/product\/23156\/revisions\/24105"}],"wp:featuredmedia":[{"embeddable":true,"href":"https:\/\/www.notermite.net\/pl\/wp-json\/wp\/v2\/media\/23266"}],"wp:attachment":[{"href":"https:\/\/www.notermite.net\/pl\/wp-json\/wp\/v2\/media?parent=23156"}],"wp:term":[{"taxonomy":"product_brand","embeddable":true,"href":"https:\/\/www.notermite.net\/pl\/wp-json\/wp\/v2\/product_brand?post=23156"},{"taxonomy":"product_cat","embeddable":true,"href":"https:\/\/www.notermite.net\/pl\/wp-json\/wp\/v2\/product_cat?post=23156"},{"taxonomy":"product_tag","embeddable":true,"href":"https:\/\/www.notermite.net\/pl\/wp-json\/wp\/v2\/product_tag?post=23156"}],"curies":[{"name":"wp","href":"https:\/\/api.w.org\/{rel}","templated":true}]}}